{"id":1157,"date":"2025-01-02T11:00:22","date_gmt":"2025-01-02T11:00:22","guid":{"rendered":"https:\/\/timestreet.eu\/ueber-uns\/hinter-der-app\/"},"modified":"2025-01-02T22:04:40","modified_gmt":"2025-01-02T22:04:40","slug":"hinter-der-app","status":"publish","type":"page","link":"https:\/\/timestreet.eu\/de\/ueber-uns\/hinter-der-app\/","title":{"rendered":"Hinter der App"},"content":{"rendered":"<div class=\"wpb-content-wrapper\"><p>[vc_row][vc_column width=&#8220;1\/3&#8243;]\r\n\t\t  <div class=\"member-wrap member-1568 \" data-delay=0>\r\n\t\t\t  <div class=\"member\" >\r\n\t\t\t  \t  <div class=\"img-mb\">\t\r\n\t\t\t\t\t  <div class=\"hover-image\"><img decoding=\"async\" src=\"https:\/\/timestreet.eu\/wp-content\/uploads\/2024\/08\/Dejan-Podhraski-e1724658874150.jpeg\" title=\"Dejan Podhra\u0161ki\" alt=\"Dejan Podhra\u0161ki\"  \/><\/div>\t  \r\n\t\t\t\t  <\/div>\r\n\t\t\t\t  <div class=\"member-info\">\r\n\t\t\t\t\t\t  <h2 class=\"member-name font-2\">Dejan Podhra\u0161ki<\/h2>\r\n\t\t\t\t\t\t  <p><\/p>\r\n\t\t\t\t\t\t  <div class=\"mb-content\">Ich bin von Beruf Jurist und Wirtschaftswissenschaftler, und obwohl ich die Mehrdeutigkeit von Zahlen mag, glaube ich, dass es die Kunst und die Kultur im weitesten Sinne des Wortes sind, die die menschliche Seele n\u00e4hren. Wir von TimeStreet m\u00f6chten Ihnen die Geschichten der Vergangenheit n\u00e4her bringen und Ihnen ein Gef\u00fchl daf\u00fcr vermitteln, wie Ihre Vorfahren einst lebten.<\/div>\r\n\t\t\t\t\t\t  <div class=\"member-social\">\r\n\t\t\t\t\t\t\t  \r\n\t\t\t\t\t\t  <\/div>\r\n\t\t\t\t  <\/div>\r\n\t\t\t  <\/div>\r\n\t\t  <\/div>\r\n\t\t[\/vc_column][vc_column width=&#8220;1\/3&#8243;]\r\n\t\t  <div class=\"member-wrap member-5823 \" data-delay=0>\r\n\t\t\t  <div class=\"member\" >\r\n\t\t\t  \t  <div class=\"img-mb\">\t\r\n\t\t\t\t\t  <div class=\"hover-image\"><img decoding=\"async\" src=\"https:\/\/timestreet.eu\/wp-content\/uploads\/2024\/08\/Clarisse-Bremaud-e1724659894135.jpeg\" title=\"Clarisse Br\u00e9maud\" alt=\"Clarisse Br\u00e9maud\"  \/><\/div>\t  \r\n\t\t\t\t  <\/div>\r\n\t\t\t\t  <div class=\"member-info\">\r\n\t\t\t\t\t\t  <h2 class=\"member-name font-2\">Clarisse Br\u00e9maud<\/h2>\r\n\t\t\t\t\t\t  <p><\/p>\r\n\t\t\t\t\t\t  <div class=\"mb-content\">Hallo!\nMein Name ist Clarisse und ich interessiere mich leidenschaftlich f\u00fcr Kunst und Geschichte!\nKunst und kulturelles Erbe so vielen Menschen wie m\u00f6glich zug\u00e4nglich zu machen, ist f\u00fcr mich von grundlegender Bedeutung, und das ist etwas, das ich bei TimeStreet wiederfinde!\nIch liebe es, Kunst in all ihren Formen zu entdecken, und Paris hat ein reiches kulturelles Angebot, mit dem man sich nicht langweilen kann.   <\/div>\r\n\t\t\t\t\t\t  <div class=\"member-social\">\r\n\t\t\t\t\t\t\t  \r\n\t\t\t\t\t\t  <\/div>\r\n\t\t\t\t  <\/div>\r\n\t\t\t  <\/div>\r\n\t\t  <\/div>\r\n\t\t[\/vc_column][vc_column width=&#8220;1\/3&#8243;]\r\n\t\t  <div class=\"member-wrap member-611 \" data-delay=0>\r\n\t\t\t  <div class=\"member\" >\r\n\t\t\t  \t  <div class=\"img-mb\">\t\r\n\t\t\t\t\t  <div class=\"hover-image\"><img decoding=\"async\" src=\"https:\/\/timestreet.eu\/wp-content\/uploads\/2024\/08\/Anja-Kajic-e1724661520467.jpeg\" title=\"Anja Kaji\u010d\" alt=\"Anja Kaji\u010d\"  \/><\/div>\t  \r\n\t\t\t\t  <\/div>\r\n\t\t\t\t  <div class=\"member-info\">\r\n\t\t\t\t\t\t  <h2 class=\"member-name font-2\">Anja Kaji\u010d<\/h2>\r\n\t\t\t\t\t\t  <p><\/p>\r\n\t\t\t\t\t\t  <div class=\"mb-content\">Hallo, ich bin Anja und studiere derzeit Geschichte und Slowenisch an der Universit\u00e4t von Ljubljana. Wenn ich nicht gerade damit besch\u00e4ftigt bin, slowenische Verben zu konjugieren oder die Grammatik zu korrigieren, liebe ich es, die Geschichten der Vergangenheit in verschiedenen Kulturen und L\u00e4ndern zu erforschen und meine Leidenschaft f\u00fcr Geschichte und Kunst nahtlos miteinander zu verbinden.<\/div>\r\n\t\t\t\t\t\t  <div class=\"member-social\">\r\n\t\t\t\t\t\t\t  \r\n\t\t\t\t\t\t  <\/div>\r\n\t\t\t\t  <\/div>\r\n\t\t\t  <\/div>\r\n\t\t  <\/div>\r\n\t\t[\/vc_column][\/vc_row][vc_row][vc_column][vc_empty_space height=&#8220;8px&#8220;][\/vc_column][\/vc_row][vc_row][vc_column width=&#8220;1\/3&#8243;]\r\n\t\t  <div class=\"member-wrap member-4613 \" data-delay=0>\r\n\t\t\t  <div class=\"member\" >\r\n\t\t\t  \t  <div class=\"img-mb\">\t\r\n\t\t\t\t\t  <div class=\"hover-image\"><img decoding=\"async\" src=\"https:\/\/timestreet.eu\/wp-content\/uploads\/2024\/08\/Pavel-Lipovsek.jpeg\" title=\"Pavel Lipov\u0161ek\" alt=\"Pavel Lipov\u0161ek\"  \/><\/div>\t  \r\n\t\t\t\t  <\/div>\r\n\t\t\t\t  <div class=\"member-info\">\r\n\t\t\t\t\t\t  <h2 class=\"member-name font-2\">Pavel Lipov\u0161ek<\/h2>\r\n\t\t\t\t\t\t  <p><\/p>\r\n\t\t\t\t\t\t  <div class=\"mb-content\">Hallo, mein Name ist Pavel und ich bin von Beruf Stadtplaner.\nMeine lebenslange Faszination f\u00fcr Geographie und Geschichte hat mir ein tiefes Verst\u00e4ndnis f\u00fcr meine Heimatstadt vermittelt.\nNeben meinen beruflichen Aktivit\u00e4ten habe ich eine Leidenschaft f\u00fcr Musik und moderiere eine monatliche Stadtplanungssendung auf Radio Student.  <\/div>\r\n\t\t\t\t\t\t  <div class=\"member-social\">\r\n\t\t\t\t\t\t\t  \r\n\t\t\t\t\t\t  <\/div>\r\n\t\t\t\t  <\/div>\r\n\t\t\t  <\/div>\r\n\t\t  <\/div>\r\n\t\t[\/vc_column][vc_column width=&#8220;1\/3&#8243;]\r\n\t\t  <div class=\"member-wrap member-2193 \" data-delay=0>\r\n\t\t\t  <div class=\"member\" >\r\n\t\t\t  \t  <div class=\"img-mb\">\t\r\n\t\t\t\t\t  <div class=\"hover-image\"><img decoding=\"async\" src=\"https:\/\/timestreet.eu\/wp-content\/uploads\/2024\/08\/Lucija-Lunder-e1724661579262.jpeg\" title=\"Lucija Lunder\" alt=\"Lucija Lunder\"  \/><\/div>\t  \r\n\t\t\t\t  <\/div>\r\n\t\t\t\t  <div class=\"member-info\">\r\n\t\t\t\t\t\t  <h2 class=\"member-name font-2\">Lucija Lunder<\/h2>\r\n\t\t\t\t\t\t  <p><\/p>\r\n\t\t\t\t\t\t  <div class=\"mb-content\">Guten Tag, ich bin Lucija. Ich habe Kunstgeschichte und Philosophie studiert und mache jetzt einen Master in Kunstgeschichte und Geschichte mit dem Schwerpunkt P\u00e4dagogik. Meine Zeit in den Museen von Ljubljana und ein Semester in Prag haben meinen Blick auf Kunst und Geschichte erweitert. Ich reise gerne und erforsche kulturelle Einrichtungen.  <\/div>\r\n\t\t\t\t\t\t  <div class=\"member-social\">\r\n\t\t\t\t\t\t\t  \r\n\t\t\t\t\t\t  <\/div>\r\n\t\t\t\t  <\/div>\r\n\t\t\t  <\/div>\r\n\t\t  <\/div>\r\n\t\t[\/vc_column][vc_column width=&#8220;1\/3&#8243;]\r\n\t\t  <div class=\"member-wrap member-958 \" data-delay=0>\r\n\t\t\t  <div class=\"member\" >\r\n\t\t\t  \t  <div class=\"img-mb\">\t\r\n\t\t\t\t\t  <div class=\"hover-image\"><img decoding=\"async\" src=\"https:\/\/timestreet.eu\/wp-content\/uploads\/2024\/08\/Hanibal-e1724661618402.jpeg\" title=\"Hanibal\" alt=\"Hanibal\"  \/><\/div>\t  \r\n\t\t\t\t  <\/div>\r\n\t\t\t\t  <div class=\"member-info\">\r\n\t\t\t\t\t\t  <h2 class=\"member-name font-2\">Hanibal<\/h2>\r\n\t\t\t\t\t\t  <p><\/p>\r\n\t\t\t\t\t\t  <div class=\"mb-content\">Hallo, ich bin Hanibal, das vierbeinige Genie hinter Time Street.\nAls ehrenamtliches Teammitglied bin ich hier, um Geschichte zu erschn\u00fcffeln, einen Pfotenabdruck nach dem anderen.\nBegleiten Sie mich auf dieser schwanzwedelnden Reise durch die Vergangenheit - wo jeder Wuff eine Geschichte hat und jedes Bellen in den Annalen der Zeit widerhallt!  <\/div>\r\n\t\t\t\t\t\t  <div class=\"member-social\">\r\n\t\t\t\t\t\t\t  \r\n\t\t\t\t\t\t  <\/div>\r\n\t\t\t\t  <\/div>\r\n\t\t\t  <\/div>\r\n\t\t  <\/div>\r\n\t\t[\/vc_column][\/vc_row]<\/p>\n<\/div>","protected":false},"excerpt":{"rendered":"<p>[vc_row][vc_column width=&#8220;1\/3&#8243;][\/vc_column][vc_column width=&#8220;1\/3&#8243;][\/vc_column][vc_column width=&#8220;1\/3&#8243;][\/vc_column][\/vc_row][vc_row][vc_column][vc_empty_space height=&#8220;8px&#8220;][\/vc_column][\/vc_row][vc_row][vc_column width=&#8220;1\/3&#8243;][\/vc_column][vc_column width=&#8220;1\/3&#8243;][\/vc_column][vc_column width=&#8220;1\/3&#8243;][\/vc_column][\/vc_row]<\/p>\n","protected":false},"author":1,"featured_media":0,"parent":1155,"menu_order":0,"comment_status":"closed","ping_status":"closed","template":"","meta":{"footnotes":""},"class_list":["post-1157","page","type-page","status-publish","hentry"],"yoast_head":"<!-- This site is optimized with the Yoast SEO Premium plugin v26.4 (Yoast SEO v27.5) - https:\/\/yoast.com\/product\/yoast-seo-premium-wordpress\/ -->\n<title>Hinter der App | TimeStreet<\/title>\n<meta name=\"robots\" content=\"index, follow, max-snippet:-1, max-image-preview:large, max-video-preview:-1\" \/>\n<link rel=\"canonical\" href=\"https:\/\/timestreet.eu\/de\/ueber-uns\/hinter-der-app\/\" \/>\n<meta property=\"og:locale\" content=\"de_DE\" \/>\n<meta property=\"og:type\" content=\"article\" \/>\n<meta property=\"og:title\" content=\"Hinter der App\" \/>\n<meta property=\"og:description\" content=\"[vc_row][vc_column width=&#8220;1\/3&#8243;][\/vc_column][vc_column width=&#8220;1\/3&#8243;][\/vc_column][vc_column width=&#8220;1\/3&#8243;][\/vc_column][\/vc_row][vc_row][vc_column][vc_empty_space height=&#8220;8px&#8220;][\/vc_column][\/vc_row][vc_row][vc_column width=&#8220;1\/3&#8243;][\/vc_column][vc_column width=&#8220;1\/3&#8243;][\/vc_column][vc_column width=&#8220;1\/3&#8243;][\/vc_column][\/vc_row]\" \/>\n<meta property=\"og:url\" content=\"https:\/\/timestreet.eu\/de\/ueber-uns\/hinter-der-app\/\" \/>\n<meta property=\"og:site_name\" content=\"TimeStreet\" \/>\n<meta property=\"article:modified_time\" content=\"2025-01-02T22:04:40+00:00\" \/>\n<meta name=\"twitter:card\" content=\"summary_large_image\" \/>\n<script type=\"application\/ld+json\" class=\"yoast-schema-graph\">{\"@context\":\"https:\\\/\\\/schema.org\",\"@graph\":[{\"@type\":\"WebPage\",\"@id\":\"https:\\\/\\\/timestreet.eu\\\/de\\\/ueber-uns\\\/hinter-der-app\\\/\",\"url\":\"https:\\\/\\\/timestreet.eu\\\/de\\\/ueber-uns\\\/hinter-der-app\\\/\",\"name\":\"Hinter der App | TimeStreet\",\"isPartOf\":{\"@id\":\"https:\\\/\\\/timestreet.eu\\\/de\\\/#website\"},\"datePublished\":\"2025-01-02T11:00:22+00:00\",\"dateModified\":\"2025-01-02T22:04:40+00:00\",\"breadcrumb\":{\"@id\":\"https:\\\/\\\/timestreet.eu\\\/de\\\/ueber-uns\\\/hinter-der-app\\\/#breadcrumb\"},\"inLanguage\":\"de\",\"potentialAction\":[{\"@type\":\"ReadAction\",\"target\":[\"https:\\\/\\\/timestreet.eu\\\/de\\\/ueber-uns\\\/hinter-der-app\\\/\"]}]},{\"@type\":\"BreadcrumbList\",\"@id\":\"https:\\\/\\\/timestreet.eu\\\/de\\\/ueber-uns\\\/hinter-der-app\\\/#breadcrumb\",\"itemListElement\":[{\"@type\":\"ListItem\",\"position\":1,\"name\":\"Home\",\"item\":\"https:\\\/\\\/timestreet.eu\\\/de\\\/\"},{\"@type\":\"ListItem\",\"position\":2,\"name\":\"\u00dcber uns\",\"item\":\"https:\\\/\\\/timestreet.eu\\\/de\\\/ueber-uns\\\/\"},{\"@type\":\"ListItem\",\"position\":3,\"name\":\"Hinter der App\"}]},{\"@type\":\"WebSite\",\"@id\":\"https:\\\/\\\/timestreet.eu\\\/de\\\/#website\",\"url\":\"https:\\\/\\\/timestreet.eu\\\/de\\\/\",\"name\":\"TimeStreet App\",\"description\":\"Historical Travel Guide\",\"publisher\":{\"@id\":\"https:\\\/\\\/timestreet.eu\\\/de\\\/#organization\"},\"alternateName\":\"TimeStreet\",\"potentialAction\":[{\"@type\":\"SearchAction\",\"target\":{\"@type\":\"EntryPoint\",\"urlTemplate\":\"https:\\\/\\\/timestreet.eu\\\/de\\\/?s={search_term_string}\"},\"query-input\":{\"@type\":\"PropertyValueSpecification\",\"valueRequired\":true,\"valueName\":\"search_term_string\"}}],\"inLanguage\":\"de\"},{\"@type\":\"Organization\",\"@id\":\"https:\\\/\\\/timestreet.eu\\\/de\\\/#organization\",\"name\":\"TimeStreet\",\"url\":\"https:\\\/\\\/timestreet.eu\\\/de\\\/\",\"logo\":{\"@type\":\"ImageObject\",\"inLanguage\":\"de\",\"@id\":\"https:\\\/\\\/timestreet.eu\\\/de\\\/#\\\/schema\\\/logo\\\/image\\\/\",\"url\":\"https:\\\/\\\/timestreet.eu\\\/wp-content\\\/uploads\\\/2024\\\/08\\\/timestreet-logo-terracotta-512-x-512.png\",\"contentUrl\":\"https:\\\/\\\/timestreet.eu\\\/wp-content\\\/uploads\\\/2024\\\/08\\\/timestreet-logo-terracotta-512-x-512.png\",\"width\":2085,\"height\":2084,\"caption\":\"TimeStreet\"},\"image\":{\"@id\":\"https:\\\/\\\/timestreet.eu\\\/de\\\/#\\\/schema\\\/logo\\\/image\\\/\"},\"sameAs\":[\"https:\\\/\\\/www.instagram.com\\\/timestreet.eu\\\/\"]}]}<\/script>\n<!-- \/ Yoast SEO Premium plugin. -->","yoast_head_json":{"title":"Hinter der App | TimeStreet","robots":{"index":"index","follow":"follow","max-snippet":"max-snippet:-1","max-image-preview":"max-image-preview:large","max-video-preview":"max-video-preview:-1"},"canonical":"https:\/\/timestreet.eu\/de\/ueber-uns\/hinter-der-app\/","og_locale":"de_DE","og_type":"article","og_title":"Hinter der App","og_description":"[vc_row][vc_column width=&#8220;1\/3&#8243;][\/vc_column][vc_column width=&#8220;1\/3&#8243;][\/vc_column][vc_column width=&#8220;1\/3&#8243;][\/vc_column][\/vc_row][vc_row][vc_column][vc_empty_space height=&#8220;8px&#8220;][\/vc_column][\/vc_row][vc_row][vc_column width=&#8220;1\/3&#8243;][\/vc_column][vc_column width=&#8220;1\/3&#8243;][\/vc_column][vc_column width=&#8220;1\/3&#8243;][\/vc_column][\/vc_row]","og_url":"https:\/\/timestreet.eu\/de\/ueber-uns\/hinter-der-app\/","og_site_name":"TimeStreet","article_modified_time":"2025-01-02T22:04:40+00:00","twitter_card":"summary_large_image","schema":{"@context":"https:\/\/schema.org","@graph":[{"@type":"WebPage","@id":"https:\/\/timestreet.eu\/de\/ueber-uns\/hinter-der-app\/","url":"https:\/\/timestreet.eu\/de\/ueber-uns\/hinter-der-app\/","name":"Hinter der App | TimeStreet","isPartOf":{"@id":"https:\/\/timestreet.eu\/de\/#website"},"datePublished":"2025-01-02T11:00:22+00:00","dateModified":"2025-01-02T22:04:40+00:00","breadcrumb":{"@id":"https:\/\/timestreet.eu\/de\/ueber-uns\/hinter-der-app\/#breadcrumb"},"inLanguage":"de","potentialAction":[{"@type":"ReadAction","target":["https:\/\/timestreet.eu\/de\/ueber-uns\/hinter-der-app\/"]}]},{"@type":"BreadcrumbList","@id":"https:\/\/timestreet.eu\/de\/ueber-uns\/hinter-der-app\/#breadcrumb","itemListElement":[{"@type":"ListItem","position":1,"name":"Home","item":"https:\/\/timestreet.eu\/de\/"},{"@type":"ListItem","position":2,"name":"\u00dcber uns","item":"https:\/\/timestreet.eu\/de\/ueber-uns\/"},{"@type":"ListItem","position":3,"name":"Hinter der App"}]},{"@type":"WebSite","@id":"https:\/\/timestreet.eu\/de\/#website","url":"https:\/\/timestreet.eu\/de\/","name":"TimeStreet App","description":"Historical Travel Guide","publisher":{"@id":"https:\/\/timestreet.eu\/de\/#organization"},"alternateName":"TimeStreet","potentialAction":[{"@type":"SearchAction","target":{"@type":"EntryPoint","urlTemplate":"https:\/\/timestreet.eu\/de\/?s={search_term_string}"},"query-input":{"@type":"PropertyValueSpecification","valueRequired":true,"valueName":"search_term_string"}}],"inLanguage":"de"},{"@type":"Organization","@id":"https:\/\/timestreet.eu\/de\/#organization","name":"TimeStreet","url":"https:\/\/timestreet.eu\/de\/","logo":{"@type":"ImageObject","inLanguage":"de","@id":"https:\/\/timestreet.eu\/de\/#\/schema\/logo\/image\/","url":"https:\/\/timestreet.eu\/wp-content\/uploads\/2024\/08\/timestreet-logo-terracotta-512-x-512.png","contentUrl":"https:\/\/timestreet.eu\/wp-content\/uploads\/2024\/08\/timestreet-logo-terracotta-512-x-512.png","width":2085,"height":2084,"caption":"TimeStreet"},"image":{"@id":"https:\/\/timestreet.eu\/de\/#\/schema\/logo\/image\/"},"sameAs":["https:\/\/www.instagram.com\/timestreet.eu\/"]}]}},"_links":{"self":[{"href":"https:\/\/timestreet.eu\/de\/wp-json\/wp\/v2\/pages\/1157","targetHints":{"allow":["GET"]}}],"collection":[{"href":"https:\/\/timestreet.eu\/de\/wp-json\/wp\/v2\/pages"}],"about":[{"href":"https:\/\/timestreet.eu\/de\/wp-json\/wp\/v2\/types\/page"}],"author":[{"embeddable":true,"href":"https:\/\/timestreet.eu\/de\/wp-json\/wp\/v2\/users\/1"}],"replies":[{"embeddable":true,"href":"https:\/\/timestreet.eu\/de\/wp-json\/wp\/v2\/comments?post=1157"}],"version-history":[{"count":1,"href":"https:\/\/timestreet.eu\/de\/wp-json\/wp\/v2\/pages\/1157\/revisions"}],"predecessor-version":[{"id":1158,"href":"https:\/\/timestreet.eu\/de\/wp-json\/wp\/v2\/pages\/1157\/revisions\/1158"}],"up":[{"embeddable":true,"href":"https:\/\/timestreet.eu\/de\/wp-json\/wp\/v2\/pages\/1155"}],"wp:attachment":[{"href":"https:\/\/timestreet.eu\/de\/wp-json\/wp\/v2\/media?parent=1157"}],"curies":[{"name":"wp","href":"https:\/\/api.w.org\/{rel}","templated":true}]}}