{"id":1240,"date":"2024-12-29T10:32:54","date_gmt":"2024-12-29T10:32:54","guid":{"rendered":"https:\/\/timestreet.eu\/das-lateinische-viertel\/"},"modified":"2025-01-26T18:55:34","modified_gmt":"2025-01-26T18:55:34","slug":"das-lateinische-viertel","status":"publish","type":"page","link":"https:\/\/timestreet.eu\/de\/gefuehrte-spaziergaenge-durch-paris\/das-lateinische-viertel\/","title":{"rendered":"Das Lateinische Viertel"},"content":{"rendered":"<div class=\"wpb-content-wrapper\"><p>[vc_row][vc_column width=&#8220;1\/4&#8243;][vc_column_text css=&#8220;&#8220; el_class=&#8220;walks&#8220;]Die Geschichte der Gegend wird sich vor Ihren Augen entfalten, wenn Sie durch das Quartier Latin schlendern, eine Gegend, die man in Paris unbedingt gesehen haben muss. Das Viertel ist f\u00fcr die Sch\u00f6nheit seiner Denkm\u00e4ler und die Lebendigkeit seiner Stra\u00dfen bekannt und beherbergt au\u00dferdem eine der \u00e4ltesten Universit\u00e4ten Europas, die im 12. Jahrhundert gegr\u00fcndet wurde.[\/vc_column_text][\/vc_column][vc_column width=&#8220;1\/4&#8243;][vc_single_image image=&#8220;1243&#8243; img_size=&#8220;large&#8220; alignment=&#8220;center&#8220; css=&#8220;&#8220;][\/vc_column][vc_column width=&#8220;1\/4&#8243;][vc_single_image image=&#8220;1244&#8243; img_size=&#8220;large&#8220; alignment=&#8220;center&#8220; css=&#8220;&#8220;][\/vc_column][vc_column width=&#8220;1\/4&#8243;][vc_single_image image=&#8220;1245&#8243; img_size=&#8220;large&#8220; alignment=&#8220;center&#8220; css=&#8220;&#8220;][\/vc_column][\/vc_row]<\/p>\n<\/div>","protected":false},"excerpt":{"rendered":"<p>[vc_row][vc_column width=&#8220;1\/4&#8243;][vc_column_text css=&#8220;&#8220; el_class=&#8220;walks&#8220;]Die Geschichte der Gegend wird sich vor Ihren Augen entfalten, wenn Sie durch das Quartier Latin schlendern, eine Gegend, die man in Paris unbedingt gesehen haben muss. Das Viertel ist f\u00fcr die [&hellip;]<\/p>\n","protected":false},"author":1,"featured_media":0,"parent":1379,"menu_order":0,"comment_status":"closed","ping_status":"closed","template":"","meta":{"footnotes":""},"class_list":["post-1240","page","type-page","status-publish","hentry"],"yoast_head":"<!-- This site is optimized with the Yoast SEO Premium plugin v26.4 (Yoast SEO v27.5) - https:\/\/yoast.com\/product\/yoast-seo-premium-wordpress\/ -->\n<title>TimeStreet | Erleben Sie die Sch\u00f6nheit des Quartier Latin in Paris<\/title>\n<meta name=\"description\" content=\"Erkunden Sie die reiche Geschichte und die lebhaften Stra\u00dfen des Quartier Latin in Paris und besuchen Sie eine der \u00e4ltesten Universit\u00e4ten Europas, die Sorbonne.\" \/>\n<meta name=\"robots\" content=\"index, follow, max-snippet:-1, max-image-preview:large, max-video-preview:-1\" \/>\n<link rel=\"canonical\" href=\"https:\/\/timestreet.eu\/de\/gefuehrte-spaziergaenge-durch-paris\/das-lateinische-viertel\/\" \/>\n<meta property=\"og:locale\" content=\"de_DE\" \/>\n<meta property=\"og:type\" content=\"article\" \/>\n<meta property=\"og:title\" content=\"Das Lateinische Viertel\" \/>\n<meta property=\"og:description\" content=\"Erkunden Sie die reiche Geschichte und die lebhaften Stra\u00dfen des Quartier Latin in Paris und besuchen Sie eine der \u00e4ltesten Universit\u00e4ten Europas, die Sorbonne.\" \/>\n<meta property=\"og:url\" content=\"https:\/\/timestreet.eu\/de\/gefuehrte-spaziergaenge-durch-paris\/das-lateinische-viertel\/\" \/>\n<meta property=\"og:site_name\" content=\"TimeStreet\" \/>\n<meta property=\"article:modified_time\" content=\"2025-01-26T18:55:34+00:00\" \/>\n<meta name=\"twitter:card\" content=\"summary_large_image\" \/>\n<meta name=\"twitter:label1\" content=\"Gesch\u00e4tzte Lesezeit\" \/>\n\t<meta name=\"twitter:data1\" content=\"1\u00a0Minute\" \/>\n<script type=\"application\/ld+json\" class=\"yoast-schema-graph\">{\"@context\":\"https:\\\/\\\/schema.org\",\"@graph\":[{\"@type\":\"WebPage\",\"@id\":\"https:\\\/\\\/timestreet.eu\\\/de\\\/gefuehrte-spaziergaenge-durch-paris\\\/das-lateinische-viertel\\\/\",\"url\":\"https:\\\/\\\/timestreet.eu\\\/de\\\/gefuehrte-spaziergaenge-durch-paris\\\/das-lateinische-viertel\\\/\",\"name\":\"TimeStreet | Erleben Sie die Sch\u00f6nheit des Quartier Latin in Paris\",\"isPartOf\":{\"@id\":\"https:\\\/\\\/timestreet.eu\\\/de\\\/#website\"},\"datePublished\":\"2024-12-29T10:32:54+00:00\",\"dateModified\":\"2025-01-26T18:55:34+00:00\",\"description\":\"Erkunden Sie die reiche Geschichte und die lebhaften Stra\u00dfen des Quartier Latin in Paris und besuchen Sie eine der \u00e4ltesten Universit\u00e4ten Europas, die Sorbonne.\",\"breadcrumb\":{\"@id\":\"https:\\\/\\\/timestreet.eu\\\/de\\\/gefuehrte-spaziergaenge-durch-paris\\\/das-lateinische-viertel\\\/#breadcrumb\"},\"inLanguage\":\"de\",\"potentialAction\":[{\"@type\":\"ReadAction\",\"target\":[\"https:\\\/\\\/timestreet.eu\\\/de\\\/gefuehrte-spaziergaenge-durch-paris\\\/das-lateinische-viertel\\\/\"]}]},{\"@type\":\"BreadcrumbList\",\"@id\":\"https:\\\/\\\/timestreet.eu\\\/de\\\/gefuehrte-spaziergaenge-durch-paris\\\/das-lateinische-viertel\\\/#breadcrumb\",\"itemListElement\":[{\"@type\":\"ListItem\",\"position\":1,\"name\":\"Home\",\"item\":\"https:\\\/\\\/timestreet.eu\\\/de\\\/\"},{\"@type\":\"ListItem\",\"position\":2,\"name\":\"Gef\u00fchrte Spazierg\u00e4nge durch Paris\",\"item\":\"https:\\\/\\\/timestreet.eu\\\/de\\\/gefuehrte-spaziergaenge-durch-paris\\\/\"},{\"@type\":\"ListItem\",\"position\":3,\"name\":\"Das Lateinische Viertel\"}]},{\"@type\":\"WebSite\",\"@id\":\"https:\\\/\\\/timestreet.eu\\\/de\\\/#website\",\"url\":\"https:\\\/\\\/timestreet.eu\\\/de\\\/\",\"name\":\"TimeStreet App\",\"description\":\"Historical Travel Guide\",\"publisher\":{\"@id\":\"https:\\\/\\\/timestreet.eu\\\/de\\\/#organization\"},\"alternateName\":\"TimeStreet\",\"potentialAction\":[{\"@type\":\"SearchAction\",\"target\":{\"@type\":\"EntryPoint\",\"urlTemplate\":\"https:\\\/\\\/timestreet.eu\\\/de\\\/?s={search_term_string}\"},\"query-input\":{\"@type\":\"PropertyValueSpecification\",\"valueRequired\":true,\"valueName\":\"search_term_string\"}}],\"inLanguage\":\"de\"},{\"@type\":\"Organization\",\"@id\":\"https:\\\/\\\/timestreet.eu\\\/de\\\/#organization\",\"name\":\"TimeStreet\",\"url\":\"https:\\\/\\\/timestreet.eu\\\/de\\\/\",\"logo\":{\"@type\":\"ImageObject\",\"inLanguage\":\"de\",\"@id\":\"https:\\\/\\\/timestreet.eu\\\/de\\\/#\\\/schema\\\/logo\\\/image\\\/\",\"url\":\"https:\\\/\\\/timestreet.eu\\\/wp-content\\\/uploads\\\/2024\\\/08\\\/timestreet-logo-terracotta-512-x-512.png\",\"contentUrl\":\"https:\\\/\\\/timestreet.eu\\\/wp-content\\\/uploads\\\/2024\\\/08\\\/timestreet-logo-terracotta-512-x-512.png\",\"width\":2085,\"height\":2084,\"caption\":\"TimeStreet\"},\"image\":{\"@id\":\"https:\\\/\\\/timestreet.eu\\\/de\\\/#\\\/schema\\\/logo\\\/image\\\/\"},\"sameAs\":[\"https:\\\/\\\/www.instagram.com\\\/timestreet.eu\\\/\"]}]}<\/script>\n<!-- \/ Yoast SEO Premium plugin. -->","yoast_head_json":{"title":"TimeStreet | Erleben Sie die Sch\u00f6nheit des Quartier Latin in Paris","description":"Erkunden Sie die reiche Geschichte und die lebhaften Stra\u00dfen des Quartier Latin in Paris und besuchen Sie eine der \u00e4ltesten Universit\u00e4ten Europas, die Sorbonne.","robots":{"index":"index","follow":"follow","max-snippet":"max-snippet:-1","max-image-preview":"max-image-preview:large","max-video-preview":"max-video-preview:-1"},"canonical":"https:\/\/timestreet.eu\/de\/gefuehrte-spaziergaenge-durch-paris\/das-lateinische-viertel\/","og_locale":"de_DE","og_type":"article","og_title":"Das Lateinische Viertel","og_description":"Erkunden Sie die reiche Geschichte und die lebhaften Stra\u00dfen des Quartier Latin in Paris und besuchen Sie eine der \u00e4ltesten Universit\u00e4ten Europas, die Sorbonne.","og_url":"https:\/\/timestreet.eu\/de\/gefuehrte-spaziergaenge-durch-paris\/das-lateinische-viertel\/","og_site_name":"TimeStreet","article_modified_time":"2025-01-26T18:55:34+00:00","twitter_card":"summary_large_image","twitter_misc":{"Gesch\u00e4tzte Lesezeit":"1\u00a0Minute"},"schema":{"@context":"https:\/\/schema.org","@graph":[{"@type":"WebPage","@id":"https:\/\/timestreet.eu\/de\/gefuehrte-spaziergaenge-durch-paris\/das-lateinische-viertel\/","url":"https:\/\/timestreet.eu\/de\/gefuehrte-spaziergaenge-durch-paris\/das-lateinische-viertel\/","name":"TimeStreet | Erleben Sie die Sch\u00f6nheit des Quartier Latin in Paris","isPartOf":{"@id":"https:\/\/timestreet.eu\/de\/#website"},"datePublished":"2024-12-29T10:32:54+00:00","dateModified":"2025-01-26T18:55:34+00:00","description":"Erkunden Sie die reiche Geschichte und die lebhaften Stra\u00dfen des Quartier Latin in Paris und besuchen Sie eine der \u00e4ltesten Universit\u00e4ten Europas, die Sorbonne.","breadcrumb":{"@id":"https:\/\/timestreet.eu\/de\/gefuehrte-spaziergaenge-durch-paris\/das-lateinische-viertel\/#breadcrumb"},"inLanguage":"de","potentialAction":[{"@type":"ReadAction","target":["https:\/\/timestreet.eu\/de\/gefuehrte-spaziergaenge-durch-paris\/das-lateinische-viertel\/"]}]},{"@type":"BreadcrumbList","@id":"https:\/\/timestreet.eu\/de\/gefuehrte-spaziergaenge-durch-paris\/das-lateinische-viertel\/#breadcrumb","itemListElement":[{"@type":"ListItem","position":1,"name":"Home","item":"https:\/\/timestreet.eu\/de\/"},{"@type":"ListItem","position":2,"name":"Gef\u00fchrte Spazierg\u00e4nge durch Paris","item":"https:\/\/timestreet.eu\/de\/gefuehrte-spaziergaenge-durch-paris\/"},{"@type":"ListItem","position":3,"name":"Das Lateinische Viertel"}]},{"@type":"WebSite","@id":"https:\/\/timestreet.eu\/de\/#website","url":"https:\/\/timestreet.eu\/de\/","name":"TimeStreet App","description":"Historical Travel Guide","publisher":{"@id":"https:\/\/timestreet.eu\/de\/#organization"},"alternateName":"TimeStreet","potentialAction":[{"@type":"SearchAction","target":{"@type":"EntryPoint","urlTemplate":"https:\/\/timestreet.eu\/de\/?s={search_term_string}"},"query-input":{"@type":"PropertyValueSpecification","valueRequired":true,"valueName":"search_term_string"}}],"inLanguage":"de"},{"@type":"Organization","@id":"https:\/\/timestreet.eu\/de\/#organization","name":"TimeStreet","url":"https:\/\/timestreet.eu\/de\/","logo":{"@type":"ImageObject","inLanguage":"de","@id":"https:\/\/timestreet.eu\/de\/#\/schema\/logo\/image\/","url":"https:\/\/timestreet.eu\/wp-content\/uploads\/2024\/08\/timestreet-logo-terracotta-512-x-512.png","contentUrl":"https:\/\/timestreet.eu\/wp-content\/uploads\/2024\/08\/timestreet-logo-terracotta-512-x-512.png","width":2085,"height":2084,"caption":"TimeStreet"},"image":{"@id":"https:\/\/timestreet.eu\/de\/#\/schema\/logo\/image\/"},"sameAs":["https:\/\/www.instagram.com\/timestreet.eu\/"]}]}},"_links":{"self":[{"href":"https:\/\/timestreet.eu\/de\/wp-json\/wp\/v2\/pages\/1240","targetHints":{"allow":["GET"]}}],"collection":[{"href":"https:\/\/timestreet.eu\/de\/wp-json\/wp\/v2\/pages"}],"about":[{"href":"https:\/\/timestreet.eu\/de\/wp-json\/wp\/v2\/types\/page"}],"author":[{"embeddable":true,"href":"https:\/\/timestreet.eu\/de\/wp-json\/wp\/v2\/users\/1"}],"replies":[{"embeddable":true,"href":"https:\/\/timestreet.eu\/de\/wp-json\/wp\/v2\/comments?post=1240"}],"version-history":[{"count":11,"href":"https:\/\/timestreet.eu\/de\/wp-json\/wp\/v2\/pages\/1240\/revisions"}],"predecessor-version":[{"id":2137,"href":"https:\/\/timestreet.eu\/de\/wp-json\/wp\/v2\/pages\/1240\/revisions\/2137"}],"up":[{"embeddable":true,"href":"https:\/\/timestreet.eu\/de\/wp-json\/wp\/v2\/pages\/1379"}],"wp:attachment":[{"href":"https:\/\/timestreet.eu\/de\/wp-json\/wp\/v2\/media?parent=1240"}],"curies":[{"name":"wp","href":"https:\/\/api.w.org\/{rel}","templated":true}]}}