{"id":1309,"date":"2024-12-29T09:52:50","date_gmt":"2024-12-29T09:52:50","guid":{"rendered":"https:\/\/timestreet.eu\/die-quais-der-seine\/"},"modified":"2025-01-26T18:55:55","modified_gmt":"2025-01-26T18:55:55","slug":"die-quais-der-seine","status":"publish","type":"page","link":"https:\/\/timestreet.eu\/de\/gefuehrte-spaziergaenge-durch-paris\/die-quais-der-seine\/","title":{"rendered":"Die Quais der Seine"},"content":{"rendered":"<div class=\"wpb-content-wrapper\"><p>[vc_row][vc_column width=&#8220;1\/4&#8243;][vc_column_text css=&#8220;&#8220; el_class=&#8220;walks&#8220;]Die Seine ist seit langem das pulsierende Herz der Stadt. An ihren Ufern befinden sich einige der sch\u00f6nsten Monumente der Hauptstadt. Entscheiden Sie sich f\u00fcr diese Route und entdecken Sie Paris von einer anderen Seite: seine Geschichte, aber auch das pulsierende Leben an den Quais, einem beliebten Treffpunkt der Pariser.[\/vc_column_text][\/vc_column][vc_column width=&#8220;1\/4&#8243;][vc_single_image image=&#8220;1311&#8243; img_size=&#8220;large&#8220; alignment=&#8220;center&#8220; css=&#8220;&#8220;][\/vc_column][vc_column width=&#8220;1\/4&#8243;][vc_single_image image=&#8220;1312&#8243; img_size=&#8220;large&#8220; alignment=&#8220;center&#8220; css=&#8220;&#8220;][\/vc_column][vc_column width=&#8220;1\/4&#8243;][vc_single_image image=&#8220;1313&#8243; img_size=&#8220;large&#8220; alignment=&#8220;center&#8220; css=&#8220;&#8220;][\/vc_column][\/vc_row]<\/p>\n<\/div>","protected":false},"excerpt":{"rendered":"<p>[vc_row][vc_column width=&#8220;1\/4&#8243;][vc_column_text css=&#8220;&#8220; el_class=&#8220;walks&#8220;]Die Seine ist seit langem das pulsierende Herz der Stadt. An ihren Ufern befinden sich einige der sch\u00f6nsten Monumente der Hauptstadt. Entscheiden Sie sich f\u00fcr diese Route und entdecken Sie Paris von [&hellip;]<\/p>\n","protected":false},"author":1,"featured_media":0,"parent":1379,"menu_order":0,"comment_status":"closed","ping_status":"closed","template":"","meta":{"footnotes":""},"class_list":["post-1309","page","type-page","status-publish","hentry"],"yoast_head":"<!-- This site is optimized with the Yoast SEO Premium plugin v26.4 (Yoast SEO v27.4) - https:\/\/yoast.com\/product\/yoast-seo-premium-wordpress\/ -->\n<title>TimeStreet | Erleben Sie das Pariser Leben an den Seine-Quais bei gef\u00fchrten Spazierg\u00e4ngen<\/title>\n<meta name=\"description\" content=\"Erkunden Sie die Sch\u00f6nheit von Paris bei einem gef\u00fchrten Spaziergang entlang der Quais der Seine. Entdecken Sie die Geschichte und das pulsierende Leben an diesem ikonischen Fluss.\" \/>\n<meta name=\"robots\" content=\"index, follow, max-snippet:-1, max-image-preview:large, max-video-preview:-1\" \/>\n<link rel=\"canonical\" href=\"https:\/\/timestreet.eu\/de\/gefuehrte-spaziergaenge-durch-paris\/die-quais-der-seine\/\" \/>\n<meta property=\"og:locale\" content=\"de_DE\" \/>\n<meta property=\"og:type\" content=\"article\" \/>\n<meta property=\"og:title\" content=\"Die Quais der Seine\" \/>\n<meta property=\"og:description\" content=\"Erkunden Sie die Sch\u00f6nheit von Paris bei einem gef\u00fchrten Spaziergang entlang der Quais der Seine. Entdecken Sie die Geschichte und das pulsierende Leben an diesem ikonischen Fluss.\" \/>\n<meta property=\"og:url\" content=\"https:\/\/timestreet.eu\/de\/gefuehrte-spaziergaenge-durch-paris\/die-quais-der-seine\/\" \/>\n<meta property=\"og:site_name\" content=\"TimeStreet\" \/>\n<meta property=\"article:modified_time\" content=\"2025-01-26T18:55:55+00:00\" \/>\n<meta name=\"twitter:card\" content=\"summary_large_image\" \/>\n<meta name=\"twitter:label1\" content=\"Gesch\u00e4tzte Lesezeit\" \/>\n\t<meta name=\"twitter:data1\" content=\"1\u00a0Minute\" \/>\n<script type=\"application\/ld+json\" class=\"yoast-schema-graph\">{\"@context\":\"https:\\\/\\\/schema.org\",\"@graph\":[{\"@type\":\"WebPage\",\"@id\":\"https:\\\/\\\/timestreet.eu\\\/de\\\/gefuehrte-spaziergaenge-durch-paris\\\/die-quais-der-seine\\\/\",\"url\":\"https:\\\/\\\/timestreet.eu\\\/de\\\/gefuehrte-spaziergaenge-durch-paris\\\/die-quais-der-seine\\\/\",\"name\":\"TimeStreet | Erleben Sie das Pariser Leben an den Seine-Quais bei gef\u00fchrten Spazierg\u00e4ngen\",\"isPartOf\":{\"@id\":\"https:\\\/\\\/timestreet.eu\\\/de\\\/#website\"},\"datePublished\":\"2024-12-29T09:52:50+00:00\",\"dateModified\":\"2025-01-26T18:55:55+00:00\",\"description\":\"Erkunden Sie die Sch\u00f6nheit von Paris bei einem gef\u00fchrten Spaziergang entlang der Quais der Seine. Entdecken Sie die Geschichte und das pulsierende Leben an diesem ikonischen Fluss.\",\"breadcrumb\":{\"@id\":\"https:\\\/\\\/timestreet.eu\\\/de\\\/gefuehrte-spaziergaenge-durch-paris\\\/die-quais-der-seine\\\/#breadcrumb\"},\"inLanguage\":\"de\",\"potentialAction\":[{\"@type\":\"ReadAction\",\"target\":[\"https:\\\/\\\/timestreet.eu\\\/de\\\/gefuehrte-spaziergaenge-durch-paris\\\/die-quais-der-seine\\\/\"]}]},{\"@type\":\"BreadcrumbList\",\"@id\":\"https:\\\/\\\/timestreet.eu\\\/de\\\/gefuehrte-spaziergaenge-durch-paris\\\/die-quais-der-seine\\\/#breadcrumb\",\"itemListElement\":[{\"@type\":\"ListItem\",\"position\":1,\"name\":\"Home\",\"item\":\"https:\\\/\\\/timestreet.eu\\\/de\\\/\"},{\"@type\":\"ListItem\",\"position\":2,\"name\":\"Gef\u00fchrte Spazierg\u00e4nge durch Paris\",\"item\":\"https:\\\/\\\/timestreet.eu\\\/de\\\/gefuehrte-spaziergaenge-durch-paris\\\/\"},{\"@type\":\"ListItem\",\"position\":3,\"name\":\"Die Quais der Seine\"}]},{\"@type\":\"WebSite\",\"@id\":\"https:\\\/\\\/timestreet.eu\\\/de\\\/#website\",\"url\":\"https:\\\/\\\/timestreet.eu\\\/de\\\/\",\"name\":\"TimeStreet App\",\"description\":\"Historical Travel Guide\",\"publisher\":{\"@id\":\"https:\\\/\\\/timestreet.eu\\\/de\\\/#organization\"},\"alternateName\":\"TimeStreet\",\"potentialAction\":[{\"@type\":\"SearchAction\",\"target\":{\"@type\":\"EntryPoint\",\"urlTemplate\":\"https:\\\/\\\/timestreet.eu\\\/de\\\/?s={search_term_string}\"},\"query-input\":{\"@type\":\"PropertyValueSpecification\",\"valueRequired\":true,\"valueName\":\"search_term_string\"}}],\"inLanguage\":\"de\"},{\"@type\":\"Organization\",\"@id\":\"https:\\\/\\\/timestreet.eu\\\/de\\\/#organization\",\"name\":\"TimeStreet\",\"url\":\"https:\\\/\\\/timestreet.eu\\\/de\\\/\",\"logo\":{\"@type\":\"ImageObject\",\"inLanguage\":\"de\",\"@id\":\"https:\\\/\\\/timestreet.eu\\\/de\\\/#\\\/schema\\\/logo\\\/image\\\/\",\"url\":\"https:\\\/\\\/timestreet.eu\\\/wp-content\\\/uploads\\\/2024\\\/08\\\/timestreet-logo-terracotta-512-x-512.png\",\"contentUrl\":\"https:\\\/\\\/timestreet.eu\\\/wp-content\\\/uploads\\\/2024\\\/08\\\/timestreet-logo-terracotta-512-x-512.png\",\"width\":2085,\"height\":2084,\"caption\":\"TimeStreet\"},\"image\":{\"@id\":\"https:\\\/\\\/timestreet.eu\\\/de\\\/#\\\/schema\\\/logo\\\/image\\\/\"},\"sameAs\":[\"https:\\\/\\\/www.instagram.com\\\/timestreet.eu\\\/\"]}]}<\/script>\n<!-- \/ Yoast SEO Premium plugin. -->","yoast_head_json":{"title":"TimeStreet | Erleben Sie das Pariser Leben an den Seine-Quais bei gef\u00fchrten Spazierg\u00e4ngen","description":"Erkunden Sie die Sch\u00f6nheit von Paris bei einem gef\u00fchrten Spaziergang entlang der Quais der Seine. Entdecken Sie die Geschichte und das pulsierende Leben an diesem ikonischen Fluss.","robots":{"index":"index","follow":"follow","max-snippet":"max-snippet:-1","max-image-preview":"max-image-preview:large","max-video-preview":"max-video-preview:-1"},"canonical":"https:\/\/timestreet.eu\/de\/gefuehrte-spaziergaenge-durch-paris\/die-quais-der-seine\/","og_locale":"de_DE","og_type":"article","og_title":"Die Quais der Seine","og_description":"Erkunden Sie die Sch\u00f6nheit von Paris bei einem gef\u00fchrten Spaziergang entlang der Quais der Seine. Entdecken Sie die Geschichte und das pulsierende Leben an diesem ikonischen Fluss.","og_url":"https:\/\/timestreet.eu\/de\/gefuehrte-spaziergaenge-durch-paris\/die-quais-der-seine\/","og_site_name":"TimeStreet","article_modified_time":"2025-01-26T18:55:55+00:00","twitter_card":"summary_large_image","twitter_misc":{"Gesch\u00e4tzte Lesezeit":"1\u00a0Minute"},"schema":{"@context":"https:\/\/schema.org","@graph":[{"@type":"WebPage","@id":"https:\/\/timestreet.eu\/de\/gefuehrte-spaziergaenge-durch-paris\/die-quais-der-seine\/","url":"https:\/\/timestreet.eu\/de\/gefuehrte-spaziergaenge-durch-paris\/die-quais-der-seine\/","name":"TimeStreet | Erleben Sie das Pariser Leben an den Seine-Quais bei gef\u00fchrten Spazierg\u00e4ngen","isPartOf":{"@id":"https:\/\/timestreet.eu\/de\/#website"},"datePublished":"2024-12-29T09:52:50+00:00","dateModified":"2025-01-26T18:55:55+00:00","description":"Erkunden Sie die Sch\u00f6nheit von Paris bei einem gef\u00fchrten Spaziergang entlang der Quais der Seine. Entdecken Sie die Geschichte und das pulsierende Leben an diesem ikonischen Fluss.","breadcrumb":{"@id":"https:\/\/timestreet.eu\/de\/gefuehrte-spaziergaenge-durch-paris\/die-quais-der-seine\/#breadcrumb"},"inLanguage":"de","potentialAction":[{"@type":"ReadAction","target":["https:\/\/timestreet.eu\/de\/gefuehrte-spaziergaenge-durch-paris\/die-quais-der-seine\/"]}]},{"@type":"BreadcrumbList","@id":"https:\/\/timestreet.eu\/de\/gefuehrte-spaziergaenge-durch-paris\/die-quais-der-seine\/#breadcrumb","itemListElement":[{"@type":"ListItem","position":1,"name":"Home","item":"https:\/\/timestreet.eu\/de\/"},{"@type":"ListItem","position":2,"name":"Gef\u00fchrte Spazierg\u00e4nge durch Paris","item":"https:\/\/timestreet.eu\/de\/gefuehrte-spaziergaenge-durch-paris\/"},{"@type":"ListItem","position":3,"name":"Die Quais der Seine"}]},{"@type":"WebSite","@id":"https:\/\/timestreet.eu\/de\/#website","url":"https:\/\/timestreet.eu\/de\/","name":"TimeStreet App","description":"Historical Travel Guide","publisher":{"@id":"https:\/\/timestreet.eu\/de\/#organization"},"alternateName":"TimeStreet","potentialAction":[{"@type":"SearchAction","target":{"@type":"EntryPoint","urlTemplate":"https:\/\/timestreet.eu\/de\/?s={search_term_string}"},"query-input":{"@type":"PropertyValueSpecification","valueRequired":true,"valueName":"search_term_string"}}],"inLanguage":"de"},{"@type":"Organization","@id":"https:\/\/timestreet.eu\/de\/#organization","name":"TimeStreet","url":"https:\/\/timestreet.eu\/de\/","logo":{"@type":"ImageObject","inLanguage":"de","@id":"https:\/\/timestreet.eu\/de\/#\/schema\/logo\/image\/","url":"https:\/\/timestreet.eu\/wp-content\/uploads\/2024\/08\/timestreet-logo-terracotta-512-x-512.png","contentUrl":"https:\/\/timestreet.eu\/wp-content\/uploads\/2024\/08\/timestreet-logo-terracotta-512-x-512.png","width":2085,"height":2084,"caption":"TimeStreet"},"image":{"@id":"https:\/\/timestreet.eu\/de\/#\/schema\/logo\/image\/"},"sameAs":["https:\/\/www.instagram.com\/timestreet.eu\/"]}]}},"_links":{"self":[{"href":"https:\/\/timestreet.eu\/de\/wp-json\/wp\/v2\/pages\/1309","targetHints":{"allow":["GET"]}}],"collection":[{"href":"https:\/\/timestreet.eu\/de\/wp-json\/wp\/v2\/pages"}],"about":[{"href":"https:\/\/timestreet.eu\/de\/wp-json\/wp\/v2\/types\/page"}],"author":[{"embeddable":true,"href":"https:\/\/timestreet.eu\/de\/wp-json\/wp\/v2\/users\/1"}],"replies":[{"embeddable":true,"href":"https:\/\/timestreet.eu\/de\/wp-json\/wp\/v2\/comments?post=1309"}],"version-history":[{"count":11,"href":"https:\/\/timestreet.eu\/de\/wp-json\/wp\/v2\/pages\/1309\/revisions"}],"predecessor-version":[{"id":2147,"href":"https:\/\/timestreet.eu\/de\/wp-json\/wp\/v2\/pages\/1309\/revisions\/2147"}],"up":[{"embeddable":true,"href":"https:\/\/timestreet.eu\/de\/wp-json\/wp\/v2\/pages\/1379"}],"wp:attachment":[{"href":"https:\/\/timestreet.eu\/de\/wp-json\/wp\/v2\/media?parent=1309"}],"curies":[{"name":"wp","href":"https:\/\/api.w.org\/{rel}","templated":true}]}}