{"id":1371,"date":"2024-12-28T21:02:22","date_gmt":"2024-12-28T21:02:22","guid":{"rendered":"https:\/\/timestreet.eu\/das-historische-herz-von-paris\/"},"modified":"2025-01-26T18:55:24","modified_gmt":"2025-01-26T18:55:24","slug":"das-historische-herz-von-paris","status":"publish","type":"page","link":"https:\/\/timestreet.eu\/de\/gefuehrte-spaziergaenge-durch-paris\/das-historische-herz-von-paris\/","title":{"rendered":"Das historische Herz von Paris"},"content":{"rendered":"<div class=\"wpb-content-wrapper\"><p>[vc_row][vc_column width=&#8220;1\/4&#8243;][vc_column_text css=&#8220;&#8220; el_class=&#8220;walks&#8220;]Seit sich die Pariser um 300 n. Chr. auf den Seine-Inseln niederlie\u00dfen, stehen die Cit\u00e9 und ihre Umgebung im Mittelpunkt des Geschehens der Hauptstadt. Als k\u00f6nigliche Residenz, Sitz des Parlaments und der kirchlichen Macht birgt das Viertel eine faszinierende Geschichte, die es noch zu entdecken gilt![\/vc_column_text][\/vc_column][vc_column width=&#8220;1\/4&#8243;][vc_single_image image=&#8220;733&#8243; img_size=&#8220;large&#8220; alignment=&#8220;center&#8220; css=&#8220;&#8220;][\/vc_column][vc_column width=&#8220;1\/4&#8243;][vc_single_image image=&#8220;739&#8243; img_size=&#8220;large&#8220; alignment=&#8220;center&#8220; css=&#8220;&#8220;][\/vc_column][vc_column width=&#8220;1\/4&#8243;][vc_single_image image=&#8220;748&#8243; img_size=&#8220;large&#8220; alignment=&#8220;center&#8220; css=&#8220;&#8220;][\/vc_column][\/vc_row]<\/p>\n<\/div>","protected":false},"excerpt":{"rendered":"<p>[vc_row][vc_column width=&#8220;1\/4&#8243;][vc_column_text css=&#8220;&#8220; el_class=&#8220;walks&#8220;]Seit sich die Pariser um 300 n. Chr. auf den Seine-Inseln niederlie\u00dfen, stehen die Cit\u00e9 und ihre Umgebung im Mittelpunkt des Geschehens der Hauptstadt. Als k\u00f6nigliche Residenz, Sitz des Parlaments und der [&hellip;]<\/p>\n","protected":false},"author":1,"featured_media":0,"parent":1379,"menu_order":0,"comment_status":"closed","ping_status":"closed","template":"","meta":{"footnotes":""},"class_list":["post-1371","page","type-page","status-publish","hentry"],"yoast_head":"<!-- This site is optimized with the Yoast SEO Premium plugin v26.4 (Yoast SEO v27.5) - https:\/\/yoast.com\/product\/yoast-seo-premium-wordpress\/ -->\n<title>TimeStreet | Erkunden Sie das historische Herz von Paris mit gef\u00fchrten Spazierg\u00e4ngen<\/title>\n<meta name=\"description\" content=\"Entdecken Sie die verborgene Geschichte von Paris auf gef\u00fchrten Spazierg\u00e4ngen zu den ikonischen Wahrzeichen der Stadt. Erfahren Sie mehr \u00fcber die faszinierenden Ereignisse, die die Stadt gepr\u00e4gt haben.\" \/>\n<meta name=\"robots\" content=\"index, follow, max-snippet:-1, max-image-preview:large, max-video-preview:-1\" \/>\n<link rel=\"canonical\" href=\"https:\/\/timestreet.eu\/de\/gefuehrte-spaziergaenge-durch-paris\/das-historische-herz-von-paris\/\" \/>\n<meta property=\"og:locale\" content=\"de_DE\" \/>\n<meta property=\"og:type\" content=\"article\" \/>\n<meta property=\"og:title\" content=\"Das historische Herz von Paris\" \/>\n<meta property=\"og:description\" content=\"Entdecken Sie die verborgene Geschichte von Paris auf gef\u00fchrten Spazierg\u00e4ngen zu den ikonischen Wahrzeichen der Stadt. Erfahren Sie mehr \u00fcber die faszinierenden Ereignisse, die die Stadt gepr\u00e4gt haben.\" \/>\n<meta property=\"og:url\" content=\"https:\/\/timestreet.eu\/de\/gefuehrte-spaziergaenge-durch-paris\/das-historische-herz-von-paris\/\" \/>\n<meta property=\"og:site_name\" content=\"TimeStreet\" \/>\n<meta property=\"article:modified_time\" content=\"2025-01-26T18:55:24+00:00\" \/>\n<meta name=\"twitter:card\" content=\"summary_large_image\" \/>\n<meta name=\"twitter:label1\" content=\"Gesch\u00e4tzte Lesezeit\" \/>\n\t<meta name=\"twitter:data1\" content=\"1\u00a0Minute\" \/>\n<script type=\"application\/ld+json\" class=\"yoast-schema-graph\">{\"@context\":\"https:\\\/\\\/schema.org\",\"@graph\":[{\"@type\":\"WebPage\",\"@id\":\"https:\\\/\\\/timestreet.eu\\\/de\\\/gefuehrte-spaziergaenge-durch-paris\\\/das-historische-herz-von-paris\\\/\",\"url\":\"https:\\\/\\\/timestreet.eu\\\/de\\\/gefuehrte-spaziergaenge-durch-paris\\\/das-historische-herz-von-paris\\\/\",\"name\":\"TimeStreet | Erkunden Sie das historische Herz von Paris mit gef\u00fchrten Spazierg\u00e4ngen\",\"isPartOf\":{\"@id\":\"https:\\\/\\\/timestreet.eu\\\/de\\\/#website\"},\"datePublished\":\"2024-12-28T21:02:22+00:00\",\"dateModified\":\"2025-01-26T18:55:24+00:00\",\"description\":\"Entdecken Sie die verborgene Geschichte von Paris auf gef\u00fchrten Spazierg\u00e4ngen zu den ikonischen Wahrzeichen der Stadt. Erfahren Sie mehr \u00fcber die faszinierenden Ereignisse, die die Stadt gepr\u00e4gt haben.\",\"breadcrumb\":{\"@id\":\"https:\\\/\\\/timestreet.eu\\\/de\\\/gefuehrte-spaziergaenge-durch-paris\\\/das-historische-herz-von-paris\\\/#breadcrumb\"},\"inLanguage\":\"de\",\"potentialAction\":[{\"@type\":\"ReadAction\",\"target\":[\"https:\\\/\\\/timestreet.eu\\\/de\\\/gefuehrte-spaziergaenge-durch-paris\\\/das-historische-herz-von-paris\\\/\"]}]},{\"@type\":\"BreadcrumbList\",\"@id\":\"https:\\\/\\\/timestreet.eu\\\/de\\\/gefuehrte-spaziergaenge-durch-paris\\\/das-historische-herz-von-paris\\\/#breadcrumb\",\"itemListElement\":[{\"@type\":\"ListItem\",\"position\":1,\"name\":\"Home\",\"item\":\"https:\\\/\\\/timestreet.eu\\\/de\\\/\"},{\"@type\":\"ListItem\",\"position\":2,\"name\":\"Gef\u00fchrte Spazierg\u00e4nge durch Paris\",\"item\":\"https:\\\/\\\/timestreet.eu\\\/de\\\/gefuehrte-spaziergaenge-durch-paris\\\/\"},{\"@type\":\"ListItem\",\"position\":3,\"name\":\"Das historische Herz von Paris\"}]},{\"@type\":\"WebSite\",\"@id\":\"https:\\\/\\\/timestreet.eu\\\/de\\\/#website\",\"url\":\"https:\\\/\\\/timestreet.eu\\\/de\\\/\",\"name\":\"TimeStreet App\",\"description\":\"Historical Travel Guide\",\"publisher\":{\"@id\":\"https:\\\/\\\/timestreet.eu\\\/de\\\/#organization\"},\"alternateName\":\"TimeStreet\",\"potentialAction\":[{\"@type\":\"SearchAction\",\"target\":{\"@type\":\"EntryPoint\",\"urlTemplate\":\"https:\\\/\\\/timestreet.eu\\\/de\\\/?s={search_term_string}\"},\"query-input\":{\"@type\":\"PropertyValueSpecification\",\"valueRequired\":true,\"valueName\":\"search_term_string\"}}],\"inLanguage\":\"de\"},{\"@type\":\"Organization\",\"@id\":\"https:\\\/\\\/timestreet.eu\\\/de\\\/#organization\",\"name\":\"TimeStreet\",\"url\":\"https:\\\/\\\/timestreet.eu\\\/de\\\/\",\"logo\":{\"@type\":\"ImageObject\",\"inLanguage\":\"de\",\"@id\":\"https:\\\/\\\/timestreet.eu\\\/de\\\/#\\\/schema\\\/logo\\\/image\\\/\",\"url\":\"https:\\\/\\\/timestreet.eu\\\/wp-content\\\/uploads\\\/2024\\\/08\\\/timestreet-logo-terracotta-512-x-512.png\",\"contentUrl\":\"https:\\\/\\\/timestreet.eu\\\/wp-content\\\/uploads\\\/2024\\\/08\\\/timestreet-logo-terracotta-512-x-512.png\",\"width\":2085,\"height\":2084,\"caption\":\"TimeStreet\"},\"image\":{\"@id\":\"https:\\\/\\\/timestreet.eu\\\/de\\\/#\\\/schema\\\/logo\\\/image\\\/\"},\"sameAs\":[\"https:\\\/\\\/www.instagram.com\\\/timestreet.eu\\\/\"]}]}<\/script>\n<!-- \/ Yoast SEO Premium plugin. -->","yoast_head_json":{"title":"TimeStreet | Erkunden Sie das historische Herz von Paris mit gef\u00fchrten Spazierg\u00e4ngen","description":"Entdecken Sie die verborgene Geschichte von Paris auf gef\u00fchrten Spazierg\u00e4ngen zu den ikonischen Wahrzeichen der Stadt. Erfahren Sie mehr \u00fcber die faszinierenden Ereignisse, die die Stadt gepr\u00e4gt haben.","robots":{"index":"index","follow":"follow","max-snippet":"max-snippet:-1","max-image-preview":"max-image-preview:large","max-video-preview":"max-video-preview:-1"},"canonical":"https:\/\/timestreet.eu\/de\/gefuehrte-spaziergaenge-durch-paris\/das-historische-herz-von-paris\/","og_locale":"de_DE","og_type":"article","og_title":"Das historische Herz von Paris","og_description":"Entdecken Sie die verborgene Geschichte von Paris auf gef\u00fchrten Spazierg\u00e4ngen zu den ikonischen Wahrzeichen der Stadt. Erfahren Sie mehr \u00fcber die faszinierenden Ereignisse, die die Stadt gepr\u00e4gt haben.","og_url":"https:\/\/timestreet.eu\/de\/gefuehrte-spaziergaenge-durch-paris\/das-historische-herz-von-paris\/","og_site_name":"TimeStreet","article_modified_time":"2025-01-26T18:55:24+00:00","twitter_card":"summary_large_image","twitter_misc":{"Gesch\u00e4tzte Lesezeit":"1\u00a0Minute"},"schema":{"@context":"https:\/\/schema.org","@graph":[{"@type":"WebPage","@id":"https:\/\/timestreet.eu\/de\/gefuehrte-spaziergaenge-durch-paris\/das-historische-herz-von-paris\/","url":"https:\/\/timestreet.eu\/de\/gefuehrte-spaziergaenge-durch-paris\/das-historische-herz-von-paris\/","name":"TimeStreet | Erkunden Sie das historische Herz von Paris mit gef\u00fchrten Spazierg\u00e4ngen","isPartOf":{"@id":"https:\/\/timestreet.eu\/de\/#website"},"datePublished":"2024-12-28T21:02:22+00:00","dateModified":"2025-01-26T18:55:24+00:00","description":"Entdecken Sie die verborgene Geschichte von Paris auf gef\u00fchrten Spazierg\u00e4ngen zu den ikonischen Wahrzeichen der Stadt. Erfahren Sie mehr \u00fcber die faszinierenden Ereignisse, die die Stadt gepr\u00e4gt haben.","breadcrumb":{"@id":"https:\/\/timestreet.eu\/de\/gefuehrte-spaziergaenge-durch-paris\/das-historische-herz-von-paris\/#breadcrumb"},"inLanguage":"de","potentialAction":[{"@type":"ReadAction","target":["https:\/\/timestreet.eu\/de\/gefuehrte-spaziergaenge-durch-paris\/das-historische-herz-von-paris\/"]}]},{"@type":"BreadcrumbList","@id":"https:\/\/timestreet.eu\/de\/gefuehrte-spaziergaenge-durch-paris\/das-historische-herz-von-paris\/#breadcrumb","itemListElement":[{"@type":"ListItem","position":1,"name":"Home","item":"https:\/\/timestreet.eu\/de\/"},{"@type":"ListItem","position":2,"name":"Gef\u00fchrte Spazierg\u00e4nge durch Paris","item":"https:\/\/timestreet.eu\/de\/gefuehrte-spaziergaenge-durch-paris\/"},{"@type":"ListItem","position":3,"name":"Das historische Herz von Paris"}]},{"@type":"WebSite","@id":"https:\/\/timestreet.eu\/de\/#website","url":"https:\/\/timestreet.eu\/de\/","name":"TimeStreet App","description":"Historical Travel Guide","publisher":{"@id":"https:\/\/timestreet.eu\/de\/#organization"},"alternateName":"TimeStreet","potentialAction":[{"@type":"SearchAction","target":{"@type":"EntryPoint","urlTemplate":"https:\/\/timestreet.eu\/de\/?s={search_term_string}"},"query-input":{"@type":"PropertyValueSpecification","valueRequired":true,"valueName":"search_term_string"}}],"inLanguage":"de"},{"@type":"Organization","@id":"https:\/\/timestreet.eu\/de\/#organization","name":"TimeStreet","url":"https:\/\/timestreet.eu\/de\/","logo":{"@type":"ImageObject","inLanguage":"de","@id":"https:\/\/timestreet.eu\/de\/#\/schema\/logo\/image\/","url":"https:\/\/timestreet.eu\/wp-content\/uploads\/2024\/08\/timestreet-logo-terracotta-512-x-512.png","contentUrl":"https:\/\/timestreet.eu\/wp-content\/uploads\/2024\/08\/timestreet-logo-terracotta-512-x-512.png","width":2085,"height":2084,"caption":"TimeStreet"},"image":{"@id":"https:\/\/timestreet.eu\/de\/#\/schema\/logo\/image\/"},"sameAs":["https:\/\/www.instagram.com\/timestreet.eu\/"]}]}},"_links":{"self":[{"href":"https:\/\/timestreet.eu\/de\/wp-json\/wp\/v2\/pages\/1371","targetHints":{"allow":["GET"]}}],"collection":[{"href":"https:\/\/timestreet.eu\/de\/wp-json\/wp\/v2\/pages"}],"about":[{"href":"https:\/\/timestreet.eu\/de\/wp-json\/wp\/v2\/types\/page"}],"author":[{"embeddable":true,"href":"https:\/\/timestreet.eu\/de\/wp-json\/wp\/v2\/users\/1"}],"replies":[{"embeddable":true,"href":"https:\/\/timestreet.eu\/de\/wp-json\/wp\/v2\/comments?post=1371"}],"version-history":[{"count":10,"href":"https:\/\/timestreet.eu\/de\/wp-json\/wp\/v2\/pages\/1371\/revisions"}],"predecessor-version":[{"id":1989,"href":"https:\/\/timestreet.eu\/de\/wp-json\/wp\/v2\/pages\/1371\/revisions\/1989"}],"up":[{"embeddable":true,"href":"https:\/\/timestreet.eu\/de\/wp-json\/wp\/v2\/pages\/1379"}],"wp:attachment":[{"href":"https:\/\/timestreet.eu\/de\/wp-json\/wp\/v2\/media?parent=1371"}],"curies":[{"name":"wp","href":"https:\/\/api.w.org\/{rel}","templated":true}]}}