{"id":1379,"date":"2024-12-25T21:34:26","date_gmt":"2024-12-25T21:34:26","guid":{"rendered":"https:\/\/timestreet.eu\/gefuehrte-spaziergaenge-durch-paris\/"},"modified":"2025-01-26T18:55:03","modified_gmt":"2025-01-26T18:55:03","slug":"gefuehrte-spaziergaenge-durch-paris","status":"publish","type":"page","link":"https:\/\/timestreet.eu\/de\/gefuehrte-spaziergaenge-durch-paris\/","title":{"rendered":"Gef\u00fchrte Spazierg\u00e4nge durch Paris"},"content":{"rendered":"<div class=\"wpb-content-wrapper\"><p>[vc_row][vc_column width=&#8220;2\/3&#8243;][vc_column_text css=&#8220;&#8220; el_class=&#8220;general&#8220;]Entdecken Sie die Geschichte, die Kultur und die einzigartigen Highlights von Paris mit den gef\u00fchrten Spazierg\u00e4ngen von TimeStreet. Auf jeder Reise besuchen Sie nicht nur die ber\u00fchmtesten Wahrzeichen der Stadt, sondern entdecken auch ihre verborgenen Sch\u00e4tze und entdecken faszinierende Geschichten, die die Vergangenheit mit der Gegenwart verbinden. Ganz gleich, ob Sie die Stadt zum ersten Mal besuchen oder ob Sie zur\u00fcckkehren, um eine neue Perspektive zu gewinnen, unsere gef\u00fchrten Spazierg\u00e4nge machen es einfach und angenehm, das Beste von Paris zu erleben.  <\/p>\n<h4>Erkunden Sie diese einzigartigen Wanderungen:<\/h4>\n<ul>\n<li><strong>Das historische Herz von Paris<\/strong>: Tauchen Sie ein in die Urspr\u00fcnge von Paris und erkunden Sie seine mittelalterlichen Wurzeln und seinen zeitlosen Charme.<\/li>\n<li><strong>Der Bereich des Louvre<\/strong>: Entdecken Sie die Geschichten rund um eines der ber\u00fchmtesten Museen der Welt und seine pr\u00e4chtige Umgebung.<\/li>\n<li><strong>Die Quais der Seine<\/strong>: Schlendern Sie entlang der malerischen Seine und bewundern Sie die Sch\u00f6nheit von Paris von seinen ikonischen Ufern aus.<\/li>\n<li><strong>Das Latin Quarter<\/strong>: Erleben Sie die lebendige Atmosph\u00e4re dieses historischen Studentenviertels mit seinen kulturellen Sehensw\u00fcrdigkeiten und seiner lebendigen Geschichte.<\/li>\n<li><strong>Das Rendez-vous der Schriftsteller<\/strong>: Begeben Sie sich auf die Spuren literarischer Gr\u00f6\u00dfen, die in den Stra\u00dfen und Caf\u00e9s von Paris Inspiration fanden.<\/li>\n<li><strong>Das Marais-Viertel<\/strong>: Entdecken Sie eine einzigartige Mischung aus Geschichte und Moderne in diesem charmanten und trendigen Viertel.<\/li>\n<li><strong>Paris Zentrum &#8211; Rechtes Ufer<\/strong>: Entdecken Sie die Eleganz und Pracht des belebten rechten Ufers von Paris.<\/li>\n<li><strong>Paris Zentrum &#8211; Linkes Ufer<\/strong>: Schlendern Sie durch die k\u00fcnstlerische und b\u00f6hmische Seite von Paris am linken Ufer.<\/li>\n<\/ul>\n<p>Schalten Sie das volle Pariser Wandererlebnis frei und erhalten Sie Zugang zu all diesen Touren mit der App![\/vc_column_text][\/vc_column][vc_column width=&#8220;1\/3&#8243;][vc_single_image image=&#8220;754&#8243; img_size=&#8220;large&#8220; alignment=&#8220;center&#8220; css=&#8220;&#8220;][\/vc_column][\/vc_row]<\/p>\n<\/div>","protected":false},"excerpt":{"rendered":"<p>[vc_row][vc_column width=&#8220;2\/3&#8243;][vc_column_text css=&#8220;&#8220; el_class=&#8220;general&#8220;]Entdecken Sie die Geschichte, die Kultur und die einzigartigen Highlights von Paris mit den gef\u00fchrten Spazierg\u00e4ngen von TimeStreet. Auf jeder Reise besuchen Sie nicht nur die ber\u00fchmtesten Wahrzeichen der Stadt, sondern entdecken [&hellip;]<\/p>\n","protected":false},"author":1,"featured_media":0,"parent":0,"menu_order":0,"comment_status":"closed","ping_status":"closed","template":"","meta":{"footnotes":""},"class_list":["post-1379","page","type-page","status-publish","hentry"],"yoast_head":"<!-- This site is optimized with the Yoast SEO Premium plugin v26.4 (Yoast SEO v27.6) - https:\/\/yoast.com\/product\/yoast-seo-premium-wordpress\/ -->\n<title>TimeStreet | Erleben Sie die Highlights von Paris mit gef\u00fchrten Spazierg\u00e4ngen<\/title>\n<meta name=\"description\" content=\"Erleben Sie den Zauber von Paris mit den gef\u00fchrten Spazierg\u00e4ngen von TimeStreet. Entdecken Sie die Geschichte, die Kultur und die ikonischen Wahrzeichen der Stadt.\" \/>\n<meta name=\"robots\" content=\"index, follow, max-snippet:-1, max-image-preview:large, max-video-preview:-1\" \/>\n<link rel=\"canonical\" href=\"https:\/\/timestreet.eu\/de\/gefuehrte-spaziergaenge-durch-paris\/\" \/>\n<meta property=\"og:locale\" content=\"de_DE\" \/>\n<meta property=\"og:type\" content=\"article\" \/>\n<meta property=\"og:title\" content=\"Gef\u00fchrte Spazierg\u00e4nge durch Paris\" \/>\n<meta property=\"og:description\" content=\"Erleben Sie den Zauber von Paris mit den gef\u00fchrten Spazierg\u00e4ngen von TimeStreet. Entdecken Sie die Geschichte, die Kultur und die ikonischen Wahrzeichen der Stadt.\" \/>\n<meta property=\"og:url\" content=\"https:\/\/timestreet.eu\/de\/gefuehrte-spaziergaenge-durch-paris\/\" \/>\n<meta property=\"og:site_name\" content=\"TimeStreet\" \/>\n<meta property=\"article:modified_time\" content=\"2025-01-26T18:55:03+00:00\" \/>\n<meta name=\"twitter:card\" content=\"summary_large_image\" \/>\n<meta name=\"twitter:label1\" content=\"Gesch\u00e4tzte Lesezeit\" \/>\n\t<meta name=\"twitter:data1\" content=\"2\u00a0Minuten\" \/>\n<script type=\"application\/ld+json\" class=\"yoast-schema-graph\">{\"@context\":\"https:\\\/\\\/schema.org\",\"@graph\":[{\"@type\":\"WebPage\",\"@id\":\"https:\\\/\\\/timestreet.eu\\\/de\\\/gefuehrte-spaziergaenge-durch-paris\\\/\",\"url\":\"https:\\\/\\\/timestreet.eu\\\/de\\\/gefuehrte-spaziergaenge-durch-paris\\\/\",\"name\":\"TimeStreet | Erleben Sie die Highlights von Paris mit gef\u00fchrten Spazierg\u00e4ngen\",\"isPartOf\":{\"@id\":\"https:\\\/\\\/timestreet.eu\\\/de\\\/#website\"},\"datePublished\":\"2024-12-25T21:34:26+00:00\",\"dateModified\":\"2025-01-26T18:55:03+00:00\",\"description\":\"Erleben Sie den Zauber von Paris mit den gef\u00fchrten Spazierg\u00e4ngen von TimeStreet. Entdecken Sie die Geschichte, die Kultur und die ikonischen Wahrzeichen der Stadt.\",\"breadcrumb\":{\"@id\":\"https:\\\/\\\/timestreet.eu\\\/de\\\/gefuehrte-spaziergaenge-durch-paris\\\/#breadcrumb\"},\"inLanguage\":\"de\",\"potentialAction\":[{\"@type\":\"ReadAction\",\"target\":[\"https:\\\/\\\/timestreet.eu\\\/de\\\/gefuehrte-spaziergaenge-durch-paris\\\/\"]}]},{\"@type\":\"BreadcrumbList\",\"@id\":\"https:\\\/\\\/timestreet.eu\\\/de\\\/gefuehrte-spaziergaenge-durch-paris\\\/#breadcrumb\",\"itemListElement\":[{\"@type\":\"ListItem\",\"position\":1,\"name\":\"Home\",\"item\":\"https:\\\/\\\/timestreet.eu\\\/de\\\/\"},{\"@type\":\"ListItem\",\"position\":2,\"name\":\"Gef\u00fchrte Spazierg\u00e4nge durch Paris\"}]},{\"@type\":\"WebSite\",\"@id\":\"https:\\\/\\\/timestreet.eu\\\/de\\\/#website\",\"url\":\"https:\\\/\\\/timestreet.eu\\\/de\\\/\",\"name\":\"TimeStreet App\",\"description\":\"Historical Travel Guide\",\"publisher\":{\"@id\":\"https:\\\/\\\/timestreet.eu\\\/de\\\/#organization\"},\"alternateName\":\"TimeStreet\",\"potentialAction\":[{\"@type\":\"SearchAction\",\"target\":{\"@type\":\"EntryPoint\",\"urlTemplate\":\"https:\\\/\\\/timestreet.eu\\\/de\\\/?s={search_term_string}\"},\"query-input\":{\"@type\":\"PropertyValueSpecification\",\"valueRequired\":true,\"valueName\":\"search_term_string\"}}],\"inLanguage\":\"de\"},{\"@type\":\"Organization\",\"@id\":\"https:\\\/\\\/timestreet.eu\\\/de\\\/#organization\",\"name\":\"TimeStreet\",\"url\":\"https:\\\/\\\/timestreet.eu\\\/de\\\/\",\"logo\":{\"@type\":\"ImageObject\",\"inLanguage\":\"de\",\"@id\":\"https:\\\/\\\/timestreet.eu\\\/de\\\/#\\\/schema\\\/logo\\\/image\\\/\",\"url\":\"https:\\\/\\\/timestreet.eu\\\/wp-content\\\/uploads\\\/2024\\\/08\\\/timestreet-logo-terracotta-512-x-512.png\",\"contentUrl\":\"https:\\\/\\\/timestreet.eu\\\/wp-content\\\/uploads\\\/2024\\\/08\\\/timestreet-logo-terracotta-512-x-512.png\",\"width\":2085,\"height\":2084,\"caption\":\"TimeStreet\"},\"image\":{\"@id\":\"https:\\\/\\\/timestreet.eu\\\/de\\\/#\\\/schema\\\/logo\\\/image\\\/\"},\"sameAs\":[\"https:\\\/\\\/www.instagram.com\\\/timestreet.eu\\\/\"]}]}<\/script>\n<!-- \/ Yoast SEO Premium plugin. -->","yoast_head_json":{"title":"TimeStreet | Erleben Sie die Highlights von Paris mit gef\u00fchrten Spazierg\u00e4ngen","description":"Erleben Sie den Zauber von Paris mit den gef\u00fchrten Spazierg\u00e4ngen von TimeStreet. Entdecken Sie die Geschichte, die Kultur und die ikonischen Wahrzeichen der Stadt.","robots":{"index":"index","follow":"follow","max-snippet":"max-snippet:-1","max-image-preview":"max-image-preview:large","max-video-preview":"max-video-preview:-1"},"canonical":"https:\/\/timestreet.eu\/de\/gefuehrte-spaziergaenge-durch-paris\/","og_locale":"de_DE","og_type":"article","og_title":"Gef\u00fchrte Spazierg\u00e4nge durch Paris","og_description":"Erleben Sie den Zauber von Paris mit den gef\u00fchrten Spazierg\u00e4ngen von TimeStreet. Entdecken Sie die Geschichte, die Kultur und die ikonischen Wahrzeichen der Stadt.","og_url":"https:\/\/timestreet.eu\/de\/gefuehrte-spaziergaenge-durch-paris\/","og_site_name":"TimeStreet","article_modified_time":"2025-01-26T18:55:03+00:00","twitter_card":"summary_large_image","twitter_misc":{"Gesch\u00e4tzte Lesezeit":"2\u00a0Minuten"},"schema":{"@context":"https:\/\/schema.org","@graph":[{"@type":"WebPage","@id":"https:\/\/timestreet.eu\/de\/gefuehrte-spaziergaenge-durch-paris\/","url":"https:\/\/timestreet.eu\/de\/gefuehrte-spaziergaenge-durch-paris\/","name":"TimeStreet | Erleben Sie die Highlights von Paris mit gef\u00fchrten Spazierg\u00e4ngen","isPartOf":{"@id":"https:\/\/timestreet.eu\/de\/#website"},"datePublished":"2024-12-25T21:34:26+00:00","dateModified":"2025-01-26T18:55:03+00:00","description":"Erleben Sie den Zauber von Paris mit den gef\u00fchrten Spazierg\u00e4ngen von TimeStreet. Entdecken Sie die Geschichte, die Kultur und die ikonischen Wahrzeichen der Stadt.","breadcrumb":{"@id":"https:\/\/timestreet.eu\/de\/gefuehrte-spaziergaenge-durch-paris\/#breadcrumb"},"inLanguage":"de","potentialAction":[{"@type":"ReadAction","target":["https:\/\/timestreet.eu\/de\/gefuehrte-spaziergaenge-durch-paris\/"]}]},{"@type":"BreadcrumbList","@id":"https:\/\/timestreet.eu\/de\/gefuehrte-spaziergaenge-durch-paris\/#breadcrumb","itemListElement":[{"@type":"ListItem","position":1,"name":"Home","item":"https:\/\/timestreet.eu\/de\/"},{"@type":"ListItem","position":2,"name":"Gef\u00fchrte Spazierg\u00e4nge durch Paris"}]},{"@type":"WebSite","@id":"https:\/\/timestreet.eu\/de\/#website","url":"https:\/\/timestreet.eu\/de\/","name":"TimeStreet App","description":"Historical Travel Guide","publisher":{"@id":"https:\/\/timestreet.eu\/de\/#organization"},"alternateName":"TimeStreet","potentialAction":[{"@type":"SearchAction","target":{"@type":"EntryPoint","urlTemplate":"https:\/\/timestreet.eu\/de\/?s={search_term_string}"},"query-input":{"@type":"PropertyValueSpecification","valueRequired":true,"valueName":"search_term_string"}}],"inLanguage":"de"},{"@type":"Organization","@id":"https:\/\/timestreet.eu\/de\/#organization","name":"TimeStreet","url":"https:\/\/timestreet.eu\/de\/","logo":{"@type":"ImageObject","inLanguage":"de","@id":"https:\/\/timestreet.eu\/de\/#\/schema\/logo\/image\/","url":"https:\/\/timestreet.eu\/wp-content\/uploads\/2024\/08\/timestreet-logo-terracotta-512-x-512.png","contentUrl":"https:\/\/timestreet.eu\/wp-content\/uploads\/2024\/08\/timestreet-logo-terracotta-512-x-512.png","width":2085,"height":2084,"caption":"TimeStreet"},"image":{"@id":"https:\/\/timestreet.eu\/de\/#\/schema\/logo\/image\/"},"sameAs":["https:\/\/www.instagram.com\/timestreet.eu\/"]}]}},"_links":{"self":[{"href":"https:\/\/timestreet.eu\/de\/wp-json\/wp\/v2\/pages\/1379","targetHints":{"allow":["GET"]}}],"collection":[{"href":"https:\/\/timestreet.eu\/de\/wp-json\/wp\/v2\/pages"}],"about":[{"href":"https:\/\/timestreet.eu\/de\/wp-json\/wp\/v2\/types\/page"}],"author":[{"embeddable":true,"href":"https:\/\/timestreet.eu\/de\/wp-json\/wp\/v2\/users\/1"}],"replies":[{"embeddable":true,"href":"https:\/\/timestreet.eu\/de\/wp-json\/wp\/v2\/comments?post=1379"}],"version-history":[{"count":8,"href":"https:\/\/timestreet.eu\/de\/wp-json\/wp\/v2\/pages\/1379\/revisions"}],"predecessor-version":[{"id":1419,"href":"https:\/\/timestreet.eu\/de\/wp-json\/wp\/v2\/pages\/1379\/revisions\/1419"}],"wp:attachment":[{"href":"https:\/\/timestreet.eu\/de\/wp-json\/wp\/v2\/media?parent=1379"}],"curies":[{"name":"wp","href":"https:\/\/api.w.org\/{rel}","templated":true}]}}