{"id":1153,"date":"2025-01-02T11:00:22","date_gmt":"2025-01-02T11:00:22","guid":{"rendered":"https:\/\/timestreet.eu\/detras-de-la-aplicacion\/"},"modified":"2025-01-02T22:04:38","modified_gmt":"2025-01-02T22:04:38","slug":"detras-de-la-aplicacion","status":"publish","type":"page","link":"https:\/\/timestreet.eu\/es\/quienes-somos\/detras-de-la-aplicacion\/","title":{"rendered":"Detr\u00e1s de la aplicaci\u00f3n"},"content":{"rendered":"<div class=\"wpb-content-wrapper\"><p>[vc_row][vc_column width=\u00bb1\/3&#8243;]\r\n\t\t  <div class=\"member-wrap member-8183 \" data-delay=0>\r\n\t\t\t  <div class=\"member\" >\r\n\t\t\t  \t  <div class=\"img-mb\">\t\r\n\t\t\t\t\t  <div class=\"hover-image\"><img decoding=\"async\" src=\"https:\/\/timestreet.eu\/wp-content\/uploads\/2024\/08\/Dejan-Podhraski-e1724658874150.jpeg\" title=\"Dejan Podhra\u0161ki\" alt=\"Dejan Podhra\u0161ki\"  \/><\/div>\t  \r\n\t\t\t\t  <\/div>\r\n\t\t\t\t  <div class=\"member-info\">\r\n\t\t\t\t\t\t  <h2 class=\"member-name font-2\">Dejan Podhra\u0161ki<\/h2>\r\n\t\t\t\t\t\t  <p><\/p>\r\n\t\t\t\t\t\t  <div class=\"mb-content\">Soy abogado y economista de profesi\u00f3n, y aunque me gusta la ambig\u00fcedad de los n\u00fameros, creo que es el arte y la cultura en el sentido m\u00e1s amplio de la palabra lo que alimenta el alma humana. En TimeStreet queremos acercarte las historias del pasado y darte una idea de c\u00f3mo viv\u00edan tus antepasados.<\/div>\r\n\t\t\t\t\t\t  <div class=\"member-social\">\r\n\t\t\t\t\t\t\t  \r\n\t\t\t\t\t\t  <\/div>\r\n\t\t\t\t  <\/div>\r\n\t\t\t  <\/div>\r\n\t\t  <\/div>\r\n\t\t[\/vc_column][vc_column width=\u00bb1\/3&#8243;]\r\n\t\t  <div class=\"member-wrap member-9318 \" data-delay=0>\r\n\t\t\t  <div class=\"member\" >\r\n\t\t\t  \t  <div class=\"img-mb\">\t\r\n\t\t\t\t\t  <div class=\"hover-image\"><img decoding=\"async\" src=\"https:\/\/timestreet.eu\/wp-content\/uploads\/2024\/08\/Clarisse-Bremaud-e1724659894135.jpeg\" title=\"Clarisse Br\u00e9maud\" alt=\"Clarisse Br\u00e9maud\"  \/><\/div>\t  \r\n\t\t\t\t  <\/div>\r\n\t\t\t\t  <div class=\"member-info\">\r\n\t\t\t\t\t\t  <h2 class=\"member-name font-2\">Clarisse Br\u00e9maud<\/h2>\r\n\t\t\t\t\t\t  <p><\/p>\r\n\t\t\t\t\t\t  <div class=\"mb-content\">\u00a1Hola! Me llamo Clarisse y me apasionan el arte y la historia. Hacer que el arte y el patrimonio sean accesibles al mayor n\u00famero de personas posible es esencial para m\u00ed, \u00a1y eso es algo que vuelvo a encontrar con TimeStreet! Me encanta descubrir el arte en todas sus formas, y Par\u00eds tiene una rica oferta cultural de la que es dif\u00edcil aburrirse.<\/div>\r\n\t\t\t\t\t\t  <div class=\"member-social\">\r\n\t\t\t\t\t\t\t  \r\n\t\t\t\t\t\t  <\/div>\r\n\t\t\t\t  <\/div>\r\n\t\t\t  <\/div>\r\n\t\t  <\/div>\r\n\t\t[\/vc_column][vc_column width=\u00bb1\/3&#8243;]\r\n\t\t  <div class=\"member-wrap member-9193 \" data-delay=0>\r\n\t\t\t  <div class=\"member\" >\r\n\t\t\t  \t  <div class=\"img-mb\">\t\r\n\t\t\t\t\t  <div class=\"hover-image\"><img decoding=\"async\" src=\"https:\/\/timestreet.eu\/wp-content\/uploads\/2024\/08\/Anja-Kajic-e1724661520467.jpeg\" title=\"Anja Kaji\u010d\" alt=\"Anja Kaji\u010d\"  \/><\/div>\t  \r\n\t\t\t\t  <\/div>\r\n\t\t\t\t  <div class=\"member-info\">\r\n\t\t\t\t\t\t  <h2 class=\"member-name font-2\">Anja Kaji\u010d<\/h2>\r\n\t\t\t\t\t\t  <p><\/p>\r\n\t\t\t\t\t\t  <div class=\"mb-content\">Hola, soy Anja, actualmente cursando estudios de Historia y Esloveno en la Universidad de Liubliana, y cuando no estoy absorta conjugando verbos eslovenos o corrigiendo la gram\u00e1tica, me encanta explorar las historias del pasado de diversas culturas y pa\u00edses, fusionando a la perfecci\u00f3n mi pasi\u00f3n por la historia con el arte.<\/div>\r\n\t\t\t\t\t\t  <div class=\"member-social\">\r\n\t\t\t\t\t\t\t  \r\n\t\t\t\t\t\t  <\/div>\r\n\t\t\t\t  <\/div>\r\n\t\t\t  <\/div>\r\n\t\t  <\/div>\r\n\t\t[\/vc_column][\/vc_row][vc_row][vc_column][vc_empty_space height=\u00bb8px\u00bb][\/vc_column][\/vc_row][vc_row][vc_column width=\u00bb1\/3&#8243;]\r\n\t\t  <div class=\"member-wrap member-7564 \" data-delay=0>\r\n\t\t\t  <div class=\"member\" >\r\n\t\t\t  \t  <div class=\"img-mb\">\t\r\n\t\t\t\t\t  <div class=\"hover-image\"><img decoding=\"async\" src=\"https:\/\/timestreet.eu\/wp-content\/uploads\/2024\/08\/Pavel-Lipovsek.jpeg\" title=\"Pavel Lipov\u0161ek\" alt=\"Pavel Lipov\u0161ek\"  \/><\/div>\t  \r\n\t\t\t\t  <\/div>\r\n\t\t\t\t  <div class=\"member-info\">\r\n\t\t\t\t\t\t  <h2 class=\"member-name font-2\">Pavel Lipov\u0161ek<\/h2>\r\n\t\t\t\t\t\t  <p><\/p>\r\n\t\t\t\t\t\t  <div class=\"mb-content\">Hola, me llamo Pavel y soy urbanista de profesi\u00f3n. Mi fascinaci\u00f3n de toda la vida por la geograf\u00eda y la historia me ha proporcionado un profundo conocimiento de mi ciudad natal. M\u00e1s all\u00e1 de mis actividades profesionales, me apasiona la m\u00fasica y presento un programa mensual sobre urbanismo en Radio Student.  <\/div>\r\n\t\t\t\t\t\t  <div class=\"member-social\">\r\n\t\t\t\t\t\t\t  \r\n\t\t\t\t\t\t  <\/div>\r\n\t\t\t\t  <\/div>\r\n\t\t\t  <\/div>\r\n\t\t  <\/div>\r\n\t\t[\/vc_column][vc_column width=\u00bb1\/3&#8243;]\r\n\t\t  <div class=\"member-wrap member-4431 \" data-delay=0>\r\n\t\t\t  <div class=\"member\" >\r\n\t\t\t  \t  <div class=\"img-mb\">\t\r\n\t\t\t\t\t  <div class=\"hover-image\"><img decoding=\"async\" src=\"https:\/\/timestreet.eu\/wp-content\/uploads\/2024\/08\/Lucija-Lunder-e1724661579262.jpeg\" title=\"Lucija Lunder\" alt=\"Lucija Lunder\"  \/><\/div>\t  \r\n\t\t\t\t  <\/div>\r\n\t\t\t\t  <div class=\"member-info\">\r\n\t\t\t\t\t\t  <h2 class=\"member-name font-2\">Lucija Lunder<\/h2>\r\n\t\t\t\t\t\t  <p><\/p>\r\n\t\t\t\t\t\t  <div class=\"mb-content\">Saludos, soy Lucija, licenciada en Historia del Arte y Filosof\u00eda que ahora cursa un m\u00e1ster en Historia del Arte e Historia, especializado en Pedagog\u00eda. Mi estancia en los museos de Liubliana y un semestre en Praga ampliaron mis perspectivas sobre el arte y la historia. Me encanta viajar y explorar instituciones culturales.  <\/div>\r\n\t\t\t\t\t\t  <div class=\"member-social\">\r\n\t\t\t\t\t\t\t  \r\n\t\t\t\t\t\t  <\/div>\r\n\t\t\t\t  <\/div>\r\n\t\t\t  <\/div>\r\n\t\t  <\/div>\r\n\t\t[\/vc_column][vc_column width=\u00bb1\/3&#8243;]\r\n\t\t  <div class=\"member-wrap member-2033 \" data-delay=0>\r\n\t\t\t  <div class=\"member\" >\r\n\t\t\t  \t  <div class=\"img-mb\">\t\r\n\t\t\t\t\t  <div class=\"hover-image\"><img decoding=\"async\" src=\"https:\/\/timestreet.eu\/wp-content\/uploads\/2024\/08\/Hanibal-e1724661618402.jpeg\" title=\"Hanibal\" alt=\"Hanibal\"  \/><\/div>\t  \r\n\t\t\t\t  <\/div>\r\n\t\t\t\t  <div class=\"member-info\">\r\n\t\t\t\t\t\t  <h2 class=\"member-name font-2\">Hanibal<\/h2>\r\n\t\t\t\t\t\t  <p><\/p>\r\n\t\t\t\t\t\t  <div class=\"mb-content\">Hola, soy Hanibal, el genio cuadr\u00fapedo detr\u00e1s de Time Street. Como miembro honorario del equipo, estoy aqu\u00ed para olfatear la historia, huella a huella. Acomp\u00e1\u00f1ame en este viaje por el pasado, donde cada trama tiene una historia y cada ladrido resuena en los anales del tiempo.<\/div>\r\n\t\t\t\t\t\t  <div class=\"member-social\">\r\n\t\t\t\t\t\t\t  \r\n\t\t\t\t\t\t  <\/div>\r\n\t\t\t\t  <\/div>\r\n\t\t\t  <\/div>\r\n\t\t  <\/div>\r\n\t\t[\/vc_column][\/vc_row]<\/p>\n<\/div>","protected":false},"excerpt":{"rendered":"<p>[vc_row][vc_column width=\u00bb1\/3&#8243;][\/vc_column][vc_column width=\u00bb1\/3&#8243;][\/vc_column][vc_column width=\u00bb1\/3&#8243;][\/vc_column][\/vc_row][vc_row][vc_column][vc_empty_space height=\u00bb8px\u00bb][\/vc_column][\/vc_row][vc_row][vc_column width=\u00bb1\/3&#8243;][\/vc_column][vc_column width=\u00bb1\/3&#8243;][\/vc_column][vc_column width=\u00bb1\/3&#8243;][\/vc_column][\/vc_row]<\/p>\n","protected":false},"author":1,"featured_media":0,"parent":1154,"menu_order":0,"comment_status":"closed","ping_status":"closed","template":"","meta":{"footnotes":""},"class_list":["post-1153","page","type-page","status-publish","hentry"],"yoast_head":"<!-- This site is optimized with the Yoast SEO Premium plugin v26.4 (Yoast SEO v27.5) - https:\/\/yoast.com\/product\/yoast-seo-premium-wordpress\/ -->\n<title>Detr\u00e1s de la aplicaci\u00f3n | TimeStreet<\/title>\n<meta name=\"robots\" content=\"index, follow, max-snippet:-1, max-image-preview:large, max-video-preview:-1\" \/>\n<link rel=\"canonical\" href=\"https:\/\/timestreet.eu\/es\/quienes-somos\/detras-de-la-aplicacion\/\" \/>\n<meta property=\"og:locale\" content=\"es_ES\" \/>\n<meta property=\"og:type\" content=\"article\" \/>\n<meta property=\"og:title\" content=\"Detr\u00e1s de la aplicaci\u00f3n\" \/>\n<meta property=\"og:description\" content=\"[vc_row][vc_column width=\u00bb1\/3&#8243;][\/vc_column][vc_column width=\u00bb1\/3&#8243;][\/vc_column][vc_column width=\u00bb1\/3&#8243;][\/vc_column][\/vc_row][vc_row][vc_column][vc_empty_space height=\u00bb8px\u00bb][\/vc_column][\/vc_row][vc_row][vc_column width=\u00bb1\/3&#8243;][\/vc_column][vc_column width=\u00bb1\/3&#8243;][\/vc_column][vc_column width=\u00bb1\/3&#8243;][\/vc_column][\/vc_row]\" \/>\n<meta property=\"og:url\" content=\"https:\/\/timestreet.eu\/es\/quienes-somos\/detras-de-la-aplicacion\/\" \/>\n<meta property=\"og:site_name\" content=\"TimeStreet\" \/>\n<meta property=\"article:modified_time\" content=\"2025-01-02T22:04:38+00:00\" \/>\n<meta name=\"twitter:card\" content=\"summary_large_image\" \/>\n<script type=\"application\/ld+json\" class=\"yoast-schema-graph\">{\"@context\":\"https:\\\/\\\/schema.org\",\"@graph\":[{\"@type\":\"WebPage\",\"@id\":\"https:\\\/\\\/timestreet.eu\\\/es\\\/quienes-somos\\\/detras-de-la-aplicacion\\\/\",\"url\":\"https:\\\/\\\/timestreet.eu\\\/es\\\/quienes-somos\\\/detras-de-la-aplicacion\\\/\",\"name\":\"Detr\u00e1s de la aplicaci\u00f3n | TimeStreet\",\"isPartOf\":{\"@id\":\"https:\\\/\\\/timestreet.eu\\\/es\\\/#website\"},\"datePublished\":\"2025-01-02T11:00:22+00:00\",\"dateModified\":\"2025-01-02T22:04:38+00:00\",\"breadcrumb\":{\"@id\":\"https:\\\/\\\/timestreet.eu\\\/es\\\/quienes-somos\\\/detras-de-la-aplicacion\\\/#breadcrumb\"},\"inLanguage\":\"es\",\"potentialAction\":[{\"@type\":\"ReadAction\",\"target\":[\"https:\\\/\\\/timestreet.eu\\\/es\\\/quienes-somos\\\/detras-de-la-aplicacion\\\/\"]}]},{\"@type\":\"BreadcrumbList\",\"@id\":\"https:\\\/\\\/timestreet.eu\\\/es\\\/quienes-somos\\\/detras-de-la-aplicacion\\\/#breadcrumb\",\"itemListElement\":[{\"@type\":\"ListItem\",\"position\":1,\"name\":\"Home\",\"item\":\"https:\\\/\\\/timestreet.eu\\\/es\\\/\"},{\"@type\":\"ListItem\",\"position\":2,\"name\":\"Detr\u00e1s de la aplicaci\u00f3n\"}]},{\"@type\":\"WebSite\",\"@id\":\"https:\\\/\\\/timestreet.eu\\\/es\\\/#website\",\"url\":\"https:\\\/\\\/timestreet.eu\\\/es\\\/\",\"name\":\"TimeStreet App\",\"description\":\"Historical Travel Guide\",\"publisher\":{\"@id\":\"https:\\\/\\\/timestreet.eu\\\/es\\\/#organization\"},\"alternateName\":\"TimeStreet\",\"potentialAction\":[{\"@type\":\"SearchAction\",\"target\":{\"@type\":\"EntryPoint\",\"urlTemplate\":\"https:\\\/\\\/timestreet.eu\\\/es\\\/?s={search_term_string}\"},\"query-input\":{\"@type\":\"PropertyValueSpecification\",\"valueRequired\":true,\"valueName\":\"search_term_string\"}}],\"inLanguage\":\"es\"},{\"@type\":\"Organization\",\"@id\":\"https:\\\/\\\/timestreet.eu\\\/es\\\/#organization\",\"name\":\"TimeStreet\",\"url\":\"https:\\\/\\\/timestreet.eu\\\/es\\\/\",\"logo\":{\"@type\":\"ImageObject\",\"inLanguage\":\"es\",\"@id\":\"https:\\\/\\\/timestreet.eu\\\/es\\\/#\\\/schema\\\/logo\\\/image\\\/\",\"url\":\"https:\\\/\\\/timestreet.eu\\\/wp-content\\\/uploads\\\/2024\\\/08\\\/timestreet-logo-terracotta-512-x-512.png\",\"contentUrl\":\"https:\\\/\\\/timestreet.eu\\\/wp-content\\\/uploads\\\/2024\\\/08\\\/timestreet-logo-terracotta-512-x-512.png\",\"width\":2085,\"height\":2084,\"caption\":\"TimeStreet\"},\"image\":{\"@id\":\"https:\\\/\\\/timestreet.eu\\\/es\\\/#\\\/schema\\\/logo\\\/image\\\/\"},\"sameAs\":[\"https:\\\/\\\/www.instagram.com\\\/timestreet.eu\\\/\"]}]}<\/script>\n<!-- \/ Yoast SEO Premium plugin. -->","yoast_head_json":{"title":"Detr\u00e1s de la aplicaci\u00f3n | TimeStreet","robots":{"index":"index","follow":"follow","max-snippet":"max-snippet:-1","max-image-preview":"max-image-preview:large","max-video-preview":"max-video-preview:-1"},"canonical":"https:\/\/timestreet.eu\/es\/quienes-somos\/detras-de-la-aplicacion\/","og_locale":"es_ES","og_type":"article","og_title":"Detr\u00e1s de la aplicaci\u00f3n","og_description":"[vc_row][vc_column width=\u00bb1\/3&#8243;][\/vc_column][vc_column width=\u00bb1\/3&#8243;][\/vc_column][vc_column width=\u00bb1\/3&#8243;][\/vc_column][\/vc_row][vc_row][vc_column][vc_empty_space height=\u00bb8px\u00bb][\/vc_column][\/vc_row][vc_row][vc_column width=\u00bb1\/3&#8243;][\/vc_column][vc_column width=\u00bb1\/3&#8243;][\/vc_column][vc_column width=\u00bb1\/3&#8243;][\/vc_column][\/vc_row]","og_url":"https:\/\/timestreet.eu\/es\/quienes-somos\/detras-de-la-aplicacion\/","og_site_name":"TimeStreet","article_modified_time":"2025-01-02T22:04:38+00:00","twitter_card":"summary_large_image","schema":{"@context":"https:\/\/schema.org","@graph":[{"@type":"WebPage","@id":"https:\/\/timestreet.eu\/es\/quienes-somos\/detras-de-la-aplicacion\/","url":"https:\/\/timestreet.eu\/es\/quienes-somos\/detras-de-la-aplicacion\/","name":"Detr\u00e1s de la aplicaci\u00f3n | TimeStreet","isPartOf":{"@id":"https:\/\/timestreet.eu\/es\/#website"},"datePublished":"2025-01-02T11:00:22+00:00","dateModified":"2025-01-02T22:04:38+00:00","breadcrumb":{"@id":"https:\/\/timestreet.eu\/es\/quienes-somos\/detras-de-la-aplicacion\/#breadcrumb"},"inLanguage":"es","potentialAction":[{"@type":"ReadAction","target":["https:\/\/timestreet.eu\/es\/quienes-somos\/detras-de-la-aplicacion\/"]}]},{"@type":"BreadcrumbList","@id":"https:\/\/timestreet.eu\/es\/quienes-somos\/detras-de-la-aplicacion\/#breadcrumb","itemListElement":[{"@type":"ListItem","position":1,"name":"Home","item":"https:\/\/timestreet.eu\/es\/"},{"@type":"ListItem","position":2,"name":"Detr\u00e1s de la aplicaci\u00f3n"}]},{"@type":"WebSite","@id":"https:\/\/timestreet.eu\/es\/#website","url":"https:\/\/timestreet.eu\/es\/","name":"TimeStreet App","description":"Historical Travel Guide","publisher":{"@id":"https:\/\/timestreet.eu\/es\/#organization"},"alternateName":"TimeStreet","potentialAction":[{"@type":"SearchAction","target":{"@type":"EntryPoint","urlTemplate":"https:\/\/timestreet.eu\/es\/?s={search_term_string}"},"query-input":{"@type":"PropertyValueSpecification","valueRequired":true,"valueName":"search_term_string"}}],"inLanguage":"es"},{"@type":"Organization","@id":"https:\/\/timestreet.eu\/es\/#organization","name":"TimeStreet","url":"https:\/\/timestreet.eu\/es\/","logo":{"@type":"ImageObject","inLanguage":"es","@id":"https:\/\/timestreet.eu\/es\/#\/schema\/logo\/image\/","url":"https:\/\/timestreet.eu\/wp-content\/uploads\/2024\/08\/timestreet-logo-terracotta-512-x-512.png","contentUrl":"https:\/\/timestreet.eu\/wp-content\/uploads\/2024\/08\/timestreet-logo-terracotta-512-x-512.png","width":2085,"height":2084,"caption":"TimeStreet"},"image":{"@id":"https:\/\/timestreet.eu\/es\/#\/schema\/logo\/image\/"},"sameAs":["https:\/\/www.instagram.com\/timestreet.eu\/"]}]}},"_links":{"self":[{"href":"https:\/\/timestreet.eu\/es\/wp-json\/wp\/v2\/pages\/1153","targetHints":{"allow":["GET"]}}],"collection":[{"href":"https:\/\/timestreet.eu\/es\/wp-json\/wp\/v2\/pages"}],"about":[{"href":"https:\/\/timestreet.eu\/es\/wp-json\/wp\/v2\/types\/page"}],"author":[{"embeddable":true,"href":"https:\/\/timestreet.eu\/es\/wp-json\/wp\/v2\/users\/1"}],"replies":[{"embeddable":true,"href":"https:\/\/timestreet.eu\/es\/wp-json\/wp\/v2\/comments?post=1153"}],"version-history":[{"count":1,"href":"https:\/\/timestreet.eu\/es\/wp-json\/wp\/v2\/pages\/1153\/revisions"}],"predecessor-version":[{"id":1156,"href":"https:\/\/timestreet.eu\/es\/wp-json\/wp\/v2\/pages\/1153\/revisions\/1156"}],"up":[{"embeddable":true,"href":"https:\/\/timestreet.eu\/es\/wp-json\/wp\/v2\/pages\/1154"}],"wp:attachment":[{"href":"https:\/\/timestreet.eu\/es\/wp-json\/wp\/v2\/media?parent=1153"}],"curies":[{"name":"wp","href":"https:\/\/api.w.org\/{rel}","templated":true}]}}