{"id":1189,"date":"2024-12-29T20:14:15","date_gmt":"2024-12-29T20:14:15","guid":{"rendered":"https:\/\/timestreet.eu\/la-cita-de-los-escritores\/"},"modified":"2025-01-26T18:56:08","modified_gmt":"2025-01-26T18:56:08","slug":"la-cita-de-los-escritores","status":"publish","type":"page","link":"https:\/\/timestreet.eu\/es\/paseos-guiados-por-paris\/la-cita-de-los-escritores\/","title":{"rendered":"La cita de los escritores"},"content":{"rendered":"<div class=\"wpb-content-wrapper\"><p>[vc_row][vc_column width=\u00bb1\/4&#8243;][vc_column_text css=\u00bb\u00bb el_class=\u00bbwalks\u00bb]Hervidero de la vida intelectual parisina, el barrio ha sido lugar predilecto de artistas y escritores desde el siglo XVII, atra\u00eddos por sus caf\u00e9s y salones literarios. D\u00e9janos ser tu gu\u00eda y descubre la vibrante vida de Saint-Germain-des-Pr\u00e8s.[\/vc_column_text][\/vc_column][vc_column width=\u00bb1\/4&#8243;][vc_single_image image=\u00bb850&#8243; img_size=\u00bblarge\u00bb alignment=\u00bbcenter\u00bb css=\u00bb\u00bb][\/vc_column][vc_column width=\u00bb1\/4&#8243;][vc_single_image image=\u00bb856&#8243; img_size=\u00bblarge\u00bb alignment=\u00bbcenter\u00bb css=\u00bb\u00bb][\/vc_column][vc_column width=\u00bb1\/4&#8243;][vc_single_image image=\u00bb862&#8243; img_size=\u00bblarge\u00bb alignment=\u00bbcenter\u00bb css=\u00bb\u00bb][\/vc_column][\/vc_row]<\/p>\n<\/div>","protected":false},"excerpt":{"rendered":"<p>[vc_row][vc_column width=\u00bb1\/4&#8243;][vc_column_text css=\u00bb\u00bb el_class=\u00bbwalks\u00bb]Hervidero de la vida intelectual parisina, el barrio ha sido lugar predilecto de artistas y escritores desde el siglo XVII, atra\u00eddos por sus caf\u00e9s y salones literarios. D\u00e9janos ser tu gu\u00eda y [&hellip;]<\/p>\n","protected":false},"author":1,"featured_media":0,"parent":1360,"menu_order":0,"comment_status":"closed","ping_status":"closed","template":"","meta":{"footnotes":""},"class_list":["post-1189","page","type-page","status-publish","hentry"],"yoast_head":"<!-- This site is optimized with the Yoast SEO Premium plugin v26.4 (Yoast SEO v27.4) - https:\/\/yoast.com\/product\/yoast-seo-premium-wordpress\/ -->\n<title>TimeStreet | Explorar los hitos literarios de Par\u00eds en el Paseo de los Escritores<\/title>\n<meta name=\"description\" content=\"Observa Par\u00eds a trav\u00e9s de los ojos de escritores famosos, visitando caf\u00e9s emblem\u00e1ticos, calles ocultas y monumentos hist\u00f3ricos.\" \/>\n<meta name=\"robots\" content=\"index, follow, max-snippet:-1, max-image-preview:large, max-video-preview:-1\" \/>\n<link rel=\"canonical\" href=\"https:\/\/timestreet.eu\/es\/paseos-guiados-por-paris\/la-cita-de-los-escritores\/\" \/>\n<meta property=\"og:locale\" content=\"es_ES\" \/>\n<meta property=\"og:type\" content=\"article\" \/>\n<meta property=\"og:title\" content=\"La cita de los escritores\" \/>\n<meta property=\"og:description\" content=\"Observa Par\u00eds a trav\u00e9s de los ojos de escritores famosos, visitando caf\u00e9s emblem\u00e1ticos, calles ocultas y monumentos hist\u00f3ricos.\" \/>\n<meta property=\"og:url\" content=\"https:\/\/timestreet.eu\/es\/paseos-guiados-por-paris\/la-cita-de-los-escritores\/\" \/>\n<meta property=\"og:site_name\" content=\"TimeStreet\" \/>\n<meta property=\"article:modified_time\" content=\"2025-01-26T18:56:08+00:00\" \/>\n<meta name=\"twitter:card\" content=\"summary_large_image\" \/>\n<meta name=\"twitter:label1\" content=\"Tiempo de lectura\" \/>\n\t<meta name=\"twitter:data1\" content=\"1 minuto\" \/>\n<script type=\"application\/ld+json\" class=\"yoast-schema-graph\">{\"@context\":\"https:\\\/\\\/schema.org\",\"@graph\":[{\"@type\":\"WebPage\",\"@id\":\"https:\\\/\\\/timestreet.eu\\\/es\\\/paseos-guiados-por-paris\\\/la-cita-de-los-escritores\\\/\",\"url\":\"https:\\\/\\\/timestreet.eu\\\/es\\\/paseos-guiados-por-paris\\\/la-cita-de-los-escritores\\\/\",\"name\":\"TimeStreet | Explorar los hitos literarios de Par\u00eds en el Paseo de los Escritores\",\"isPartOf\":{\"@id\":\"https:\\\/\\\/timestreet.eu\\\/es\\\/#website\"},\"datePublished\":\"2024-12-29T20:14:15+00:00\",\"dateModified\":\"2025-01-26T18:56:08+00:00\",\"description\":\"Observa Par\u00eds a trav\u00e9s de los ojos de escritores famosos, visitando caf\u00e9s emblem\u00e1ticos, calles ocultas y monumentos hist\u00f3ricos.\",\"breadcrumb\":{\"@id\":\"https:\\\/\\\/timestreet.eu\\\/es\\\/paseos-guiados-por-paris\\\/la-cita-de-los-escritores\\\/#breadcrumb\"},\"inLanguage\":\"es\",\"potentialAction\":[{\"@type\":\"ReadAction\",\"target\":[\"https:\\\/\\\/timestreet.eu\\\/es\\\/paseos-guiados-por-paris\\\/la-cita-de-los-escritores\\\/\"]}]},{\"@type\":\"BreadcrumbList\",\"@id\":\"https:\\\/\\\/timestreet.eu\\\/es\\\/paseos-guiados-por-paris\\\/la-cita-de-los-escritores\\\/#breadcrumb\",\"itemListElement\":[{\"@type\":\"ListItem\",\"position\":1,\"name\":\"Home\",\"item\":\"https:\\\/\\\/timestreet.eu\\\/es\\\/\"},{\"@type\":\"ListItem\",\"position\":2,\"name\":\"Paseos guiados por Par\u00eds\",\"item\":\"https:\\\/\\\/timestreet.eu\\\/es\\\/paseos-guiados-por-paris\\\/\"},{\"@type\":\"ListItem\",\"position\":3,\"name\":\"La cita de los escritores\"}]},{\"@type\":\"WebSite\",\"@id\":\"https:\\\/\\\/timestreet.eu\\\/es\\\/#website\",\"url\":\"https:\\\/\\\/timestreet.eu\\\/es\\\/\",\"name\":\"TimeStreet App\",\"description\":\"Historical Travel Guide\",\"publisher\":{\"@id\":\"https:\\\/\\\/timestreet.eu\\\/es\\\/#organization\"},\"alternateName\":\"TimeStreet\",\"potentialAction\":[{\"@type\":\"SearchAction\",\"target\":{\"@type\":\"EntryPoint\",\"urlTemplate\":\"https:\\\/\\\/timestreet.eu\\\/es\\\/?s={search_term_string}\"},\"query-input\":{\"@type\":\"PropertyValueSpecification\",\"valueRequired\":true,\"valueName\":\"search_term_string\"}}],\"inLanguage\":\"es\"},{\"@type\":\"Organization\",\"@id\":\"https:\\\/\\\/timestreet.eu\\\/es\\\/#organization\",\"name\":\"TimeStreet\",\"url\":\"https:\\\/\\\/timestreet.eu\\\/es\\\/\",\"logo\":{\"@type\":\"ImageObject\",\"inLanguage\":\"es\",\"@id\":\"https:\\\/\\\/timestreet.eu\\\/es\\\/#\\\/schema\\\/logo\\\/image\\\/\",\"url\":\"https:\\\/\\\/timestreet.eu\\\/wp-content\\\/uploads\\\/2024\\\/08\\\/timestreet-logo-terracotta-512-x-512.png\",\"contentUrl\":\"https:\\\/\\\/timestreet.eu\\\/wp-content\\\/uploads\\\/2024\\\/08\\\/timestreet-logo-terracotta-512-x-512.png\",\"width\":2085,\"height\":2084,\"caption\":\"TimeStreet\"},\"image\":{\"@id\":\"https:\\\/\\\/timestreet.eu\\\/es\\\/#\\\/schema\\\/logo\\\/image\\\/\"},\"sameAs\":[\"https:\\\/\\\/www.instagram.com\\\/timestreet.eu\\\/\"]}]}<\/script>\n<!-- \/ Yoast SEO Premium plugin. -->","yoast_head_json":{"title":"TimeStreet | Explorar los hitos literarios de Par\u00eds en el Paseo de los Escritores","description":"Observa Par\u00eds a trav\u00e9s de los ojos de escritores famosos, visitando caf\u00e9s emblem\u00e1ticos, calles ocultas y monumentos hist\u00f3ricos.","robots":{"index":"index","follow":"follow","max-snippet":"max-snippet:-1","max-image-preview":"max-image-preview:large","max-video-preview":"max-video-preview:-1"},"canonical":"https:\/\/timestreet.eu\/es\/paseos-guiados-por-paris\/la-cita-de-los-escritores\/","og_locale":"es_ES","og_type":"article","og_title":"La cita de los escritores","og_description":"Observa Par\u00eds a trav\u00e9s de los ojos de escritores famosos, visitando caf\u00e9s emblem\u00e1ticos, calles ocultas y monumentos hist\u00f3ricos.","og_url":"https:\/\/timestreet.eu\/es\/paseos-guiados-por-paris\/la-cita-de-los-escritores\/","og_site_name":"TimeStreet","article_modified_time":"2025-01-26T18:56:08+00:00","twitter_card":"summary_large_image","twitter_misc":{"Tiempo de lectura":"1 minuto"},"schema":{"@context":"https:\/\/schema.org","@graph":[{"@type":"WebPage","@id":"https:\/\/timestreet.eu\/es\/paseos-guiados-por-paris\/la-cita-de-los-escritores\/","url":"https:\/\/timestreet.eu\/es\/paseos-guiados-por-paris\/la-cita-de-los-escritores\/","name":"TimeStreet | Explorar los hitos literarios de Par\u00eds en el Paseo de los Escritores","isPartOf":{"@id":"https:\/\/timestreet.eu\/es\/#website"},"datePublished":"2024-12-29T20:14:15+00:00","dateModified":"2025-01-26T18:56:08+00:00","description":"Observa Par\u00eds a trav\u00e9s de los ojos de escritores famosos, visitando caf\u00e9s emblem\u00e1ticos, calles ocultas y monumentos hist\u00f3ricos.","breadcrumb":{"@id":"https:\/\/timestreet.eu\/es\/paseos-guiados-por-paris\/la-cita-de-los-escritores\/#breadcrumb"},"inLanguage":"es","potentialAction":[{"@type":"ReadAction","target":["https:\/\/timestreet.eu\/es\/paseos-guiados-por-paris\/la-cita-de-los-escritores\/"]}]},{"@type":"BreadcrumbList","@id":"https:\/\/timestreet.eu\/es\/paseos-guiados-por-paris\/la-cita-de-los-escritores\/#breadcrumb","itemListElement":[{"@type":"ListItem","position":1,"name":"Home","item":"https:\/\/timestreet.eu\/es\/"},{"@type":"ListItem","position":2,"name":"Paseos guiados por Par\u00eds","item":"https:\/\/timestreet.eu\/es\/paseos-guiados-por-paris\/"},{"@type":"ListItem","position":3,"name":"La cita de los escritores"}]},{"@type":"WebSite","@id":"https:\/\/timestreet.eu\/es\/#website","url":"https:\/\/timestreet.eu\/es\/","name":"TimeStreet App","description":"Historical Travel Guide","publisher":{"@id":"https:\/\/timestreet.eu\/es\/#organization"},"alternateName":"TimeStreet","potentialAction":[{"@type":"SearchAction","target":{"@type":"EntryPoint","urlTemplate":"https:\/\/timestreet.eu\/es\/?s={search_term_string}"},"query-input":{"@type":"PropertyValueSpecification","valueRequired":true,"valueName":"search_term_string"}}],"inLanguage":"es"},{"@type":"Organization","@id":"https:\/\/timestreet.eu\/es\/#organization","name":"TimeStreet","url":"https:\/\/timestreet.eu\/es\/","logo":{"@type":"ImageObject","inLanguage":"es","@id":"https:\/\/timestreet.eu\/es\/#\/schema\/logo\/image\/","url":"https:\/\/timestreet.eu\/wp-content\/uploads\/2024\/08\/timestreet-logo-terracotta-512-x-512.png","contentUrl":"https:\/\/timestreet.eu\/wp-content\/uploads\/2024\/08\/timestreet-logo-terracotta-512-x-512.png","width":2085,"height":2084,"caption":"TimeStreet"},"image":{"@id":"https:\/\/timestreet.eu\/es\/#\/schema\/logo\/image\/"},"sameAs":["https:\/\/www.instagram.com\/timestreet.eu\/"]}]}},"_links":{"self":[{"href":"https:\/\/timestreet.eu\/es\/wp-json\/wp\/v2\/pages\/1189","targetHints":{"allow":["GET"]}}],"collection":[{"href":"https:\/\/timestreet.eu\/es\/wp-json\/wp\/v2\/pages"}],"about":[{"href":"https:\/\/timestreet.eu\/es\/wp-json\/wp\/v2\/types\/page"}],"author":[{"embeddable":true,"href":"https:\/\/timestreet.eu\/es\/wp-json\/wp\/v2\/users\/1"}],"replies":[{"embeddable":true,"href":"https:\/\/timestreet.eu\/es\/wp-json\/wp\/v2\/comments?post=1189"}],"version-history":[{"count":7,"href":"https:\/\/timestreet.eu\/es\/wp-json\/wp\/v2\/pages\/1189\/revisions"}],"predecessor-version":[{"id":2153,"href":"https:\/\/timestreet.eu\/es\/wp-json\/wp\/v2\/pages\/1189\/revisions\/2153"}],"up":[{"embeddable":true,"href":"https:\/\/timestreet.eu\/es\/wp-json\/wp\/v2\/pages\/1360"}],"wp:attachment":[{"href":"https:\/\/timestreet.eu\/es\/wp-json\/wp\/v2\/media?parent=1189"}],"curies":[{"name":"wp","href":"https:\/\/api.w.org\/{rel}","templated":true}]}}