{"id":1304,"date":"2024-12-29T09:02:26","date_gmt":"2024-12-29T09:02:26","guid":{"rendered":"https:\/\/timestreet.eu\/zona-de-le-louvre\/"},"modified":"2025-01-26T18:55:16","modified_gmt":"2025-01-26T18:55:16","slug":"zona-de-le-louvre","status":"publish","type":"page","link":"https:\/\/timestreet.eu\/es\/paseos-guiados-por-paris\/zona-de-le-louvre\/","title":{"rendered":"Zona de Le Louvre"},"content":{"rendered":"<div class=\"wpb-content-wrapper\"><p>[vc_row][vc_column width=\u00bb1\/4&#8243;][vc_column_text css=\u00bb\u00bb el_class=\u00bbwalks\u00bb]S\u00edmbolos de los d\u00edas de gloria de la monarqu\u00eda, el Louvre, las Tuller\u00edas y la Concordia fueron tambi\u00e9n escenario de su ca\u00edda. El distrito ha sido testigo de algunos de los momentos m\u00e1s turbulentos de la historia de Francia. Te toca a ti descubrir esta historia rica y vibrante.[\/vc_column_text][\/vc_column][vc_column width=\u00bb1\/4&#8243;][vc_single_image image=\u00bb778&#8243; img_size=\u00bblarge\u00bb alignment=\u00bbcenter\u00bb css=\u00bb\u00bb][\/vc_column][vc_column width=\u00bb1\/4&#8243;][vc_single_image image=\u00bb784&#8243; img_size=\u00bblarge\u00bb alignment=\u00bbcenter\u00bb css=\u00bb\u00bb][\/vc_column][vc_column width=\u00bb1\/4&#8243;][vc_single_image image=\u00bb790&#8243; img_size=\u00bblarge\u00bb alignment=\u00bbcenter\u00bb css=\u00bb\u00bb][\/vc_column][\/vc_row]<\/p>\n<\/div>","protected":false},"excerpt":{"rendered":"<p>[vc_row][vc_column width=\u00bb1\/4&#8243;][vc_column_text css=\u00bb\u00bb el_class=\u00bbwalks\u00bb]S\u00edmbolos de los d\u00edas de gloria de la monarqu\u00eda, el Louvre, las Tuller\u00edas y la Concordia fueron tambi\u00e9n escenario de su ca\u00edda. El distrito ha sido testigo de algunos de los momentos [&hellip;]<\/p>\n","protected":false},"author":1,"featured_media":0,"parent":1360,"menu_order":0,"comment_status":"closed","ping_status":"closed","template":"","meta":{"footnotes":""},"class_list":["post-1304","page","type-page","status-publish","hentry"],"yoast_head":"<!-- This site is optimized with the Yoast SEO Premium plugin v26.4 (Yoast SEO v27.5) - https:\/\/yoast.com\/product\/yoast-seo-premium-wordpress\/ -->\n<title>TimeStreet | Explorar la rica historia del Louvre de Par\u00eds<\/title>\n<meta name=\"description\" content=\"Descubre la fascinante historia del Louvre y la Concordia de Par\u00eds, el barrio que fue testigo del ascenso y la ca\u00edda de la monarqu\u00eda francesa.\" \/>\n<meta name=\"robots\" content=\"index, follow, max-snippet:-1, max-image-preview:large, max-video-preview:-1\" \/>\n<link rel=\"canonical\" href=\"https:\/\/timestreet.eu\/es\/paseos-guiados-por-paris\/zona-de-le-louvre\/\" \/>\n<meta property=\"og:locale\" content=\"es_ES\" \/>\n<meta property=\"og:type\" content=\"article\" \/>\n<meta property=\"og:title\" content=\"Zona de Le Louvre\" \/>\n<meta property=\"og:description\" content=\"Descubre la fascinante historia del Louvre y la Concordia de Par\u00eds, el barrio que fue testigo del ascenso y la ca\u00edda de la monarqu\u00eda francesa.\" \/>\n<meta property=\"og:url\" content=\"https:\/\/timestreet.eu\/es\/paseos-guiados-por-paris\/zona-de-le-louvre\/\" \/>\n<meta property=\"og:site_name\" content=\"TimeStreet\" \/>\n<meta property=\"article:modified_time\" content=\"2025-01-26T18:55:16+00:00\" \/>\n<meta name=\"twitter:card\" content=\"summary_large_image\" \/>\n<meta name=\"twitter:label1\" content=\"Tiempo de lectura\" \/>\n\t<meta name=\"twitter:data1\" content=\"1 minuto\" \/>\n<script type=\"application\/ld+json\" class=\"yoast-schema-graph\">{\"@context\":\"https:\\\/\\\/schema.org\",\"@graph\":[{\"@type\":\"WebPage\",\"@id\":\"https:\\\/\\\/timestreet.eu\\\/es\\\/paseos-guiados-por-paris\\\/zona-de-le-louvre\\\/\",\"url\":\"https:\\\/\\\/timestreet.eu\\\/es\\\/paseos-guiados-por-paris\\\/zona-de-le-louvre\\\/\",\"name\":\"TimeStreet | Explorar la rica historia del Louvre de Par\u00eds\",\"isPartOf\":{\"@id\":\"https:\\\/\\\/timestreet.eu\\\/es\\\/#website\"},\"datePublished\":\"2024-12-29T09:02:26+00:00\",\"dateModified\":\"2025-01-26T18:55:16+00:00\",\"description\":\"Descubre la fascinante historia del Louvre y la Concordia de Par\u00eds, el barrio que fue testigo del ascenso y la ca\u00edda de la monarqu\u00eda francesa.\",\"breadcrumb\":{\"@id\":\"https:\\\/\\\/timestreet.eu\\\/es\\\/paseos-guiados-por-paris\\\/zona-de-le-louvre\\\/#breadcrumb\"},\"inLanguage\":\"es\",\"potentialAction\":[{\"@type\":\"ReadAction\",\"target\":[\"https:\\\/\\\/timestreet.eu\\\/es\\\/paseos-guiados-por-paris\\\/zona-de-le-louvre\\\/\"]}]},{\"@type\":\"BreadcrumbList\",\"@id\":\"https:\\\/\\\/timestreet.eu\\\/es\\\/paseos-guiados-por-paris\\\/zona-de-le-louvre\\\/#breadcrumb\",\"itemListElement\":[{\"@type\":\"ListItem\",\"position\":1,\"name\":\"Home\",\"item\":\"https:\\\/\\\/timestreet.eu\\\/es\\\/\"},{\"@type\":\"ListItem\",\"position\":2,\"name\":\"Paseos guiados por Par\u00eds\",\"item\":\"https:\\\/\\\/timestreet.eu\\\/es\\\/paseos-guiados-por-paris\\\/\"},{\"@type\":\"ListItem\",\"position\":3,\"name\":\"Zona de Le Louvre\"}]},{\"@type\":\"WebSite\",\"@id\":\"https:\\\/\\\/timestreet.eu\\\/es\\\/#website\",\"url\":\"https:\\\/\\\/timestreet.eu\\\/es\\\/\",\"name\":\"TimeStreet App\",\"description\":\"Historical Travel Guide\",\"publisher\":{\"@id\":\"https:\\\/\\\/timestreet.eu\\\/es\\\/#organization\"},\"alternateName\":\"TimeStreet\",\"potentialAction\":[{\"@type\":\"SearchAction\",\"target\":{\"@type\":\"EntryPoint\",\"urlTemplate\":\"https:\\\/\\\/timestreet.eu\\\/es\\\/?s={search_term_string}\"},\"query-input\":{\"@type\":\"PropertyValueSpecification\",\"valueRequired\":true,\"valueName\":\"search_term_string\"}}],\"inLanguage\":\"es\"},{\"@type\":\"Organization\",\"@id\":\"https:\\\/\\\/timestreet.eu\\\/es\\\/#organization\",\"name\":\"TimeStreet\",\"url\":\"https:\\\/\\\/timestreet.eu\\\/es\\\/\",\"logo\":{\"@type\":\"ImageObject\",\"inLanguage\":\"es\",\"@id\":\"https:\\\/\\\/timestreet.eu\\\/es\\\/#\\\/schema\\\/logo\\\/image\\\/\",\"url\":\"https:\\\/\\\/timestreet.eu\\\/wp-content\\\/uploads\\\/2024\\\/08\\\/timestreet-logo-terracotta-512-x-512.png\",\"contentUrl\":\"https:\\\/\\\/timestreet.eu\\\/wp-content\\\/uploads\\\/2024\\\/08\\\/timestreet-logo-terracotta-512-x-512.png\",\"width\":2085,\"height\":2084,\"caption\":\"TimeStreet\"},\"image\":{\"@id\":\"https:\\\/\\\/timestreet.eu\\\/es\\\/#\\\/schema\\\/logo\\\/image\\\/\"},\"sameAs\":[\"https:\\\/\\\/www.instagram.com\\\/timestreet.eu\\\/\"]}]}<\/script>\n<!-- \/ Yoast SEO Premium plugin. -->","yoast_head_json":{"title":"TimeStreet | Explorar la rica historia del Louvre de Par\u00eds","description":"Descubre la fascinante historia del Louvre y la Concordia de Par\u00eds, el barrio que fue testigo del ascenso y la ca\u00edda de la monarqu\u00eda francesa.","robots":{"index":"index","follow":"follow","max-snippet":"max-snippet:-1","max-image-preview":"max-image-preview:large","max-video-preview":"max-video-preview:-1"},"canonical":"https:\/\/timestreet.eu\/es\/paseos-guiados-por-paris\/zona-de-le-louvre\/","og_locale":"es_ES","og_type":"article","og_title":"Zona de Le Louvre","og_description":"Descubre la fascinante historia del Louvre y la Concordia de Par\u00eds, el barrio que fue testigo del ascenso y la ca\u00edda de la monarqu\u00eda francesa.","og_url":"https:\/\/timestreet.eu\/es\/paseos-guiados-por-paris\/zona-de-le-louvre\/","og_site_name":"TimeStreet","article_modified_time":"2025-01-26T18:55:16+00:00","twitter_card":"summary_large_image","twitter_misc":{"Tiempo de lectura":"1 minuto"},"schema":{"@context":"https:\/\/schema.org","@graph":[{"@type":"WebPage","@id":"https:\/\/timestreet.eu\/es\/paseos-guiados-por-paris\/zona-de-le-louvre\/","url":"https:\/\/timestreet.eu\/es\/paseos-guiados-por-paris\/zona-de-le-louvre\/","name":"TimeStreet | Explorar la rica historia del Louvre de Par\u00eds","isPartOf":{"@id":"https:\/\/timestreet.eu\/es\/#website"},"datePublished":"2024-12-29T09:02:26+00:00","dateModified":"2025-01-26T18:55:16+00:00","description":"Descubre la fascinante historia del Louvre y la Concordia de Par\u00eds, el barrio que fue testigo del ascenso y la ca\u00edda de la monarqu\u00eda francesa.","breadcrumb":{"@id":"https:\/\/timestreet.eu\/es\/paseos-guiados-por-paris\/zona-de-le-louvre\/#breadcrumb"},"inLanguage":"es","potentialAction":[{"@type":"ReadAction","target":["https:\/\/timestreet.eu\/es\/paseos-guiados-por-paris\/zona-de-le-louvre\/"]}]},{"@type":"BreadcrumbList","@id":"https:\/\/timestreet.eu\/es\/paseos-guiados-por-paris\/zona-de-le-louvre\/#breadcrumb","itemListElement":[{"@type":"ListItem","position":1,"name":"Home","item":"https:\/\/timestreet.eu\/es\/"},{"@type":"ListItem","position":2,"name":"Paseos guiados por Par\u00eds","item":"https:\/\/timestreet.eu\/es\/paseos-guiados-por-paris\/"},{"@type":"ListItem","position":3,"name":"Zona de Le Louvre"}]},{"@type":"WebSite","@id":"https:\/\/timestreet.eu\/es\/#website","url":"https:\/\/timestreet.eu\/es\/","name":"TimeStreet App","description":"Historical Travel Guide","publisher":{"@id":"https:\/\/timestreet.eu\/es\/#organization"},"alternateName":"TimeStreet","potentialAction":[{"@type":"SearchAction","target":{"@type":"EntryPoint","urlTemplate":"https:\/\/timestreet.eu\/es\/?s={search_term_string}"},"query-input":{"@type":"PropertyValueSpecification","valueRequired":true,"valueName":"search_term_string"}}],"inLanguage":"es"},{"@type":"Organization","@id":"https:\/\/timestreet.eu\/es\/#organization","name":"TimeStreet","url":"https:\/\/timestreet.eu\/es\/","logo":{"@type":"ImageObject","inLanguage":"es","@id":"https:\/\/timestreet.eu\/es\/#\/schema\/logo\/image\/","url":"https:\/\/timestreet.eu\/wp-content\/uploads\/2024\/08\/timestreet-logo-terracotta-512-x-512.png","contentUrl":"https:\/\/timestreet.eu\/wp-content\/uploads\/2024\/08\/timestreet-logo-terracotta-512-x-512.png","width":2085,"height":2084,"caption":"TimeStreet"},"image":{"@id":"https:\/\/timestreet.eu\/es\/#\/schema\/logo\/image\/"},"sameAs":["https:\/\/www.instagram.com\/timestreet.eu\/"]}]}},"_links":{"self":[{"href":"https:\/\/timestreet.eu\/es\/wp-json\/wp\/v2\/pages\/1304","targetHints":{"allow":["GET"]}}],"collection":[{"href":"https:\/\/timestreet.eu\/es\/wp-json\/wp\/v2\/pages"}],"about":[{"href":"https:\/\/timestreet.eu\/es\/wp-json\/wp\/v2\/types\/page"}],"author":[{"embeddable":true,"href":"https:\/\/timestreet.eu\/es\/wp-json\/wp\/v2\/users\/1"}],"replies":[{"embeddable":true,"href":"https:\/\/timestreet.eu\/es\/wp-json\/wp\/v2\/comments?post=1304"}],"version-history":[{"count":13,"href":"https:\/\/timestreet.eu\/es\/wp-json\/wp\/v2\/pages\/1304\/revisions"}],"predecessor-version":[{"id":2129,"href":"https:\/\/timestreet.eu\/es\/wp-json\/wp\/v2\/pages\/1304\/revisions\/2129"}],"up":[{"embeddable":true,"href":"https:\/\/timestreet.eu\/es\/wp-json\/wp\/v2\/pages\/1360"}],"wp:attachment":[{"href":"https:\/\/timestreet.eu\/es\/wp-json\/wp\/v2\/media?parent=1304"}],"curies":[{"name":"wp","href":"https:\/\/api.w.org\/{rel}","templated":true}]}}