{"id":1360,"date":"2024-12-25T21:34:26","date_gmt":"2024-12-25T21:34:26","guid":{"rendered":"https:\/\/timestreet.eu\/paseos-guiados-por-paris\/"},"modified":"2025-01-26T18:55:06","modified_gmt":"2025-01-26T18:55:06","slug":"paseos-guiados-por-paris","status":"publish","type":"page","link":"https:\/\/timestreet.eu\/es\/paseos-guiados-por-paris\/","title":{"rendered":"Paseos guiados por Par\u00eds"},"content":{"rendered":"<div class=\"wpb-content-wrapper\"><p>[vc_row][vc_column width=\u00bb2\/3&#8243;][vc_column_text css=\u00bb\u00bb el_class=\u00bbgeneral\u00bb]Descubre la historia, la cultura y los aspectos m\u00e1s destacados y \u00fanicos de Par\u00eds con los paseos guiados de TimeStreet. En cada recorrido, no s\u00f3lo visitar\u00e1s los monumentos m\u00e1s emblem\u00e1ticos de la ciudad, sino que tambi\u00e9n explorar\u00e1s sus tesoros ocultos, descubriendo historias fascinantes que conectan su pasado con su presente. Tanto si es la primera vez que visitas la ciudad como si vuelves para disfrutar de una nueva perspectiva, nuestros paseos guiados te permitir\u00e1n experimentar lo mejor de Par\u00eds de forma f\u00e1cil y divertida.  <\/p>\n<h4>Explora estos Paseos \u00danicos:<\/h4>\n<ul>\n<li><strong>El Coraz\u00f3n Hist\u00f3rico de Par\u00eds<\/strong>: Sum\u00e9rgete en los or\u00edgenes de Par\u00eds, explorando sus ra\u00edces medievales y su encanto intemporal.<\/li>\n<li><strong>El Espacio del Louvre<\/strong>: Descubre las historias que rodean a uno de los museos m\u00e1s famosos del mundo y sus magn\u00edficos alrededores.<\/li>\n<li><strong>Los Muelles del Sena<\/strong>: Pasea por el pintoresco r\u00edo Sena y admira la belleza de Par\u00eds desde sus emblem\u00e1ticas orillas.<\/li>\n<li><strong>El Barrio Latino<\/strong>: Experimenta el animado ambiente de este hist\u00f3rico distrito estudiantil, repleto de monumentos culturales y vibrante historia.<\/li>\n<li><strong>La Cita de los Escritores<\/strong>: Sigue los pasos de los grandes de la literatura que encontraron inspiraci\u00f3n en las calles y caf\u00e9s de Par\u00eds.<\/li>\n<li><strong>El Barrio del Marais<\/strong>: Descubre una mezcla \u00fanica de historia y modernidad en este barrio encantador y de moda.<\/li>\n<li><strong>Centro de Par\u00eds &#8211; Orilla Derecha<\/strong>: Explora la elegancia y grandeza de la bulliciosa orilla derecha de Par\u00eds.<\/li>\n<li><strong>Centro de Par\u00eds &#8211; Orilla Izquierda<\/strong>: Pasea por el lado art\u00edstico y bohemio de Par\u00eds en la orilla izquierda.<\/li>\n<\/ul>\n<p>\u00a1Desbloquea toda la experiencia de caminar por Par\u00eds y accede a todos estos recorridos con la aplicaci\u00f3n![\/vc_column_text][\/vc_column][vc_column width=\u00bb1\/3&#8243;][vc_single_image image=\u00bb759&#8243; img_size=\u00bblarge\u00bb alignment=\u00bbcenter\u00bb css=\u00bb\u00bb][\/vc_column][\/vc_row]<\/p>\n<\/div>","protected":false},"excerpt":{"rendered":"<p>[vc_row][vc_column width=\u00bb2\/3&#8243;][vc_column_text css=\u00bb\u00bb el_class=\u00bbgeneral\u00bb]Descubre la historia, la cultura y los aspectos m\u00e1s destacados y \u00fanicos de Par\u00eds con los paseos guiados de TimeStreet. En cada recorrido, no s\u00f3lo visitar\u00e1s los monumentos m\u00e1s emblem\u00e1ticos de la [&hellip;]<\/p>\n","protected":false},"author":1,"featured_media":0,"parent":0,"menu_order":0,"comment_status":"closed","ping_status":"closed","template":"","meta":{"footnotes":""},"class_list":["post-1360","page","type-page","status-publish","hentry"],"yoast_head":"<!-- This site is optimized with the Yoast SEO Premium plugin v26.4 (Yoast SEO v27.6) - https:\/\/yoast.com\/product\/yoast-seo-premium-wordpress\/ -->\n<title>TimeStreet | Experimenta lo m\u00e1s destacado de Par\u00eds con Paseos Guiados<\/title>\n<meta name=\"description\" content=\"Vive la magia de Par\u00eds con los paseos guiados de TimeStreet. Descubre la historia, la cultura y los lugares emblem\u00e1ticos de la ciudad.\" \/>\n<meta name=\"robots\" content=\"index, follow, max-snippet:-1, max-image-preview:large, max-video-preview:-1\" \/>\n<link rel=\"canonical\" href=\"https:\/\/timestreet.eu\/es\/paseos-guiados-por-paris\/\" \/>\n<meta property=\"og:locale\" content=\"es_ES\" \/>\n<meta property=\"og:type\" content=\"article\" \/>\n<meta property=\"og:title\" content=\"Paseos guiados por Par\u00eds\" \/>\n<meta property=\"og:description\" content=\"Vive la magia de Par\u00eds con los paseos guiados de TimeStreet. Descubre la historia, la cultura y los lugares emblem\u00e1ticos de la ciudad.\" \/>\n<meta property=\"og:url\" content=\"https:\/\/timestreet.eu\/es\/paseos-guiados-por-paris\/\" \/>\n<meta property=\"og:site_name\" content=\"TimeStreet\" \/>\n<meta property=\"article:modified_time\" content=\"2025-01-26T18:55:06+00:00\" \/>\n<meta name=\"twitter:card\" content=\"summary_large_image\" \/>\n<meta name=\"twitter:label1\" content=\"Tiempo de lectura\" \/>\n\t<meta name=\"twitter:data1\" content=\"2 minutos\" \/>\n<script type=\"application\/ld+json\" class=\"yoast-schema-graph\">{\"@context\":\"https:\\\/\\\/schema.org\",\"@graph\":[{\"@type\":\"WebPage\",\"@id\":\"https:\\\/\\\/timestreet.eu\\\/es\\\/paseos-guiados-por-paris\\\/\",\"url\":\"https:\\\/\\\/timestreet.eu\\\/es\\\/paseos-guiados-por-paris\\\/\",\"name\":\"TimeStreet | Experimenta lo m\u00e1s destacado de Par\u00eds con Paseos Guiados\",\"isPartOf\":{\"@id\":\"https:\\\/\\\/timestreet.eu\\\/es\\\/#website\"},\"datePublished\":\"2024-12-25T21:34:26+00:00\",\"dateModified\":\"2025-01-26T18:55:06+00:00\",\"description\":\"Vive la magia de Par\u00eds con los paseos guiados de TimeStreet. Descubre la historia, la cultura y los lugares emblem\u00e1ticos de la ciudad.\",\"breadcrumb\":{\"@id\":\"https:\\\/\\\/timestreet.eu\\\/es\\\/paseos-guiados-por-paris\\\/#breadcrumb\"},\"inLanguage\":\"es\",\"potentialAction\":[{\"@type\":\"ReadAction\",\"target\":[\"https:\\\/\\\/timestreet.eu\\\/es\\\/paseos-guiados-por-paris\\\/\"]}]},{\"@type\":\"BreadcrumbList\",\"@id\":\"https:\\\/\\\/timestreet.eu\\\/es\\\/paseos-guiados-por-paris\\\/#breadcrumb\",\"itemListElement\":[{\"@type\":\"ListItem\",\"position\":1,\"name\":\"Home\",\"item\":\"https:\\\/\\\/timestreet.eu\\\/es\\\/\"},{\"@type\":\"ListItem\",\"position\":2,\"name\":\"Paseos guiados por Par\u00eds\"}]},{\"@type\":\"WebSite\",\"@id\":\"https:\\\/\\\/timestreet.eu\\\/es\\\/#website\",\"url\":\"https:\\\/\\\/timestreet.eu\\\/es\\\/\",\"name\":\"TimeStreet App\",\"description\":\"Historical Travel Guide\",\"publisher\":{\"@id\":\"https:\\\/\\\/timestreet.eu\\\/es\\\/#organization\"},\"alternateName\":\"TimeStreet\",\"potentialAction\":[{\"@type\":\"SearchAction\",\"target\":{\"@type\":\"EntryPoint\",\"urlTemplate\":\"https:\\\/\\\/timestreet.eu\\\/es\\\/?s={search_term_string}\"},\"query-input\":{\"@type\":\"PropertyValueSpecification\",\"valueRequired\":true,\"valueName\":\"search_term_string\"}}],\"inLanguage\":\"es\"},{\"@type\":\"Organization\",\"@id\":\"https:\\\/\\\/timestreet.eu\\\/es\\\/#organization\",\"name\":\"TimeStreet\",\"url\":\"https:\\\/\\\/timestreet.eu\\\/es\\\/\",\"logo\":{\"@type\":\"ImageObject\",\"inLanguage\":\"es\",\"@id\":\"https:\\\/\\\/timestreet.eu\\\/es\\\/#\\\/schema\\\/logo\\\/image\\\/\",\"url\":\"https:\\\/\\\/timestreet.eu\\\/wp-content\\\/uploads\\\/2024\\\/08\\\/timestreet-logo-terracotta-512-x-512.png\",\"contentUrl\":\"https:\\\/\\\/timestreet.eu\\\/wp-content\\\/uploads\\\/2024\\\/08\\\/timestreet-logo-terracotta-512-x-512.png\",\"width\":2085,\"height\":2084,\"caption\":\"TimeStreet\"},\"image\":{\"@id\":\"https:\\\/\\\/timestreet.eu\\\/es\\\/#\\\/schema\\\/logo\\\/image\\\/\"},\"sameAs\":[\"https:\\\/\\\/www.instagram.com\\\/timestreet.eu\\\/\"]}]}<\/script>\n<!-- \/ Yoast SEO Premium plugin. -->","yoast_head_json":{"title":"TimeStreet | Experimenta lo m\u00e1s destacado de Par\u00eds con Paseos Guiados","description":"Vive la magia de Par\u00eds con los paseos guiados de TimeStreet. Descubre la historia, la cultura y los lugares emblem\u00e1ticos de la ciudad.","robots":{"index":"index","follow":"follow","max-snippet":"max-snippet:-1","max-image-preview":"max-image-preview:large","max-video-preview":"max-video-preview:-1"},"canonical":"https:\/\/timestreet.eu\/es\/paseos-guiados-por-paris\/","og_locale":"es_ES","og_type":"article","og_title":"Paseos guiados por Par\u00eds","og_description":"Vive la magia de Par\u00eds con los paseos guiados de TimeStreet. Descubre la historia, la cultura y los lugares emblem\u00e1ticos de la ciudad.","og_url":"https:\/\/timestreet.eu\/es\/paseos-guiados-por-paris\/","og_site_name":"TimeStreet","article_modified_time":"2025-01-26T18:55:06+00:00","twitter_card":"summary_large_image","twitter_misc":{"Tiempo de lectura":"2 minutos"},"schema":{"@context":"https:\/\/schema.org","@graph":[{"@type":"WebPage","@id":"https:\/\/timestreet.eu\/es\/paseos-guiados-por-paris\/","url":"https:\/\/timestreet.eu\/es\/paseos-guiados-por-paris\/","name":"TimeStreet | Experimenta lo m\u00e1s destacado de Par\u00eds con Paseos Guiados","isPartOf":{"@id":"https:\/\/timestreet.eu\/es\/#website"},"datePublished":"2024-12-25T21:34:26+00:00","dateModified":"2025-01-26T18:55:06+00:00","description":"Vive la magia de Par\u00eds con los paseos guiados de TimeStreet. Descubre la historia, la cultura y los lugares emblem\u00e1ticos de la ciudad.","breadcrumb":{"@id":"https:\/\/timestreet.eu\/es\/paseos-guiados-por-paris\/#breadcrumb"},"inLanguage":"es","potentialAction":[{"@type":"ReadAction","target":["https:\/\/timestreet.eu\/es\/paseos-guiados-por-paris\/"]}]},{"@type":"BreadcrumbList","@id":"https:\/\/timestreet.eu\/es\/paseos-guiados-por-paris\/#breadcrumb","itemListElement":[{"@type":"ListItem","position":1,"name":"Home","item":"https:\/\/timestreet.eu\/es\/"},{"@type":"ListItem","position":2,"name":"Paseos guiados por Par\u00eds"}]},{"@type":"WebSite","@id":"https:\/\/timestreet.eu\/es\/#website","url":"https:\/\/timestreet.eu\/es\/","name":"TimeStreet App","description":"Historical Travel Guide","publisher":{"@id":"https:\/\/timestreet.eu\/es\/#organization"},"alternateName":"TimeStreet","potentialAction":[{"@type":"SearchAction","target":{"@type":"EntryPoint","urlTemplate":"https:\/\/timestreet.eu\/es\/?s={search_term_string}"},"query-input":{"@type":"PropertyValueSpecification","valueRequired":true,"valueName":"search_term_string"}}],"inLanguage":"es"},{"@type":"Organization","@id":"https:\/\/timestreet.eu\/es\/#organization","name":"TimeStreet","url":"https:\/\/timestreet.eu\/es\/","logo":{"@type":"ImageObject","inLanguage":"es","@id":"https:\/\/timestreet.eu\/es\/#\/schema\/logo\/image\/","url":"https:\/\/timestreet.eu\/wp-content\/uploads\/2024\/08\/timestreet-logo-terracotta-512-x-512.png","contentUrl":"https:\/\/timestreet.eu\/wp-content\/uploads\/2024\/08\/timestreet-logo-terracotta-512-x-512.png","width":2085,"height":2084,"caption":"TimeStreet"},"image":{"@id":"https:\/\/timestreet.eu\/es\/#\/schema\/logo\/image\/"},"sameAs":["https:\/\/www.instagram.com\/timestreet.eu\/"]}]}},"_links":{"self":[{"href":"https:\/\/timestreet.eu\/es\/wp-json\/wp\/v2\/pages\/1360","targetHints":{"allow":["GET"]}}],"collection":[{"href":"https:\/\/timestreet.eu\/es\/wp-json\/wp\/v2\/pages"}],"about":[{"href":"https:\/\/timestreet.eu\/es\/wp-json\/wp\/v2\/types\/page"}],"author":[{"embeddable":true,"href":"https:\/\/timestreet.eu\/es\/wp-json\/wp\/v2\/users\/1"}],"replies":[{"embeddable":true,"href":"https:\/\/timestreet.eu\/es\/wp-json\/wp\/v2\/comments?post=1360"}],"version-history":[{"count":13,"href":"https:\/\/timestreet.eu\/es\/wp-json\/wp\/v2\/pages\/1360\/revisions"}],"predecessor-version":[{"id":2125,"href":"https:\/\/timestreet.eu\/es\/wp-json\/wp\/v2\/pages\/1360\/revisions\/2125"}],"wp:attachment":[{"href":"https:\/\/timestreet.eu\/es\/wp-json\/wp\/v2\/media?parent=1360"}],"curies":[{"name":"wp","href":"https:\/\/api.w.org\/{rel}","templated":true}]}}