{"id":1150,"date":"2025-01-02T11:00:22","date_gmt":"2025-01-02T11:00:22","guid":{"rendered":"https:\/\/timestreet.eu\/derriere-lapplication\/"},"modified":"2025-01-02T22:04:36","modified_gmt":"2025-01-02T22:04:36","slug":"derriere-lapplication","status":"publish","type":"page","link":"https:\/\/timestreet.eu\/fr\/a-propos-de-nous\/derriere-lapplication\/","title":{"rendered":"Derri\u00e8re l&rsquo;application"},"content":{"rendered":"<div class=\"wpb-content-wrapper\"><p>[vc_row][vc_column width=\u00a0\u00bb1\/3&Prime;]\r\n\t\t  <div class=\"member-wrap member-6678 \" data-delay=0>\r\n\t\t\t  <div class=\"member\" >\r\n\t\t\t  \t  <div class=\"img-mb\">\t\r\n\t\t\t\t\t  <div class=\"hover-image\"><img decoding=\"async\" src=\"https:\/\/timestreet.eu\/wp-content\/uploads\/2024\/08\/Dejan-Podhraski-e1724658874150.jpeg\" title=\"Dejan Podhra\u0161ki\" alt=\"Dejan Podhra\u0161ki\"  \/><\/div>\t  \r\n\t\t\t\t  <\/div>\r\n\t\t\t\t  <div class=\"member-info\">\r\n\t\t\t\t\t\t  <h2 class=\"member-name font-2\">Dejan Podhra\u0161ki<\/h2>\r\n\t\t\t\t\t\t  <p><\/p>\r\n\t\t\t\t\t\t  <div class=\"mb-content\">Je suis juriste et \u00e9conomiste de profession, et bien que j'aime l'ambigu\u00eft\u00e9 des chiffres, je crois que c'est l'art et la culture au sens le plus large du terme qui nourrissent l'\u00e2me humaine. Chez TimeStreet, nous voulons rapprocher les histoires du pass\u00e9 de vous et vous donner une id\u00e9e de la fa\u00e7on dont vos anc\u00eatres ont v\u00e9cu.<\/div>\r\n\t\t\t\t\t\t  <div class=\"member-social\">\r\n\t\t\t\t\t\t\t  \r\n\t\t\t\t\t\t  <\/div>\r\n\t\t\t\t  <\/div>\r\n\t\t\t  <\/div>\r\n\t\t  <\/div>\r\n\t\t[\/vc_column][vc_column width=\u00a0\u00bb1\/3&Prime;]\r\n\t\t  <div class=\"member-wrap member-4768 \" data-delay=0>\r\n\t\t\t  <div class=\"member\" >\r\n\t\t\t  \t  <div class=\"img-mb\">\t\r\n\t\t\t\t\t  <div class=\"hover-image\"><img decoding=\"async\" src=\"https:\/\/timestreet.eu\/wp-content\/uploads\/2024\/08\/Clarisse-Bremaud-e1724659894135.jpeg\" title=\"Clarisse Br\u00e9maud\" alt=\"Clarisse Br\u00e9maud\"  \/><\/div>\t  \r\n\t\t\t\t  <\/div>\r\n\t\t\t\t  <div class=\"member-info\">\r\n\t\t\t\t\t\t  <h2 class=\"member-name font-2\">Clarisse Br\u00e9maud<\/h2>\r\n\t\t\t\t\t\t  <p><\/p>\r\n\t\t\t\t\t\t  <div class=\"mb-content\">Bonjour ! Je m'appelle Clarisse et je suis passionn\u00e9e d'art et d'histoire ! Rendre l'art et le patrimoine accessibles au plus grand nombre est essentiel pour moi, et c'est quelque chose que je retrouve avec TimeStreet ! J'aime d\u00e9couvrir l'art sous toutes ses formes, et Paris a une offre culturelle riche dont il est difficile de se lasser.<\/div>\r\n\t\t\t\t\t\t  <div class=\"member-social\">\r\n\t\t\t\t\t\t\t  \r\n\t\t\t\t\t\t  <\/div>\r\n\t\t\t\t  <\/div>\r\n\t\t\t  <\/div>\r\n\t\t  <\/div>\r\n\t\t[\/vc_column][vc_column width=\u00a0\u00bb1\/3&Prime;]\r\n\t\t  <div class=\"member-wrap member-9216 \" data-delay=0>\r\n\t\t\t  <div class=\"member\" >\r\n\t\t\t  \t  <div class=\"img-mb\">\t\r\n\t\t\t\t\t  <div class=\"hover-image\"><img decoding=\"async\" src=\"https:\/\/timestreet.eu\/wp-content\/uploads\/2024\/08\/Anja-Kajic-e1724661520467.jpeg\" title=\"Anja Kaji\u010d\" alt=\"Anja Kaji\u010d\"  \/><\/div>\t  \r\n\t\t\t\t  <\/div>\r\n\t\t\t\t  <div class=\"member-info\">\r\n\t\t\t\t\t\t  <h2 class=\"member-name font-2\">Anja Kaji\u010d<\/h2>\r\n\t\t\t\t\t\t  <p><\/p>\r\n\t\t\t\t\t\t  <div class=\"mb-content\">Bonjour, je m'appelle Anja et je poursuis actuellement des \u00e9tudes d'histoire et de slov\u00e8ne \u00e0 l'universit\u00e9 de Ljubljana. Lorsque je ne suis pas occup\u00e9e \u00e0 conjuguer des verbes slov\u00e8nes ou \u00e0 corriger la grammaire, j'aime explorer les histoires du pass\u00e9 \u00e0 travers diff\u00e9rentes cultures et diff\u00e9rents pays, en fusionnant harmonieusement ma passion pour l'histoire et l'art.<\/div>\r\n\t\t\t\t\t\t  <div class=\"member-social\">\r\n\t\t\t\t\t\t\t  \r\n\t\t\t\t\t\t  <\/div>\r\n\t\t\t\t  <\/div>\r\n\t\t\t  <\/div>\r\n\t\t  <\/div>\r\n\t\t[\/vc_column][\/vc_row][vc_row][vc_column][vc_empty_space height=\u00a0\u00bb8px\u00a0\u00bb][\/vc_column][\/vc_row][vc_row][vc_column width=\u00a0\u00bb1\/3&Prime;]\r\n\t\t  <div class=\"member-wrap member-2540 \" data-delay=0>\r\n\t\t\t  <div class=\"member\" >\r\n\t\t\t  \t  <div class=\"img-mb\">\t\r\n\t\t\t\t\t  <div class=\"hover-image\"><img decoding=\"async\" src=\"https:\/\/timestreet.eu\/wp-content\/uploads\/2024\/08\/Pavel-Lipovsek.jpeg\" title=\"Pavel Lipov\u0161ek\" alt=\"Pavel Lipov\u0161ek\"  \/><\/div>\t  \r\n\t\t\t\t  <\/div>\r\n\t\t\t\t  <div class=\"member-info\">\r\n\t\t\t\t\t\t  <h2 class=\"member-name font-2\">Pavel Lipov\u0161ek<\/h2>\r\n\t\t\t\t\t\t  <p><\/p>\r\n\t\t\t\t\t\t  <div class=\"mb-content\">Bonjour, je m'appelle Pavel et je suis urbaniste de profession. La fascination que j'ai toujours eue pour la g\u00e9ographie et l'histoire m'a permis d'acqu\u00e9rir une connaissance approfondie de ma ville natale. Au-del\u00e0 de mes activit\u00e9s professionnelles, je suis passionn\u00e9 de musique et j'anime une \u00e9mission mensuelle sur l'urbanisme sur Radio Student.<\/div>\r\n\t\t\t\t\t\t  <div class=\"member-social\">\r\n\t\t\t\t\t\t\t  \r\n\t\t\t\t\t\t  <\/div>\r\n\t\t\t\t  <\/div>\r\n\t\t\t  <\/div>\r\n\t\t  <\/div>\r\n\t\t[\/vc_column][vc_column width=\u00a0\u00bb1\/3&Prime;]\r\n\t\t  <div class=\"member-wrap member-7225 \" data-delay=0>\r\n\t\t\t  <div class=\"member\" >\r\n\t\t\t  \t  <div class=\"img-mb\">\t\r\n\t\t\t\t\t  <div class=\"hover-image\"><img decoding=\"async\" src=\"https:\/\/timestreet.eu\/wp-content\/uploads\/2024\/08\/Lucija-Lunder-e1724661579262.jpeg\" title=\"Lucija Lunder\" alt=\"Lucija Lunder\"  \/><\/div>\t  \r\n\t\t\t\t  <\/div>\r\n\t\t\t\t  <div class=\"member-info\">\r\n\t\t\t\t\t\t  <h2 class=\"member-name font-2\">Lucija Lunder<\/h2>\r\n\t\t\t\t\t\t  <p><\/p>\r\n\t\t\t\t\t\t  <div class=\"mb-content\">Bonjour, je suis Lucija, dipl\u00f4m\u00e9e en histoire de l'art et en philosophie, qui pr\u00e9pare actuellement un master en histoire de l'art et en histoire, avec une sp\u00e9cialisation en p\u00e9dagogie.\nLe temps pass\u00e9 dans les mus\u00e9es de Ljubljana et un semestre \u00e0 Prague ont \u00e9largi mes perspectives sur l'art et l'histoire.\nJ'aime voyager et d\u00e9couvrir les institutions culturelles.  <\/div>\r\n\t\t\t\t\t\t  <div class=\"member-social\">\r\n\t\t\t\t\t\t\t  \r\n\t\t\t\t\t\t  <\/div>\r\n\t\t\t\t  <\/div>\r\n\t\t\t  <\/div>\r\n\t\t  <\/div>\r\n\t\t[\/vc_column][vc_column width=\u00a0\u00bb1\/3&Prime;]\r\n\t\t  <div class=\"member-wrap member-6236 \" data-delay=0>\r\n\t\t\t  <div class=\"member\" >\r\n\t\t\t  \t  <div class=\"img-mb\">\t\r\n\t\t\t\t\t  <div class=\"hover-image\"><img decoding=\"async\" src=\"https:\/\/timestreet.eu\/wp-content\/uploads\/2024\/08\/Hanibal-e1724661618402.jpeg\" title=\"Hanibal\" alt=\"Hanibal\"  \/><\/div>\t  \r\n\t\t\t\t  <\/div>\r\n\t\t\t\t  <div class=\"member-info\">\r\n\t\t\t\t\t\t  <h2 class=\"member-name font-2\">Hanibal<\/h2>\r\n\t\t\t\t\t\t  <p><\/p>\r\n\t\t\t\t\t\t  <div class=\"mb-content\">Bonjour, je suis Hanibal, le g\u00e9nie \u00e0 quatre pattes de Time Street. En tant que membre honoraire de l'\u00e9quipe, je suis l\u00e0 pour renifler l'histoire, une empreinte de patte \u00e0 la fois. Rejoignez-moi pour ce voyage \u00e0 travers le pass\u00e9, o\u00f9 chaque mot a une histoire et o\u00f9 chaque aboiement r\u00e9sonne dans les annales du temps !<\/div>\r\n\t\t\t\t\t\t  <div class=\"member-social\">\r\n\t\t\t\t\t\t\t  \r\n\t\t\t\t\t\t  <\/div>\r\n\t\t\t\t  <\/div>\r\n\t\t\t  <\/div>\r\n\t\t  <\/div>\r\n\t\t[\/vc_column][\/vc_row]<\/p>\n<\/div>","protected":false},"excerpt":{"rendered":"<p>[vc_row][vc_column width=\u00a0\u00bb1\/3&Prime;][\/vc_column][vc_column width=\u00a0\u00bb1\/3&Prime;][\/vc_column][vc_column width=\u00a0\u00bb1\/3&Prime;][\/vc_column][\/vc_row][vc_row][vc_column][vc_empty_space height=\u00a0\u00bb8px\u00a0\u00bb][\/vc_column][\/vc_row][vc_row][vc_column width=\u00a0\u00bb1\/3&Prime;][\/vc_column][vc_column width=\u00a0\u00bb1\/3&Prime;][\/vc_column][vc_column width=\u00a0\u00bb1\/3&Prime;][\/vc_column][\/vc_row]<\/p>\n","protected":false},"author":1,"featured_media":0,"parent":1151,"menu_order":0,"comment_status":"closed","ping_status":"closed","template":"","meta":{"footnotes":""},"class_list":["post-1150","page","type-page","status-publish","hentry"],"yoast_head":"<!-- This site is optimized with the Yoast SEO Premium plugin v26.4 (Yoast SEO v27.5) - https:\/\/yoast.com\/product\/yoast-seo-premium-wordpress\/ -->\n<title>Derri\u00e8re l&#039;application | TimeStreet<\/title>\n<meta name=\"robots\" content=\"index, follow, max-snippet:-1, max-image-preview:large, max-video-preview:-1\" \/>\n<link rel=\"canonical\" href=\"https:\/\/timestreet.eu\/fr\/a-propos-de-nous\/derriere-lapplication\/\" \/>\n<meta property=\"og:locale\" content=\"fr_FR\" \/>\n<meta property=\"og:type\" content=\"article\" \/>\n<meta property=\"og:title\" content=\"Derri\u00e8re l&#039;application\" \/>\n<meta property=\"og:description\" content=\"[vc_row][vc_column width=\u00a0\u00bb1\/3&Prime;][\/vc_column][vc_column width=\u00a0\u00bb1\/3&Prime;][\/vc_column][vc_column width=\u00a0\u00bb1\/3&Prime;][\/vc_column][\/vc_row][vc_row][vc_column][vc_empty_space height=\u00a0\u00bb8px\u00a0\u00bb][\/vc_column][\/vc_row][vc_row][vc_column width=\u00a0\u00bb1\/3&Prime;][\/vc_column][vc_column width=\u00a0\u00bb1\/3&Prime;][\/vc_column][vc_column width=\u00a0\u00bb1\/3&Prime;][\/vc_column][\/vc_row]\" \/>\n<meta property=\"og:url\" content=\"https:\/\/timestreet.eu\/fr\/a-propos-de-nous\/derriere-lapplication\/\" \/>\n<meta property=\"og:site_name\" content=\"TimeStreet\" \/>\n<meta property=\"article:modified_time\" content=\"2025-01-02T22:04:36+00:00\" \/>\n<meta name=\"twitter:card\" content=\"summary_large_image\" \/>\n<script type=\"application\/ld+json\" class=\"yoast-schema-graph\">{\"@context\":\"https:\\\/\\\/schema.org\",\"@graph\":[{\"@type\":\"WebPage\",\"@id\":\"https:\\\/\\\/timestreet.eu\\\/fr\\\/a-propos-de-nous\\\/derriere-lapplication\\\/\",\"url\":\"https:\\\/\\\/timestreet.eu\\\/fr\\\/a-propos-de-nous\\\/derriere-lapplication\\\/\",\"name\":\"Derri\u00e8re l'application | TimeStreet\",\"isPartOf\":{\"@id\":\"https:\\\/\\\/timestreet.eu\\\/fr\\\/#website\"},\"datePublished\":\"2025-01-02T11:00:22+00:00\",\"dateModified\":\"2025-01-02T22:04:36+00:00\",\"breadcrumb\":{\"@id\":\"https:\\\/\\\/timestreet.eu\\\/fr\\\/a-propos-de-nous\\\/derriere-lapplication\\\/#breadcrumb\"},\"inLanguage\":\"fr-FR\",\"potentialAction\":[{\"@type\":\"ReadAction\",\"target\":[\"https:\\\/\\\/timestreet.eu\\\/fr\\\/a-propos-de-nous\\\/derriere-lapplication\\\/\"]}]},{\"@type\":\"BreadcrumbList\",\"@id\":\"https:\\\/\\\/timestreet.eu\\\/fr\\\/a-propos-de-nous\\\/derriere-lapplication\\\/#breadcrumb\",\"itemListElement\":[{\"@type\":\"ListItem\",\"position\":1,\"name\":\"Home\",\"item\":\"https:\\\/\\\/timestreet.eu\\\/fr\\\/\"},{\"@type\":\"ListItem\",\"position\":2,\"name\":\"A propos de nous\",\"item\":\"https:\\\/\\\/timestreet.eu\\\/fr\\\/a-propos-de-nous\\\/\"},{\"@type\":\"ListItem\",\"position\":3,\"name\":\"Derri\u00e8re l&#8217;application\"}]},{\"@type\":\"WebSite\",\"@id\":\"https:\\\/\\\/timestreet.eu\\\/fr\\\/#website\",\"url\":\"https:\\\/\\\/timestreet.eu\\\/fr\\\/\",\"name\":\"TimeStreet App\",\"description\":\"Historical Travel Guide for Paris\",\"publisher\":{\"@id\":\"https:\\\/\\\/timestreet.eu\\\/fr\\\/#organization\"},\"alternateName\":\"TimeStreet\",\"potentialAction\":[{\"@type\":\"SearchAction\",\"target\":{\"@type\":\"EntryPoint\",\"urlTemplate\":\"https:\\\/\\\/timestreet.eu\\\/fr\\\/?s={search_term_string}\"},\"query-input\":{\"@type\":\"PropertyValueSpecification\",\"valueRequired\":true,\"valueName\":\"search_term_string\"}}],\"inLanguage\":\"fr-FR\"},{\"@type\":\"Organization\",\"@id\":\"https:\\\/\\\/timestreet.eu\\\/fr\\\/#organization\",\"name\":\"TimeStreet\",\"url\":\"https:\\\/\\\/timestreet.eu\\\/fr\\\/\",\"logo\":{\"@type\":\"ImageObject\",\"inLanguage\":\"fr-FR\",\"@id\":\"https:\\\/\\\/timestreet.eu\\\/fr\\\/#\\\/schema\\\/logo\\\/image\\\/\",\"url\":\"https:\\\/\\\/timestreet.eu\\\/wp-content\\\/uploads\\\/2024\\\/08\\\/timestreet-logo-terracotta-512-x-512.png\",\"contentUrl\":\"https:\\\/\\\/timestreet.eu\\\/wp-content\\\/uploads\\\/2024\\\/08\\\/timestreet-logo-terracotta-512-x-512.png\",\"width\":2085,\"height\":2084,\"caption\":\"TimeStreet\"},\"image\":{\"@id\":\"https:\\\/\\\/timestreet.eu\\\/fr\\\/#\\\/schema\\\/logo\\\/image\\\/\"},\"sameAs\":[\"https:\\\/\\\/www.instagram.com\\\/timestreet.eu\\\/\"]}]}<\/script>\n<!-- \/ Yoast SEO Premium plugin. -->","yoast_head_json":{"title":"Derri\u00e8re l'application | TimeStreet","robots":{"index":"index","follow":"follow","max-snippet":"max-snippet:-1","max-image-preview":"max-image-preview:large","max-video-preview":"max-video-preview:-1"},"canonical":"https:\/\/timestreet.eu\/fr\/a-propos-de-nous\/derriere-lapplication\/","og_locale":"fr_FR","og_type":"article","og_title":"Derri\u00e8re l'application","og_description":"[vc_row][vc_column width=\u00a0\u00bb1\/3&Prime;][\/vc_column][vc_column width=\u00a0\u00bb1\/3&Prime;][\/vc_column][vc_column width=\u00a0\u00bb1\/3&Prime;][\/vc_column][\/vc_row][vc_row][vc_column][vc_empty_space height=\u00a0\u00bb8px\u00a0\u00bb][\/vc_column][\/vc_row][vc_row][vc_column width=\u00a0\u00bb1\/3&Prime;][\/vc_column][vc_column width=\u00a0\u00bb1\/3&Prime;][\/vc_column][vc_column width=\u00a0\u00bb1\/3&Prime;][\/vc_column][\/vc_row]","og_url":"https:\/\/timestreet.eu\/fr\/a-propos-de-nous\/derriere-lapplication\/","og_site_name":"TimeStreet","article_modified_time":"2025-01-02T22:04:36+00:00","twitter_card":"summary_large_image","schema":{"@context":"https:\/\/schema.org","@graph":[{"@type":"WebPage","@id":"https:\/\/timestreet.eu\/fr\/a-propos-de-nous\/derriere-lapplication\/","url":"https:\/\/timestreet.eu\/fr\/a-propos-de-nous\/derriere-lapplication\/","name":"Derri\u00e8re l'application | TimeStreet","isPartOf":{"@id":"https:\/\/timestreet.eu\/fr\/#website"},"datePublished":"2025-01-02T11:00:22+00:00","dateModified":"2025-01-02T22:04:36+00:00","breadcrumb":{"@id":"https:\/\/timestreet.eu\/fr\/a-propos-de-nous\/derriere-lapplication\/#breadcrumb"},"inLanguage":"fr-FR","potentialAction":[{"@type":"ReadAction","target":["https:\/\/timestreet.eu\/fr\/a-propos-de-nous\/derriere-lapplication\/"]}]},{"@type":"BreadcrumbList","@id":"https:\/\/timestreet.eu\/fr\/a-propos-de-nous\/derriere-lapplication\/#breadcrumb","itemListElement":[{"@type":"ListItem","position":1,"name":"Home","item":"https:\/\/timestreet.eu\/fr\/"},{"@type":"ListItem","position":2,"name":"A propos de nous","item":"https:\/\/timestreet.eu\/fr\/a-propos-de-nous\/"},{"@type":"ListItem","position":3,"name":"Derri\u00e8re l&#8217;application"}]},{"@type":"WebSite","@id":"https:\/\/timestreet.eu\/fr\/#website","url":"https:\/\/timestreet.eu\/fr\/","name":"TimeStreet App","description":"Historical Travel Guide for Paris","publisher":{"@id":"https:\/\/timestreet.eu\/fr\/#organization"},"alternateName":"TimeStreet","potentialAction":[{"@type":"SearchAction","target":{"@type":"EntryPoint","urlTemplate":"https:\/\/timestreet.eu\/fr\/?s={search_term_string}"},"query-input":{"@type":"PropertyValueSpecification","valueRequired":true,"valueName":"search_term_string"}}],"inLanguage":"fr-FR"},{"@type":"Organization","@id":"https:\/\/timestreet.eu\/fr\/#organization","name":"TimeStreet","url":"https:\/\/timestreet.eu\/fr\/","logo":{"@type":"ImageObject","inLanguage":"fr-FR","@id":"https:\/\/timestreet.eu\/fr\/#\/schema\/logo\/image\/","url":"https:\/\/timestreet.eu\/wp-content\/uploads\/2024\/08\/timestreet-logo-terracotta-512-x-512.png","contentUrl":"https:\/\/timestreet.eu\/wp-content\/uploads\/2024\/08\/timestreet-logo-terracotta-512-x-512.png","width":2085,"height":2084,"caption":"TimeStreet"},"image":{"@id":"https:\/\/timestreet.eu\/fr\/#\/schema\/logo\/image\/"},"sameAs":["https:\/\/www.instagram.com\/timestreet.eu\/"]}]}},"_links":{"self":[{"href":"https:\/\/timestreet.eu\/fr\/wp-json\/wp\/v2\/pages\/1150","targetHints":{"allow":["GET"]}}],"collection":[{"href":"https:\/\/timestreet.eu\/fr\/wp-json\/wp\/v2\/pages"}],"about":[{"href":"https:\/\/timestreet.eu\/fr\/wp-json\/wp\/v2\/types\/page"}],"author":[{"embeddable":true,"href":"https:\/\/timestreet.eu\/fr\/wp-json\/wp\/v2\/users\/1"}],"replies":[{"embeddable":true,"href":"https:\/\/timestreet.eu\/fr\/wp-json\/wp\/v2\/comments?post=1150"}],"version-history":[{"count":1,"href":"https:\/\/timestreet.eu\/fr\/wp-json\/wp\/v2\/pages\/1150\/revisions"}],"predecessor-version":[{"id":1152,"href":"https:\/\/timestreet.eu\/fr\/wp-json\/wp\/v2\/pages\/1150\/revisions\/1152"}],"up":[{"embeddable":true,"href":"https:\/\/timestreet.eu\/fr\/wp-json\/wp\/v2\/pages\/1151"}],"wp:attachment":[{"href":"https:\/\/timestreet.eu\/fr\/wp-json\/wp\/v2\/media?parent=1150"}],"curies":[{"name":"wp","href":"https:\/\/api.w.org\/{rel}","templated":true}]}}