{"id":1176,"date":"2024-12-29T20:41:10","date_gmt":"2024-12-29T20:41:10","guid":{"rendered":"https:\/\/timestreet.eu\/le-quartier-du-marais\/"},"modified":"2025-01-26T18:55:48","modified_gmt":"2025-01-26T18:55:48","slug":"le-quartier-du-marais","status":"publish","type":"page","link":"https:\/\/timestreet.eu\/fr\/promenades-guidees-de-paris\/le-quartier-du-marais\/","title":{"rendered":"Le quartier du Marais"},"content":{"rendered":"<div class=\"wpb-content-wrapper\"><p>[vc_row][vc_column width=\u00a0\u00bb1\/4&Prime;][vc_column_text css=\u00a0\u00bb\u00a0\u00bb el_class=\u00a0\u00bbwalks\u00a0\u00bb]Le quartier du Marais est r\u00e9put\u00e9 pour la beaut\u00e9 et l&rsquo;animation de ses rues. En vous promenant, vous d\u00e9couvrirez de nombreuses boutiques et caf\u00e9s, ainsi que les beaux palais construits par l&rsquo;aristocratie qui font le charme du Marais.[\/vc_column_text][\/vc_column][vc_column width=\u00a0\u00bb1\/4&Prime;][vc_single_image image=\u00a0\u00bb869&Prime; img_size=\u00a0\u00bblarge\u00a0\u00bb alignment=\u00a0\u00bbcenter\u00a0\u00bb css=\u00a0\u00bb\u00a0\u00bb][\/vc_column][vc_column width=\u00a0\u00bb1\/4&Prime;][vc_single_image image=\u00a0\u00bb875&Prime; img_size=\u00a0\u00bblarge\u00a0\u00bb alignment=\u00a0\u00bbcenter\u00a0\u00bb css=\u00a0\u00bb\u00a0\u00bb][\/vc_column][vc_column width=\u00a0\u00bb1\/4&Prime;][vc_single_image image=\u00a0\u00bb881&Prime; img_size=\u00a0\u00bblarge\u00a0\u00bb alignment=\u00a0\u00bbcenter\u00a0\u00bb css=\u00a0\u00bb\u00a0\u00bb][\/vc_column][\/vc_row]<\/p>\n<\/div>","protected":false},"excerpt":{"rendered":"<p>[vc_row][vc_column width=\u00a0\u00bb1\/4&Prime;][vc_column_text css=\u00a0\u00bb\u00a0\u00bb el_class=\u00a0\u00bbwalks\u00a0\u00bb]Le quartier du Marais est r\u00e9put\u00e9 pour la beaut\u00e9 et l&rsquo;animation de ses rues. En vous promenant, vous d\u00e9couvrirez de nombreuses boutiques et caf\u00e9s, ainsi que les beaux palais construits par l&rsquo;aristocratie [&hellip;]<\/p>\n","protected":false},"author":1,"featured_media":0,"parent":1415,"menu_order":0,"comment_status":"closed","ping_status":"closed","template":"","meta":{"footnotes":""},"class_list":["post-1176","page","type-page","status-publish","hentry"],"yoast_head":"<!-- This site is optimized with the Yoast SEO Premium plugin v26.4 (Yoast SEO v27.5) - https:\/\/yoast.com\/product\/yoast-seo-premium-wordpress\/ -->\n<title>TimeStreet | Un guide pour visiter les magnifiques ch\u00e2teaux de Paris<\/title>\n<meta name=\"description\" content=\"D\u00e9couvrez les tr\u00e9sors cach\u00e9s de Paris dans le quartier du Marais. Explorez les superbes palais et ch\u00e2teaux qui rendent ce quartier si unique.\" \/>\n<meta name=\"robots\" content=\"index, follow, max-snippet:-1, max-image-preview:large, max-video-preview:-1\" \/>\n<link rel=\"canonical\" href=\"https:\/\/timestreet.eu\/fr\/promenades-guidees-de-paris\/le-quartier-du-marais\/\" \/>\n<meta property=\"og:locale\" content=\"fr_FR\" \/>\n<meta property=\"og:type\" content=\"article\" \/>\n<meta property=\"og:title\" content=\"Le quartier du Marais\" \/>\n<meta property=\"og:description\" content=\"D\u00e9couvrez les tr\u00e9sors cach\u00e9s de Paris dans le quartier du Marais. Explorez les superbes palais et ch\u00e2teaux qui rendent ce quartier si unique.\" \/>\n<meta property=\"og:url\" content=\"https:\/\/timestreet.eu\/fr\/promenades-guidees-de-paris\/le-quartier-du-marais\/\" \/>\n<meta property=\"og:site_name\" content=\"TimeStreet\" \/>\n<meta property=\"article:modified_time\" content=\"2025-01-26T18:55:48+00:00\" \/>\n<meta name=\"twitter:card\" content=\"summary_large_image\" \/>\n<meta name=\"twitter:label1\" content=\"Dur\u00e9e de lecture estim\u00e9e\" \/>\n\t<meta name=\"twitter:data1\" content=\"1 minute\" \/>\n<script type=\"application\/ld+json\" class=\"yoast-schema-graph\">{\"@context\":\"https:\\\/\\\/schema.org\",\"@graph\":[{\"@type\":\"WebPage\",\"@id\":\"https:\\\/\\\/timestreet.eu\\\/fr\\\/promenades-guidees-de-paris\\\/le-quartier-du-marais\\\/\",\"url\":\"https:\\\/\\\/timestreet.eu\\\/fr\\\/promenades-guidees-de-paris\\\/le-quartier-du-marais\\\/\",\"name\":\"TimeStreet | Un guide pour visiter les magnifiques ch\u00e2teaux de Paris\",\"isPartOf\":{\"@id\":\"https:\\\/\\\/timestreet.eu\\\/fr\\\/#website\"},\"datePublished\":\"2024-12-29T20:41:10+00:00\",\"dateModified\":\"2025-01-26T18:55:48+00:00\",\"description\":\"D\u00e9couvrez les tr\u00e9sors cach\u00e9s de Paris dans le quartier du Marais. Explorez les superbes palais et ch\u00e2teaux qui rendent ce quartier si unique.\",\"breadcrumb\":{\"@id\":\"https:\\\/\\\/timestreet.eu\\\/fr\\\/promenades-guidees-de-paris\\\/le-quartier-du-marais\\\/#breadcrumb\"},\"inLanguage\":\"fr-FR\",\"potentialAction\":[{\"@type\":\"ReadAction\",\"target\":[\"https:\\\/\\\/timestreet.eu\\\/fr\\\/promenades-guidees-de-paris\\\/le-quartier-du-marais\\\/\"]}]},{\"@type\":\"BreadcrumbList\",\"@id\":\"https:\\\/\\\/timestreet.eu\\\/fr\\\/promenades-guidees-de-paris\\\/le-quartier-du-marais\\\/#breadcrumb\",\"itemListElement\":[{\"@type\":\"ListItem\",\"position\":1,\"name\":\"Home\",\"item\":\"https:\\\/\\\/timestreet.eu\\\/fr\\\/\"},{\"@type\":\"ListItem\",\"position\":2,\"name\":\"Promenades guid\u00e9es de Paris\",\"item\":\"https:\\\/\\\/timestreet.eu\\\/fr\\\/promenades-guidees-de-paris\\\/\"},{\"@type\":\"ListItem\",\"position\":3,\"name\":\"Le quartier du Marais\"}]},{\"@type\":\"WebSite\",\"@id\":\"https:\\\/\\\/timestreet.eu\\\/fr\\\/#website\",\"url\":\"https:\\\/\\\/timestreet.eu\\\/fr\\\/\",\"name\":\"TimeStreet App\",\"description\":\"Historical Travel Guide for Paris\",\"publisher\":{\"@id\":\"https:\\\/\\\/timestreet.eu\\\/fr\\\/#organization\"},\"alternateName\":\"TimeStreet\",\"potentialAction\":[{\"@type\":\"SearchAction\",\"target\":{\"@type\":\"EntryPoint\",\"urlTemplate\":\"https:\\\/\\\/timestreet.eu\\\/fr\\\/?s={search_term_string}\"},\"query-input\":{\"@type\":\"PropertyValueSpecification\",\"valueRequired\":true,\"valueName\":\"search_term_string\"}}],\"inLanguage\":\"fr-FR\"},{\"@type\":\"Organization\",\"@id\":\"https:\\\/\\\/timestreet.eu\\\/fr\\\/#organization\",\"name\":\"TimeStreet\",\"url\":\"https:\\\/\\\/timestreet.eu\\\/fr\\\/\",\"logo\":{\"@type\":\"ImageObject\",\"inLanguage\":\"fr-FR\",\"@id\":\"https:\\\/\\\/timestreet.eu\\\/fr\\\/#\\\/schema\\\/logo\\\/image\\\/\",\"url\":\"https:\\\/\\\/timestreet.eu\\\/wp-content\\\/uploads\\\/2024\\\/08\\\/timestreet-logo-terracotta-512-x-512.png\",\"contentUrl\":\"https:\\\/\\\/timestreet.eu\\\/wp-content\\\/uploads\\\/2024\\\/08\\\/timestreet-logo-terracotta-512-x-512.png\",\"width\":2085,\"height\":2084,\"caption\":\"TimeStreet\"},\"image\":{\"@id\":\"https:\\\/\\\/timestreet.eu\\\/fr\\\/#\\\/schema\\\/logo\\\/image\\\/\"},\"sameAs\":[\"https:\\\/\\\/www.instagram.com\\\/timestreet.eu\\\/\"]}]}<\/script>\n<!-- \/ Yoast SEO Premium plugin. -->","yoast_head_json":{"title":"TimeStreet | Un guide pour visiter les magnifiques ch\u00e2teaux de Paris","description":"D\u00e9couvrez les tr\u00e9sors cach\u00e9s de Paris dans le quartier du Marais. Explorez les superbes palais et ch\u00e2teaux qui rendent ce quartier si unique.","robots":{"index":"index","follow":"follow","max-snippet":"max-snippet:-1","max-image-preview":"max-image-preview:large","max-video-preview":"max-video-preview:-1"},"canonical":"https:\/\/timestreet.eu\/fr\/promenades-guidees-de-paris\/le-quartier-du-marais\/","og_locale":"fr_FR","og_type":"article","og_title":"Le quartier du Marais","og_description":"D\u00e9couvrez les tr\u00e9sors cach\u00e9s de Paris dans le quartier du Marais. Explorez les superbes palais et ch\u00e2teaux qui rendent ce quartier si unique.","og_url":"https:\/\/timestreet.eu\/fr\/promenades-guidees-de-paris\/le-quartier-du-marais\/","og_site_name":"TimeStreet","article_modified_time":"2025-01-26T18:55:48+00:00","twitter_card":"summary_large_image","twitter_misc":{"Dur\u00e9e de lecture estim\u00e9e":"1 minute"},"schema":{"@context":"https:\/\/schema.org","@graph":[{"@type":"WebPage","@id":"https:\/\/timestreet.eu\/fr\/promenades-guidees-de-paris\/le-quartier-du-marais\/","url":"https:\/\/timestreet.eu\/fr\/promenades-guidees-de-paris\/le-quartier-du-marais\/","name":"TimeStreet | Un guide pour visiter les magnifiques ch\u00e2teaux de Paris","isPartOf":{"@id":"https:\/\/timestreet.eu\/fr\/#website"},"datePublished":"2024-12-29T20:41:10+00:00","dateModified":"2025-01-26T18:55:48+00:00","description":"D\u00e9couvrez les tr\u00e9sors cach\u00e9s de Paris dans le quartier du Marais. Explorez les superbes palais et ch\u00e2teaux qui rendent ce quartier si unique.","breadcrumb":{"@id":"https:\/\/timestreet.eu\/fr\/promenades-guidees-de-paris\/le-quartier-du-marais\/#breadcrumb"},"inLanguage":"fr-FR","potentialAction":[{"@type":"ReadAction","target":["https:\/\/timestreet.eu\/fr\/promenades-guidees-de-paris\/le-quartier-du-marais\/"]}]},{"@type":"BreadcrumbList","@id":"https:\/\/timestreet.eu\/fr\/promenades-guidees-de-paris\/le-quartier-du-marais\/#breadcrumb","itemListElement":[{"@type":"ListItem","position":1,"name":"Home","item":"https:\/\/timestreet.eu\/fr\/"},{"@type":"ListItem","position":2,"name":"Promenades guid\u00e9es de Paris","item":"https:\/\/timestreet.eu\/fr\/promenades-guidees-de-paris\/"},{"@type":"ListItem","position":3,"name":"Le quartier du Marais"}]},{"@type":"WebSite","@id":"https:\/\/timestreet.eu\/fr\/#website","url":"https:\/\/timestreet.eu\/fr\/","name":"TimeStreet App","description":"Historical Travel Guide for Paris","publisher":{"@id":"https:\/\/timestreet.eu\/fr\/#organization"},"alternateName":"TimeStreet","potentialAction":[{"@type":"SearchAction","target":{"@type":"EntryPoint","urlTemplate":"https:\/\/timestreet.eu\/fr\/?s={search_term_string}"},"query-input":{"@type":"PropertyValueSpecification","valueRequired":true,"valueName":"search_term_string"}}],"inLanguage":"fr-FR"},{"@type":"Organization","@id":"https:\/\/timestreet.eu\/fr\/#organization","name":"TimeStreet","url":"https:\/\/timestreet.eu\/fr\/","logo":{"@type":"ImageObject","inLanguage":"fr-FR","@id":"https:\/\/timestreet.eu\/fr\/#\/schema\/logo\/image\/","url":"https:\/\/timestreet.eu\/wp-content\/uploads\/2024\/08\/timestreet-logo-terracotta-512-x-512.png","contentUrl":"https:\/\/timestreet.eu\/wp-content\/uploads\/2024\/08\/timestreet-logo-terracotta-512-x-512.png","width":2085,"height":2084,"caption":"TimeStreet"},"image":{"@id":"https:\/\/timestreet.eu\/fr\/#\/schema\/logo\/image\/"},"sameAs":["https:\/\/www.instagram.com\/timestreet.eu\/"]}]}},"_links":{"self":[{"href":"https:\/\/timestreet.eu\/fr\/wp-json\/wp\/v2\/pages\/1176","targetHints":{"allow":["GET"]}}],"collection":[{"href":"https:\/\/timestreet.eu\/fr\/wp-json\/wp\/v2\/pages"}],"about":[{"href":"https:\/\/timestreet.eu\/fr\/wp-json\/wp\/v2\/types\/page"}],"author":[{"embeddable":true,"href":"https:\/\/timestreet.eu\/fr\/wp-json\/wp\/v2\/users\/1"}],"replies":[{"embeddable":true,"href":"https:\/\/timestreet.eu\/fr\/wp-json\/wp\/v2\/comments?post=1176"}],"version-history":[{"count":9,"href":"https:\/\/timestreet.eu\/fr\/wp-json\/wp\/v2\/pages\/1176\/revisions"}],"predecessor-version":[{"id":2144,"href":"https:\/\/timestreet.eu\/fr\/wp-json\/wp\/v2\/pages\/1176\/revisions\/2144"}],"up":[{"embeddable":true,"href":"https:\/\/timestreet.eu\/fr\/wp-json\/wp\/v2\/pages\/1415"}],"wp:attachment":[{"href":"https:\/\/timestreet.eu\/fr\/wp-json\/wp\/v2\/media?parent=1176"}],"curies":[{"name":"wp","href":"https:\/\/api.w.org\/{rel}","templated":true}]}}