{"id":1285,"date":"2024-12-29T09:52:50","date_gmt":"2024-12-29T09:52:50","guid":{"rendered":"https:\/\/timestreet.eu\/les-quais-de-la-seine\/"},"modified":"2025-01-26T18:55:59","modified_gmt":"2025-01-26T18:55:59","slug":"les-quais-de-la-seine","status":"publish","type":"page","link":"https:\/\/timestreet.eu\/fr\/promenades-guidees-de-paris\/les-quais-de-la-seine\/","title":{"rendered":"Les quais de la Seine"},"content":{"rendered":"<div class=\"wpb-content-wrapper\"><p>[vc_row][vc_column width=\u00a0\u00bb1\/4&Prime;][vc_column_text css=\u00a0\u00bb\u00a0\u00bb el_class=\u00a0\u00bbwalks\u00a0\u00bb]La Seine est depuis longtemps le c\u0153ur battant de la ville, avec certains des plus beaux monuments de la capitale construits sur ses rives. En choisissant cet itin\u00e9raire, vous d\u00e9couvrirez Paris sous un autre jour : son histoire, mais aussi l&rsquo;animation des quais, lieu de rencontre privil\u00e9gi\u00e9 des Parisiens.[\/vc_column_text][\/vc_column][vc_column width=\u00a0\u00bb1\/4&Prime;][vc_single_image image=\u00a0\u00bb798&Prime; img_size=\u00a0\u00bblarge\u00a0\u00bb alignment=\u00a0\u00bbcenter\u00a0\u00bb css=\u00a0\u00bb\u00a0\u00bb][\/vc_column][vc_column width=\u00a0\u00bb1\/4&Prime;][vc_single_image image=\u00a0\u00bb804&Prime; img_size=\u00a0\u00bblarge\u00a0\u00bb alignment=\u00a0\u00bbcenter\u00a0\u00bb css=\u00a0\u00bb\u00a0\u00bb][\/vc_column][vc_column width=\u00a0\u00bb1\/4&Prime;][vc_single_image image=\u00a0\u00bb810&Prime; img_size=\u00a0\u00bblarge\u00a0\u00bb alignment=\u00a0\u00bbcenter\u00a0\u00bb css=\u00a0\u00bb\u00a0\u00bb][\/vc_column][\/vc_row]<\/p>\n<\/div>","protected":false},"excerpt":{"rendered":"<p>[vc_row][vc_column width=\u00a0\u00bb1\/4&Prime;][vc_column_text css=\u00a0\u00bb\u00a0\u00bb el_class=\u00a0\u00bbwalks\u00a0\u00bb]La Seine est depuis longtemps le c\u0153ur battant de la ville, avec certains des plus beaux monuments de la capitale construits sur ses rives. En choisissant cet itin\u00e9raire, vous d\u00e9couvrirez Paris sous [&hellip;]<\/p>\n","protected":false},"author":1,"featured_media":0,"parent":1415,"menu_order":0,"comment_status":"closed","ping_status":"closed","template":"","meta":{"footnotes":""},"class_list":["post-1285","page","type-page","status-publish","hentry"],"yoast_head":"<!-- This site is optimized with the Yoast SEO Premium plugin v26.4 (Yoast SEO v27.5) - https:\/\/yoast.com\/product\/yoast-seo-premium-wordpress\/ -->\n<title>TimeStreet | D\u00e9couvrez la vie parisienne sur les quais de la Seine avec des promenades guid\u00e9es<\/title>\n<meta name=\"description\" content=\"Explorez la beaut\u00e9 de Paris gr\u00e2ce \u00e0 une promenade guid\u00e9e le long des quais de la Seine. D\u00e9couvrez l&#039;histoire et la vie tr\u00e9pidante de ce fleuve embl\u00e9matique.\" \/>\n<meta name=\"robots\" content=\"index, follow, max-snippet:-1, max-image-preview:large, max-video-preview:-1\" \/>\n<link rel=\"canonical\" href=\"https:\/\/timestreet.eu\/fr\/promenades-guidees-de-paris\/les-quais-de-la-seine\/\" \/>\n<meta property=\"og:locale\" content=\"fr_FR\" \/>\n<meta property=\"og:type\" content=\"article\" \/>\n<meta property=\"og:title\" content=\"Les quais de la Seine\" \/>\n<meta property=\"og:description\" content=\"Explorez la beaut\u00e9 de Paris gr\u00e2ce \u00e0 une promenade guid\u00e9e le long des quais de la Seine. D\u00e9couvrez l&#039;histoire et la vie tr\u00e9pidante de ce fleuve embl\u00e9matique.\" \/>\n<meta property=\"og:url\" content=\"https:\/\/timestreet.eu\/fr\/promenades-guidees-de-paris\/les-quais-de-la-seine\/\" \/>\n<meta property=\"og:site_name\" content=\"TimeStreet\" \/>\n<meta property=\"article:modified_time\" content=\"2025-01-26T18:55:59+00:00\" \/>\n<meta name=\"twitter:card\" content=\"summary_large_image\" \/>\n<meta name=\"twitter:label1\" content=\"Dur\u00e9e de lecture estim\u00e9e\" \/>\n\t<meta name=\"twitter:data1\" content=\"1 minute\" \/>\n<script type=\"application\/ld+json\" class=\"yoast-schema-graph\">{\"@context\":\"https:\\\/\\\/schema.org\",\"@graph\":[{\"@type\":\"WebPage\",\"@id\":\"https:\\\/\\\/timestreet.eu\\\/fr\\\/promenades-guidees-de-paris\\\/les-quais-de-la-seine\\\/\",\"url\":\"https:\\\/\\\/timestreet.eu\\\/fr\\\/promenades-guidees-de-paris\\\/les-quais-de-la-seine\\\/\",\"name\":\"TimeStreet | D\u00e9couvrez la vie parisienne sur les quais de la Seine avec des promenades guid\u00e9es\",\"isPartOf\":{\"@id\":\"https:\\\/\\\/timestreet.eu\\\/fr\\\/#website\"},\"datePublished\":\"2024-12-29T09:52:50+00:00\",\"dateModified\":\"2025-01-26T18:55:59+00:00\",\"description\":\"Explorez la beaut\u00e9 de Paris gr\u00e2ce \u00e0 une promenade guid\u00e9e le long des quais de la Seine. D\u00e9couvrez l'histoire et la vie tr\u00e9pidante de ce fleuve embl\u00e9matique.\",\"breadcrumb\":{\"@id\":\"https:\\\/\\\/timestreet.eu\\\/fr\\\/promenades-guidees-de-paris\\\/les-quais-de-la-seine\\\/#breadcrumb\"},\"inLanguage\":\"fr-FR\",\"potentialAction\":[{\"@type\":\"ReadAction\",\"target\":[\"https:\\\/\\\/timestreet.eu\\\/fr\\\/promenades-guidees-de-paris\\\/les-quais-de-la-seine\\\/\"]}]},{\"@type\":\"BreadcrumbList\",\"@id\":\"https:\\\/\\\/timestreet.eu\\\/fr\\\/promenades-guidees-de-paris\\\/les-quais-de-la-seine\\\/#breadcrumb\",\"itemListElement\":[{\"@type\":\"ListItem\",\"position\":1,\"name\":\"Home\",\"item\":\"https:\\\/\\\/timestreet.eu\\\/fr\\\/\"},{\"@type\":\"ListItem\",\"position\":2,\"name\":\"Promenades guid\u00e9es de Paris\",\"item\":\"https:\\\/\\\/timestreet.eu\\\/fr\\\/promenades-guidees-de-paris\\\/\"},{\"@type\":\"ListItem\",\"position\":3,\"name\":\"Les quais de la Seine\"}]},{\"@type\":\"WebSite\",\"@id\":\"https:\\\/\\\/timestreet.eu\\\/fr\\\/#website\",\"url\":\"https:\\\/\\\/timestreet.eu\\\/fr\\\/\",\"name\":\"TimeStreet App\",\"description\":\"Historical Travel Guide for Paris\",\"publisher\":{\"@id\":\"https:\\\/\\\/timestreet.eu\\\/fr\\\/#organization\"},\"alternateName\":\"TimeStreet\",\"potentialAction\":[{\"@type\":\"SearchAction\",\"target\":{\"@type\":\"EntryPoint\",\"urlTemplate\":\"https:\\\/\\\/timestreet.eu\\\/fr\\\/?s={search_term_string}\"},\"query-input\":{\"@type\":\"PropertyValueSpecification\",\"valueRequired\":true,\"valueName\":\"search_term_string\"}}],\"inLanguage\":\"fr-FR\"},{\"@type\":\"Organization\",\"@id\":\"https:\\\/\\\/timestreet.eu\\\/fr\\\/#organization\",\"name\":\"TimeStreet\",\"url\":\"https:\\\/\\\/timestreet.eu\\\/fr\\\/\",\"logo\":{\"@type\":\"ImageObject\",\"inLanguage\":\"fr-FR\",\"@id\":\"https:\\\/\\\/timestreet.eu\\\/fr\\\/#\\\/schema\\\/logo\\\/image\\\/\",\"url\":\"https:\\\/\\\/timestreet.eu\\\/wp-content\\\/uploads\\\/2024\\\/08\\\/timestreet-logo-terracotta-512-x-512.png\",\"contentUrl\":\"https:\\\/\\\/timestreet.eu\\\/wp-content\\\/uploads\\\/2024\\\/08\\\/timestreet-logo-terracotta-512-x-512.png\",\"width\":2085,\"height\":2084,\"caption\":\"TimeStreet\"},\"image\":{\"@id\":\"https:\\\/\\\/timestreet.eu\\\/fr\\\/#\\\/schema\\\/logo\\\/image\\\/\"},\"sameAs\":[\"https:\\\/\\\/www.instagram.com\\\/timestreet.eu\\\/\"]}]}<\/script>\n<!-- \/ Yoast SEO Premium plugin. -->","yoast_head_json":{"title":"TimeStreet | D\u00e9couvrez la vie parisienne sur les quais de la Seine avec des promenades guid\u00e9es","description":"Explorez la beaut\u00e9 de Paris gr\u00e2ce \u00e0 une promenade guid\u00e9e le long des quais de la Seine. D\u00e9couvrez l'histoire et la vie tr\u00e9pidante de ce fleuve embl\u00e9matique.","robots":{"index":"index","follow":"follow","max-snippet":"max-snippet:-1","max-image-preview":"max-image-preview:large","max-video-preview":"max-video-preview:-1"},"canonical":"https:\/\/timestreet.eu\/fr\/promenades-guidees-de-paris\/les-quais-de-la-seine\/","og_locale":"fr_FR","og_type":"article","og_title":"Les quais de la Seine","og_description":"Explorez la beaut\u00e9 de Paris gr\u00e2ce \u00e0 une promenade guid\u00e9e le long des quais de la Seine. D\u00e9couvrez l'histoire et la vie tr\u00e9pidante de ce fleuve embl\u00e9matique.","og_url":"https:\/\/timestreet.eu\/fr\/promenades-guidees-de-paris\/les-quais-de-la-seine\/","og_site_name":"TimeStreet","article_modified_time":"2025-01-26T18:55:59+00:00","twitter_card":"summary_large_image","twitter_misc":{"Dur\u00e9e de lecture estim\u00e9e":"1 minute"},"schema":{"@context":"https:\/\/schema.org","@graph":[{"@type":"WebPage","@id":"https:\/\/timestreet.eu\/fr\/promenades-guidees-de-paris\/les-quais-de-la-seine\/","url":"https:\/\/timestreet.eu\/fr\/promenades-guidees-de-paris\/les-quais-de-la-seine\/","name":"TimeStreet | D\u00e9couvrez la vie parisienne sur les quais de la Seine avec des promenades guid\u00e9es","isPartOf":{"@id":"https:\/\/timestreet.eu\/fr\/#website"},"datePublished":"2024-12-29T09:52:50+00:00","dateModified":"2025-01-26T18:55:59+00:00","description":"Explorez la beaut\u00e9 de Paris gr\u00e2ce \u00e0 une promenade guid\u00e9e le long des quais de la Seine. D\u00e9couvrez l'histoire et la vie tr\u00e9pidante de ce fleuve embl\u00e9matique.","breadcrumb":{"@id":"https:\/\/timestreet.eu\/fr\/promenades-guidees-de-paris\/les-quais-de-la-seine\/#breadcrumb"},"inLanguage":"fr-FR","potentialAction":[{"@type":"ReadAction","target":["https:\/\/timestreet.eu\/fr\/promenades-guidees-de-paris\/les-quais-de-la-seine\/"]}]},{"@type":"BreadcrumbList","@id":"https:\/\/timestreet.eu\/fr\/promenades-guidees-de-paris\/les-quais-de-la-seine\/#breadcrumb","itemListElement":[{"@type":"ListItem","position":1,"name":"Home","item":"https:\/\/timestreet.eu\/fr\/"},{"@type":"ListItem","position":2,"name":"Promenades guid\u00e9es de Paris","item":"https:\/\/timestreet.eu\/fr\/promenades-guidees-de-paris\/"},{"@type":"ListItem","position":3,"name":"Les quais de la Seine"}]},{"@type":"WebSite","@id":"https:\/\/timestreet.eu\/fr\/#website","url":"https:\/\/timestreet.eu\/fr\/","name":"TimeStreet App","description":"Historical Travel Guide for Paris","publisher":{"@id":"https:\/\/timestreet.eu\/fr\/#organization"},"alternateName":"TimeStreet","potentialAction":[{"@type":"SearchAction","target":{"@type":"EntryPoint","urlTemplate":"https:\/\/timestreet.eu\/fr\/?s={search_term_string}"},"query-input":{"@type":"PropertyValueSpecification","valueRequired":true,"valueName":"search_term_string"}}],"inLanguage":"fr-FR"},{"@type":"Organization","@id":"https:\/\/timestreet.eu\/fr\/#organization","name":"TimeStreet","url":"https:\/\/timestreet.eu\/fr\/","logo":{"@type":"ImageObject","inLanguage":"fr-FR","@id":"https:\/\/timestreet.eu\/fr\/#\/schema\/logo\/image\/","url":"https:\/\/timestreet.eu\/wp-content\/uploads\/2024\/08\/timestreet-logo-terracotta-512-x-512.png","contentUrl":"https:\/\/timestreet.eu\/wp-content\/uploads\/2024\/08\/timestreet-logo-terracotta-512-x-512.png","width":2085,"height":2084,"caption":"TimeStreet"},"image":{"@id":"https:\/\/timestreet.eu\/fr\/#\/schema\/logo\/image\/"},"sameAs":["https:\/\/www.instagram.com\/timestreet.eu\/"]}]}},"_links":{"self":[{"href":"https:\/\/timestreet.eu\/fr\/wp-json\/wp\/v2\/pages\/1285","targetHints":{"allow":["GET"]}}],"collection":[{"href":"https:\/\/timestreet.eu\/fr\/wp-json\/wp\/v2\/pages"}],"about":[{"href":"https:\/\/timestreet.eu\/fr\/wp-json\/wp\/v2\/types\/page"}],"author":[{"embeddable":true,"href":"https:\/\/timestreet.eu\/fr\/wp-json\/wp\/v2\/users\/1"}],"replies":[{"embeddable":true,"href":"https:\/\/timestreet.eu\/fr\/wp-json\/wp\/v2\/comments?post=1285"}],"version-history":[{"count":4,"href":"https:\/\/timestreet.eu\/fr\/wp-json\/wp\/v2\/pages\/1285\/revisions"}],"predecessor-version":[{"id":2149,"href":"https:\/\/timestreet.eu\/fr\/wp-json\/wp\/v2\/pages\/1285\/revisions\/2149"}],"up":[{"embeddable":true,"href":"https:\/\/timestreet.eu\/fr\/wp-json\/wp\/v2\/pages\/1415"}],"wp:attachment":[{"href":"https:\/\/timestreet.eu\/fr\/wp-json\/wp\/v2\/media?parent=1285"}],"curies":[{"name":"wp","href":"https:\/\/api.w.org\/{rel}","templated":true}]}}