{"id":1346,"date":"2024-12-29T09:02:26","date_gmt":"2024-12-29T09:02:26","guid":{"rendered":"https:\/\/timestreet.eu\/lespace-du-louvre\/"},"modified":"2025-01-26T18:55:18","modified_gmt":"2025-01-26T18:55:18","slug":"lespace-du-louvre","status":"publish","type":"page","link":"https:\/\/timestreet.eu\/fr\/promenades-guidees-de-paris\/lespace-du-louvre\/","title":{"rendered":"L&rsquo;espace du Louvre"},"content":{"rendered":"<div class=\"wpb-content-wrapper\"><p>[vc_row][vc_column width=\u00a0\u00bb1\/4&Prime;][vc_column_text css=\u00a0\u00bb\u00a0\u00bb el_class=\u00a0\u00bbwalks\u00a0\u00bb]Symboles des heures de gloire de la monarchie, le Louvre, les Tuileries et la Concorde ont aussi \u00e9t\u00e9 le th\u00e9\u00e2tre de sa chute. Le quartier a connu les moments les plus mouvement\u00e9s de l&rsquo;histoire de France. A vous de d\u00e9couvrir cette histoire riche et vivante ![\/vc_column_text][\/vc_column][vc_column width=\u00a0\u00bb1\/4&Prime;][vc_single_image image=\u00a0\u00bb774&Prime; img_size=\u00a0\u00bblarge\u00a0\u00bb alignment=\u00a0\u00bbcenter\u00a0\u00bb css=\u00a0\u00bb\u00a0\u00bb][\/vc_column][vc_column width=\u00a0\u00bb1\/4&Prime;][vc_single_image image=\u00a0\u00bb780&Prime; img_size=\u00a0\u00bblarge\u00a0\u00bb alignment=\u00a0\u00bbcenter\u00a0\u00bb css=\u00a0\u00bb\u00a0\u00bb][\/vc_column][vc_column width=\u00a0\u00bb1\/4&Prime;][vc_single_image image=\u00a0\u00bb786&Prime; img_size=\u00a0\u00bblarge\u00a0\u00bb alignment=\u00a0\u00bbcenter\u00a0\u00bb css=\u00a0\u00bb\u00a0\u00bb][\/vc_column][\/vc_row]<\/p>\n<\/div>","protected":false},"excerpt":{"rendered":"<p>[vc_row][vc_column width=\u00a0\u00bb1\/4&Prime;][vc_column_text css=\u00a0\u00bb\u00a0\u00bb el_class=\u00a0\u00bbwalks\u00a0\u00bb]Symboles des heures de gloire de la monarchie, le Louvre, les Tuileries et la Concorde ont aussi \u00e9t\u00e9 le th\u00e9\u00e2tre de sa chute. Le quartier a connu les moments les plus mouvement\u00e9s [&hellip;]<\/p>\n","protected":false},"author":1,"featured_media":0,"parent":1415,"menu_order":0,"comment_status":"closed","ping_status":"closed","template":"","meta":{"footnotes":""},"class_list":["post-1346","page","type-page","status-publish","hentry"],"yoast_head":"<!-- This site is optimized with the Yoast SEO Premium plugin v26.4 (Yoast SEO v27.5) - https:\/\/yoast.com\/product\/yoast-seo-premium-wordpress\/ -->\n<title>TimeStreet | A la d\u00e9couverte de la riche histoire du Louvre Paris<\/title>\n<meta name=\"description\" content=\"D\u00e9couvrez l&#039;histoire fascinante du Louvre et de la Concorde \u00e0 Paris, le quartier qui a vu l&#039;ascension et la chute de la monarchie fran\u00e7aise.\" \/>\n<meta name=\"robots\" content=\"index, follow, max-snippet:-1, max-image-preview:large, max-video-preview:-1\" \/>\n<link rel=\"canonical\" href=\"https:\/\/timestreet.eu\/fr\/promenades-guidees-de-paris\/lespace-du-louvre\/\" \/>\n<meta property=\"og:locale\" content=\"fr_FR\" \/>\n<meta property=\"og:type\" content=\"article\" \/>\n<meta property=\"og:title\" content=\"L&#039;espace du Louvre\" \/>\n<meta property=\"og:description\" content=\"D\u00e9couvrez l&#039;histoire fascinante du Louvre et de la Concorde \u00e0 Paris, le quartier qui a vu l&#039;ascension et la chute de la monarchie fran\u00e7aise.\" \/>\n<meta property=\"og:url\" content=\"https:\/\/timestreet.eu\/fr\/promenades-guidees-de-paris\/lespace-du-louvre\/\" \/>\n<meta property=\"og:site_name\" content=\"TimeStreet\" \/>\n<meta property=\"article:modified_time\" content=\"2025-01-26T18:55:18+00:00\" \/>\n<meta name=\"twitter:card\" content=\"summary_large_image\" \/>\n<meta name=\"twitter:label1\" content=\"Dur\u00e9e de lecture estim\u00e9e\" \/>\n\t<meta name=\"twitter:data1\" content=\"1 minute\" \/>\n<script type=\"application\/ld+json\" class=\"yoast-schema-graph\">{\"@context\":\"https:\\\/\\\/schema.org\",\"@graph\":[{\"@type\":\"WebPage\",\"@id\":\"https:\\\/\\\/timestreet.eu\\\/fr\\\/promenades-guidees-de-paris\\\/lespace-du-louvre\\\/\",\"url\":\"https:\\\/\\\/timestreet.eu\\\/fr\\\/promenades-guidees-de-paris\\\/lespace-du-louvre\\\/\",\"name\":\"TimeStreet | A la d\u00e9couverte de la riche histoire du Louvre Paris\",\"isPartOf\":{\"@id\":\"https:\\\/\\\/timestreet.eu\\\/fr\\\/#website\"},\"datePublished\":\"2024-12-29T09:02:26+00:00\",\"dateModified\":\"2025-01-26T18:55:18+00:00\",\"description\":\"D\u00e9couvrez l'histoire fascinante du Louvre et de la Concorde \u00e0 Paris, le quartier qui a vu l'ascension et la chute de la monarchie fran\u00e7aise.\",\"breadcrumb\":{\"@id\":\"https:\\\/\\\/timestreet.eu\\\/fr\\\/promenades-guidees-de-paris\\\/lespace-du-louvre\\\/#breadcrumb\"},\"inLanguage\":\"fr-FR\",\"potentialAction\":[{\"@type\":\"ReadAction\",\"target\":[\"https:\\\/\\\/timestreet.eu\\\/fr\\\/promenades-guidees-de-paris\\\/lespace-du-louvre\\\/\"]}]},{\"@type\":\"BreadcrumbList\",\"@id\":\"https:\\\/\\\/timestreet.eu\\\/fr\\\/promenades-guidees-de-paris\\\/lespace-du-louvre\\\/#breadcrumb\",\"itemListElement\":[{\"@type\":\"ListItem\",\"position\":1,\"name\":\"Home\",\"item\":\"https:\\\/\\\/timestreet.eu\\\/fr\\\/\"},{\"@type\":\"ListItem\",\"position\":2,\"name\":\"Promenades guid\u00e9es de Paris\",\"item\":\"https:\\\/\\\/timestreet.eu\\\/fr\\\/promenades-guidees-de-paris\\\/\"},{\"@type\":\"ListItem\",\"position\":3,\"name\":\"L&#8217;espace du Louvre\"}]},{\"@type\":\"WebSite\",\"@id\":\"https:\\\/\\\/timestreet.eu\\\/fr\\\/#website\",\"url\":\"https:\\\/\\\/timestreet.eu\\\/fr\\\/\",\"name\":\"TimeStreet App\",\"description\":\"Historical Travel Guide for Paris\",\"publisher\":{\"@id\":\"https:\\\/\\\/timestreet.eu\\\/fr\\\/#organization\"},\"alternateName\":\"TimeStreet\",\"potentialAction\":[{\"@type\":\"SearchAction\",\"target\":{\"@type\":\"EntryPoint\",\"urlTemplate\":\"https:\\\/\\\/timestreet.eu\\\/fr\\\/?s={search_term_string}\"},\"query-input\":{\"@type\":\"PropertyValueSpecification\",\"valueRequired\":true,\"valueName\":\"search_term_string\"}}],\"inLanguage\":\"fr-FR\"},{\"@type\":\"Organization\",\"@id\":\"https:\\\/\\\/timestreet.eu\\\/fr\\\/#organization\",\"name\":\"TimeStreet\",\"url\":\"https:\\\/\\\/timestreet.eu\\\/fr\\\/\",\"logo\":{\"@type\":\"ImageObject\",\"inLanguage\":\"fr-FR\",\"@id\":\"https:\\\/\\\/timestreet.eu\\\/fr\\\/#\\\/schema\\\/logo\\\/image\\\/\",\"url\":\"https:\\\/\\\/timestreet.eu\\\/wp-content\\\/uploads\\\/2024\\\/08\\\/timestreet-logo-terracotta-512-x-512.png\",\"contentUrl\":\"https:\\\/\\\/timestreet.eu\\\/wp-content\\\/uploads\\\/2024\\\/08\\\/timestreet-logo-terracotta-512-x-512.png\",\"width\":2085,\"height\":2084,\"caption\":\"TimeStreet\"},\"image\":{\"@id\":\"https:\\\/\\\/timestreet.eu\\\/fr\\\/#\\\/schema\\\/logo\\\/image\\\/\"},\"sameAs\":[\"https:\\\/\\\/www.instagram.com\\\/timestreet.eu\\\/\"]}]}<\/script>\n<!-- \/ Yoast SEO Premium plugin. -->","yoast_head_json":{"title":"TimeStreet | A la d\u00e9couverte de la riche histoire du Louvre Paris","description":"D\u00e9couvrez l'histoire fascinante du Louvre et de la Concorde \u00e0 Paris, le quartier qui a vu l'ascension et la chute de la monarchie fran\u00e7aise.","robots":{"index":"index","follow":"follow","max-snippet":"max-snippet:-1","max-image-preview":"max-image-preview:large","max-video-preview":"max-video-preview:-1"},"canonical":"https:\/\/timestreet.eu\/fr\/promenades-guidees-de-paris\/lespace-du-louvre\/","og_locale":"fr_FR","og_type":"article","og_title":"L'espace du Louvre","og_description":"D\u00e9couvrez l'histoire fascinante du Louvre et de la Concorde \u00e0 Paris, le quartier qui a vu l'ascension et la chute de la monarchie fran\u00e7aise.","og_url":"https:\/\/timestreet.eu\/fr\/promenades-guidees-de-paris\/lespace-du-louvre\/","og_site_name":"TimeStreet","article_modified_time":"2025-01-26T18:55:18+00:00","twitter_card":"summary_large_image","twitter_misc":{"Dur\u00e9e de lecture estim\u00e9e":"1 minute"},"schema":{"@context":"https:\/\/schema.org","@graph":[{"@type":"WebPage","@id":"https:\/\/timestreet.eu\/fr\/promenades-guidees-de-paris\/lespace-du-louvre\/","url":"https:\/\/timestreet.eu\/fr\/promenades-guidees-de-paris\/lespace-du-louvre\/","name":"TimeStreet | A la d\u00e9couverte de la riche histoire du Louvre Paris","isPartOf":{"@id":"https:\/\/timestreet.eu\/fr\/#website"},"datePublished":"2024-12-29T09:02:26+00:00","dateModified":"2025-01-26T18:55:18+00:00","description":"D\u00e9couvrez l'histoire fascinante du Louvre et de la Concorde \u00e0 Paris, le quartier qui a vu l'ascension et la chute de la monarchie fran\u00e7aise.","breadcrumb":{"@id":"https:\/\/timestreet.eu\/fr\/promenades-guidees-de-paris\/lespace-du-louvre\/#breadcrumb"},"inLanguage":"fr-FR","potentialAction":[{"@type":"ReadAction","target":["https:\/\/timestreet.eu\/fr\/promenades-guidees-de-paris\/lespace-du-louvre\/"]}]},{"@type":"BreadcrumbList","@id":"https:\/\/timestreet.eu\/fr\/promenades-guidees-de-paris\/lespace-du-louvre\/#breadcrumb","itemListElement":[{"@type":"ListItem","position":1,"name":"Home","item":"https:\/\/timestreet.eu\/fr\/"},{"@type":"ListItem","position":2,"name":"Promenades guid\u00e9es de Paris","item":"https:\/\/timestreet.eu\/fr\/promenades-guidees-de-paris\/"},{"@type":"ListItem","position":3,"name":"L&#8217;espace du Louvre"}]},{"@type":"WebSite","@id":"https:\/\/timestreet.eu\/fr\/#website","url":"https:\/\/timestreet.eu\/fr\/","name":"TimeStreet App","description":"Historical Travel Guide for Paris","publisher":{"@id":"https:\/\/timestreet.eu\/fr\/#organization"},"alternateName":"TimeStreet","potentialAction":[{"@type":"SearchAction","target":{"@type":"EntryPoint","urlTemplate":"https:\/\/timestreet.eu\/fr\/?s={search_term_string}"},"query-input":{"@type":"PropertyValueSpecification","valueRequired":true,"valueName":"search_term_string"}}],"inLanguage":"fr-FR"},{"@type":"Organization","@id":"https:\/\/timestreet.eu\/fr\/#organization","name":"TimeStreet","url":"https:\/\/timestreet.eu\/fr\/","logo":{"@type":"ImageObject","inLanguage":"fr-FR","@id":"https:\/\/timestreet.eu\/fr\/#\/schema\/logo\/image\/","url":"https:\/\/timestreet.eu\/wp-content\/uploads\/2024\/08\/timestreet-logo-terracotta-512-x-512.png","contentUrl":"https:\/\/timestreet.eu\/wp-content\/uploads\/2024\/08\/timestreet-logo-terracotta-512-x-512.png","width":2085,"height":2084,"caption":"TimeStreet"},"image":{"@id":"https:\/\/timestreet.eu\/fr\/#\/schema\/logo\/image\/"},"sameAs":["https:\/\/www.instagram.com\/timestreet.eu\/"]}]}},"_links":{"self":[{"href":"https:\/\/timestreet.eu\/fr\/wp-json\/wp\/v2\/pages\/1346","targetHints":{"allow":["GET"]}}],"collection":[{"href":"https:\/\/timestreet.eu\/fr\/wp-json\/wp\/v2\/pages"}],"about":[{"href":"https:\/\/timestreet.eu\/fr\/wp-json\/wp\/v2\/types\/page"}],"author":[{"embeddable":true,"href":"https:\/\/timestreet.eu\/fr\/wp-json\/wp\/v2\/users\/1"}],"replies":[{"embeddable":true,"href":"https:\/\/timestreet.eu\/fr\/wp-json\/wp\/v2\/comments?post=1346"}],"version-history":[{"count":4,"href":"https:\/\/timestreet.eu\/fr\/wp-json\/wp\/v2\/pages\/1346\/revisions"}],"predecessor-version":[{"id":2130,"href":"https:\/\/timestreet.eu\/fr\/wp-json\/wp\/v2\/pages\/1346\/revisions\/2130"}],"up":[{"embeddable":true,"href":"https:\/\/timestreet.eu\/fr\/wp-json\/wp\/v2\/pages\/1415"}],"wp:attachment":[{"href":"https:\/\/timestreet.eu\/fr\/wp-json\/wp\/v2\/media?parent=1346"}],"curies":[{"name":"wp","href":"https:\/\/api.w.org\/{rel}","templated":true}]}}