{"id":1347,"date":"2024-12-28T21:02:22","date_gmt":"2024-12-28T21:02:22","guid":{"rendered":"https:\/\/timestreet.eu\/le-coeur-historique-de-paris\/"},"modified":"2025-01-26T18:55:28","modified_gmt":"2025-01-26T18:55:28","slug":"le-coeur-historique-de-paris","status":"publish","type":"page","link":"https:\/\/timestreet.eu\/fr\/promenades-guidees-de-paris\/le-coeur-historique-de-paris\/","title":{"rendered":"Le c\u0153ur historique de Paris"},"content":{"rendered":"<div class=\"wpb-content-wrapper\"><p>[vc_row][vc_column width=\u00a0\u00bb1\/4&Prime;][vc_column_text css=\u00a0\u00bb\u00a0\u00bb el_class=\u00a0\u00bbwalks\u00a0\u00bb]Depuis l&rsquo;installation des Parisiens sur les \u00eeles de la Seine en l&rsquo;an 300, la Cit\u00e9 et ses environs sont au c\u0153ur des \u00e9v\u00e9nements de la capitale. R\u00e9sidence royale, si\u00e8ge du parlement et du pouvoir eccl\u00e9siastique, le quartier est charg\u00e9 d&rsquo;une histoire passionnante qui reste \u00e0 d\u00e9couvrir ![\/vc_column_text][\/vc_column][vc_column width=\u00a0\u00bb1\/4&Prime;][vc_single_image image=\u00a0\u00bb734&Prime; img_size=\u00a0\u00bblarge\u00a0\u00bb alignment=\u00a0\u00bbcenter\u00a0\u00bb css=\u00a0\u00bb\u00a0\u00bb][\/vc_column][vc_column width=\u00a0\u00bb1\/4&Prime;][vc_single_image image=\u00a0\u00bb740&Prime; img_size=\u00a0\u00bblarge\u00a0\u00bb alignment=\u00a0\u00bbcenter\u00a0\u00bb css=\u00a0\u00bb\u00a0\u00bb][\/vc_column][vc_column width=\u00a0\u00bb1\/4&Prime;][vc_single_image image=\u00a0\u00bb749&Prime; img_size=\u00a0\u00bblarge\u00a0\u00bb alignment=\u00a0\u00bbcenter\u00a0\u00bb css=\u00a0\u00bb\u00a0\u00bb][\/vc_column][\/vc_row]<\/p>\n<\/div>","protected":false},"excerpt":{"rendered":"<p>[vc_row][vc_column width=\u00a0\u00bb1\/4&Prime;][vc_column_text css=\u00a0\u00bb\u00a0\u00bb el_class=\u00a0\u00bbwalks\u00a0\u00bb]Depuis l&rsquo;installation des Parisiens sur les \u00eeles de la Seine en l&rsquo;an 300, la Cit\u00e9 et ses environs sont au c\u0153ur des \u00e9v\u00e9nements de la capitale. R\u00e9sidence royale, si\u00e8ge du parlement et [&hellip;]<\/p>\n","protected":false},"author":1,"featured_media":0,"parent":1415,"menu_order":0,"comment_status":"closed","ping_status":"closed","template":"","meta":{"footnotes":""},"class_list":["post-1347","page","type-page","status-publish","hentry"],"yoast_head":"<!-- This site is optimized with the Yoast SEO Premium plugin v26.4 (Yoast SEO v27.5) - https:\/\/yoast.com\/product\/yoast-seo-premium-wordpress\/ -->\n<title>TimeStreet | Explorez le c\u0153ur historique de Paris avec des promenades guid\u00e9es<\/title>\n<meta name=\"description\" content=\"D\u00e9couvrez l&#039;histoire cach\u00e9e de Paris gr\u00e2ce \u00e0 des promenades guid\u00e9es \u00e0 travers ses sites embl\u00e9matiques. Apprenez les \u00e9v\u00e9nements fascinants qui ont fa\u00e7onn\u00e9 la ville.\" \/>\n<meta name=\"robots\" content=\"index, follow, max-snippet:-1, max-image-preview:large, max-video-preview:-1\" \/>\n<link rel=\"canonical\" href=\"https:\/\/timestreet.eu\/fr\/promenades-guidees-de-paris\/le-coeur-historique-de-paris\/\" \/>\n<meta property=\"og:locale\" content=\"fr_FR\" \/>\n<meta property=\"og:type\" content=\"article\" \/>\n<meta property=\"og:title\" content=\"Le c\u0153ur historique de Paris\" \/>\n<meta property=\"og:description\" content=\"D\u00e9couvrez l&#039;histoire cach\u00e9e de Paris gr\u00e2ce \u00e0 des promenades guid\u00e9es \u00e0 travers ses sites embl\u00e9matiques. Apprenez les \u00e9v\u00e9nements fascinants qui ont fa\u00e7onn\u00e9 la ville.\" \/>\n<meta property=\"og:url\" content=\"https:\/\/timestreet.eu\/fr\/promenades-guidees-de-paris\/le-coeur-historique-de-paris\/\" \/>\n<meta property=\"og:site_name\" content=\"TimeStreet\" \/>\n<meta property=\"article:modified_time\" content=\"2025-01-26T18:55:28+00:00\" \/>\n<meta name=\"twitter:card\" content=\"summary_large_image\" \/>\n<meta name=\"twitter:label1\" content=\"Dur\u00e9e de lecture estim\u00e9e\" \/>\n\t<meta name=\"twitter:data1\" content=\"1 minute\" \/>\n<script type=\"application\/ld+json\" class=\"yoast-schema-graph\">{\"@context\":\"https:\\\/\\\/schema.org\",\"@graph\":[{\"@type\":\"WebPage\",\"@id\":\"https:\\\/\\\/timestreet.eu\\\/fr\\\/promenades-guidees-de-paris\\\/le-coeur-historique-de-paris\\\/\",\"url\":\"https:\\\/\\\/timestreet.eu\\\/fr\\\/promenades-guidees-de-paris\\\/le-coeur-historique-de-paris\\\/\",\"name\":\"TimeStreet | Explorez le c\u0153ur historique de Paris avec des promenades guid\u00e9es\",\"isPartOf\":{\"@id\":\"https:\\\/\\\/timestreet.eu\\\/fr\\\/#website\"},\"datePublished\":\"2024-12-28T21:02:22+00:00\",\"dateModified\":\"2025-01-26T18:55:28+00:00\",\"description\":\"D\u00e9couvrez l'histoire cach\u00e9e de Paris gr\u00e2ce \u00e0 des promenades guid\u00e9es \u00e0 travers ses sites embl\u00e9matiques. Apprenez les \u00e9v\u00e9nements fascinants qui ont fa\u00e7onn\u00e9 la ville.\",\"breadcrumb\":{\"@id\":\"https:\\\/\\\/timestreet.eu\\\/fr\\\/promenades-guidees-de-paris\\\/le-coeur-historique-de-paris\\\/#breadcrumb\"},\"inLanguage\":\"fr-FR\",\"potentialAction\":[{\"@type\":\"ReadAction\",\"target\":[\"https:\\\/\\\/timestreet.eu\\\/fr\\\/promenades-guidees-de-paris\\\/le-coeur-historique-de-paris\\\/\"]}]},{\"@type\":\"BreadcrumbList\",\"@id\":\"https:\\\/\\\/timestreet.eu\\\/fr\\\/promenades-guidees-de-paris\\\/le-coeur-historique-de-paris\\\/#breadcrumb\",\"itemListElement\":[{\"@type\":\"ListItem\",\"position\":1,\"name\":\"Home\",\"item\":\"https:\\\/\\\/timestreet.eu\\\/fr\\\/\"},{\"@type\":\"ListItem\",\"position\":2,\"name\":\"Promenades guid\u00e9es de Paris\",\"item\":\"https:\\\/\\\/timestreet.eu\\\/fr\\\/promenades-guidees-de-paris\\\/\"},{\"@type\":\"ListItem\",\"position\":3,\"name\":\"Le c\u0153ur historique de Paris\"}]},{\"@type\":\"WebSite\",\"@id\":\"https:\\\/\\\/timestreet.eu\\\/fr\\\/#website\",\"url\":\"https:\\\/\\\/timestreet.eu\\\/fr\\\/\",\"name\":\"TimeStreet App\",\"description\":\"Historical Travel Guide for Paris\",\"publisher\":{\"@id\":\"https:\\\/\\\/timestreet.eu\\\/fr\\\/#organization\"},\"alternateName\":\"TimeStreet\",\"potentialAction\":[{\"@type\":\"SearchAction\",\"target\":{\"@type\":\"EntryPoint\",\"urlTemplate\":\"https:\\\/\\\/timestreet.eu\\\/fr\\\/?s={search_term_string}\"},\"query-input\":{\"@type\":\"PropertyValueSpecification\",\"valueRequired\":true,\"valueName\":\"search_term_string\"}}],\"inLanguage\":\"fr-FR\"},{\"@type\":\"Organization\",\"@id\":\"https:\\\/\\\/timestreet.eu\\\/fr\\\/#organization\",\"name\":\"TimeStreet\",\"url\":\"https:\\\/\\\/timestreet.eu\\\/fr\\\/\",\"logo\":{\"@type\":\"ImageObject\",\"inLanguage\":\"fr-FR\",\"@id\":\"https:\\\/\\\/timestreet.eu\\\/fr\\\/#\\\/schema\\\/logo\\\/image\\\/\",\"url\":\"https:\\\/\\\/timestreet.eu\\\/wp-content\\\/uploads\\\/2024\\\/08\\\/timestreet-logo-terracotta-512-x-512.png\",\"contentUrl\":\"https:\\\/\\\/timestreet.eu\\\/wp-content\\\/uploads\\\/2024\\\/08\\\/timestreet-logo-terracotta-512-x-512.png\",\"width\":2085,\"height\":2084,\"caption\":\"TimeStreet\"},\"image\":{\"@id\":\"https:\\\/\\\/timestreet.eu\\\/fr\\\/#\\\/schema\\\/logo\\\/image\\\/\"},\"sameAs\":[\"https:\\\/\\\/www.instagram.com\\\/timestreet.eu\\\/\"]}]}<\/script>\n<!-- \/ Yoast SEO Premium plugin. -->","yoast_head_json":{"title":"TimeStreet | Explorez le c\u0153ur historique de Paris avec des promenades guid\u00e9es","description":"D\u00e9couvrez l'histoire cach\u00e9e de Paris gr\u00e2ce \u00e0 des promenades guid\u00e9es \u00e0 travers ses sites embl\u00e9matiques. Apprenez les \u00e9v\u00e9nements fascinants qui ont fa\u00e7onn\u00e9 la ville.","robots":{"index":"index","follow":"follow","max-snippet":"max-snippet:-1","max-image-preview":"max-image-preview:large","max-video-preview":"max-video-preview:-1"},"canonical":"https:\/\/timestreet.eu\/fr\/promenades-guidees-de-paris\/le-coeur-historique-de-paris\/","og_locale":"fr_FR","og_type":"article","og_title":"Le c\u0153ur historique de Paris","og_description":"D\u00e9couvrez l'histoire cach\u00e9e de Paris gr\u00e2ce \u00e0 des promenades guid\u00e9es \u00e0 travers ses sites embl\u00e9matiques. Apprenez les \u00e9v\u00e9nements fascinants qui ont fa\u00e7onn\u00e9 la ville.","og_url":"https:\/\/timestreet.eu\/fr\/promenades-guidees-de-paris\/le-coeur-historique-de-paris\/","og_site_name":"TimeStreet","article_modified_time":"2025-01-26T18:55:28+00:00","twitter_card":"summary_large_image","twitter_misc":{"Dur\u00e9e de lecture estim\u00e9e":"1 minute"},"schema":{"@context":"https:\/\/schema.org","@graph":[{"@type":"WebPage","@id":"https:\/\/timestreet.eu\/fr\/promenades-guidees-de-paris\/le-coeur-historique-de-paris\/","url":"https:\/\/timestreet.eu\/fr\/promenades-guidees-de-paris\/le-coeur-historique-de-paris\/","name":"TimeStreet | Explorez le c\u0153ur historique de Paris avec des promenades guid\u00e9es","isPartOf":{"@id":"https:\/\/timestreet.eu\/fr\/#website"},"datePublished":"2024-12-28T21:02:22+00:00","dateModified":"2025-01-26T18:55:28+00:00","description":"D\u00e9couvrez l'histoire cach\u00e9e de Paris gr\u00e2ce \u00e0 des promenades guid\u00e9es \u00e0 travers ses sites embl\u00e9matiques. Apprenez les \u00e9v\u00e9nements fascinants qui ont fa\u00e7onn\u00e9 la ville.","breadcrumb":{"@id":"https:\/\/timestreet.eu\/fr\/promenades-guidees-de-paris\/le-coeur-historique-de-paris\/#breadcrumb"},"inLanguage":"fr-FR","potentialAction":[{"@type":"ReadAction","target":["https:\/\/timestreet.eu\/fr\/promenades-guidees-de-paris\/le-coeur-historique-de-paris\/"]}]},{"@type":"BreadcrumbList","@id":"https:\/\/timestreet.eu\/fr\/promenades-guidees-de-paris\/le-coeur-historique-de-paris\/#breadcrumb","itemListElement":[{"@type":"ListItem","position":1,"name":"Home","item":"https:\/\/timestreet.eu\/fr\/"},{"@type":"ListItem","position":2,"name":"Promenades guid\u00e9es de Paris","item":"https:\/\/timestreet.eu\/fr\/promenades-guidees-de-paris\/"},{"@type":"ListItem","position":3,"name":"Le c\u0153ur historique de Paris"}]},{"@type":"WebSite","@id":"https:\/\/timestreet.eu\/fr\/#website","url":"https:\/\/timestreet.eu\/fr\/","name":"TimeStreet App","description":"Historical Travel Guide for Paris","publisher":{"@id":"https:\/\/timestreet.eu\/fr\/#organization"},"alternateName":"TimeStreet","potentialAction":[{"@type":"SearchAction","target":{"@type":"EntryPoint","urlTemplate":"https:\/\/timestreet.eu\/fr\/?s={search_term_string}"},"query-input":{"@type":"PropertyValueSpecification","valueRequired":true,"valueName":"search_term_string"}}],"inLanguage":"fr-FR"},{"@type":"Organization","@id":"https:\/\/timestreet.eu\/fr\/#organization","name":"TimeStreet","url":"https:\/\/timestreet.eu\/fr\/","logo":{"@type":"ImageObject","inLanguage":"fr-FR","@id":"https:\/\/timestreet.eu\/fr\/#\/schema\/logo\/image\/","url":"https:\/\/timestreet.eu\/wp-content\/uploads\/2024\/08\/timestreet-logo-terracotta-512-x-512.png","contentUrl":"https:\/\/timestreet.eu\/wp-content\/uploads\/2024\/08\/timestreet-logo-terracotta-512-x-512.png","width":2085,"height":2084,"caption":"TimeStreet"},"image":{"@id":"https:\/\/timestreet.eu\/fr\/#\/schema\/logo\/image\/"},"sameAs":["https:\/\/www.instagram.com\/timestreet.eu\/"]}]}},"_links":{"self":[{"href":"https:\/\/timestreet.eu\/fr\/wp-json\/wp\/v2\/pages\/1347","targetHints":{"allow":["GET"]}}],"collection":[{"href":"https:\/\/timestreet.eu\/fr\/wp-json\/wp\/v2\/pages"}],"about":[{"href":"https:\/\/timestreet.eu\/fr\/wp-json\/wp\/v2\/types\/page"}],"author":[{"embeddable":true,"href":"https:\/\/timestreet.eu\/fr\/wp-json\/wp\/v2\/users\/1"}],"replies":[{"embeddable":true,"href":"https:\/\/timestreet.eu\/fr\/wp-json\/wp\/v2\/comments?post=1347"}],"version-history":[{"count":7,"href":"https:\/\/timestreet.eu\/fr\/wp-json\/wp\/v2\/pages\/1347\/revisions"}],"predecessor-version":[{"id":2134,"href":"https:\/\/timestreet.eu\/fr\/wp-json\/wp\/v2\/pages\/1347\/revisions\/2134"}],"up":[{"embeddable":true,"href":"https:\/\/timestreet.eu\/fr\/wp-json\/wp\/v2\/pages\/1415"}],"wp:attachment":[{"href":"https:\/\/timestreet.eu\/fr\/wp-json\/wp\/v2\/media?parent=1347"}],"curies":[{"name":"wp","href":"https:\/\/api.w.org\/{rel}","templated":true}]}}