{"id":1274,"date":"2024-12-29T09:52:50","date_gmt":"2024-12-29T09:52:50","guid":{"rendered":"https:\/\/timestreet.eu\/le-banchine-della-senna\/"},"modified":"2025-01-26T18:56:02","modified_gmt":"2025-01-26T18:56:02","slug":"le-banchine-della-senna","status":"publish","type":"page","link":"https:\/\/timestreet.eu\/it\/passeggiate-guidate-a-parigi\/le-banchine-della-senna\/","title":{"rendered":"Le banchine della Senna"},"content":{"rendered":"<div class=\"wpb-content-wrapper\"><p>[vc_row][vc_column width=&#8221;1\/4&#8243;][vc_column_text css=&#8221;&#8221; el_class=&#8221;walks&#8221;]La Senna \u00e8 stata a lungo il cuore pulsante della citt\u00e0, con alcuni dei pi\u00f9 bei monumenti della capitale costruiti lungo le sue rive. Scegli questo itinerario e scoprirai Parigi sotto una luce diversa: la sua storia, ma anche la vita vibrante delle banchine, un luogo di ritrovo popolare per i parigini.[\/vc_column_text][\/vc_column][vc_column width=&#8221;1\/4&#8243;][vc_single_image image=&#8221;800&#8243; img_size=&#8221;large&#8221; alignment=&#8221;center&#8221; css=&#8221;&#8221;][\/vc_column][vc_column width=&#8221;1\/4&#8243;][vc_single_image image=&#8221;806&#8243; img_size=&#8221;large&#8221; alignment=&#8221;center&#8221; css=&#8221;&#8221;][\/vc_column][vc_column width=&#8221;1\/4&#8243;][vc_single_image image=&#8221;812&#8243; img_size=&#8221;large&#8221; alignment=&#8221;center&#8221; css=&#8221;&#8221;][\/vc_column][\/vc_row]<\/p>\n<\/div>","protected":false},"excerpt":{"rendered":"<p>[vc_row][vc_column width=&#8221;1\/4&#8243;][vc_column_text css=&#8221;&#8221; el_class=&#8221;walks&#8221;]La Senna \u00e8 stata a lungo il cuore pulsante della citt\u00e0, con alcuni dei pi\u00f9 bei monumenti della capitale costruiti lungo le sue rive. Scegli questo itinerario e scoprirai Parigi sotto una [&hellip;]<\/p>\n","protected":false},"author":1,"featured_media":0,"parent":1392,"menu_order":0,"comment_status":"closed","ping_status":"closed","template":"","meta":{"footnotes":""},"class_list":["post-1274","page","type-page","status-publish","hentry"],"yoast_head":"<!-- This site is optimized with the Yoast SEO Premium plugin v26.4 (Yoast SEO v27.5) - https:\/\/yoast.com\/product\/yoast-seo-premium-wordpress\/ -->\n<title>TimeStreet | Vivi la vita parigina sulle banchine della Senna con una passeggiata guidata<\/title>\n<meta name=\"description\" content=\"Esplora la bellezza di Parigi con una passeggiata guidata lungo le banchine della Senna. Scopri la storia e la vita vibrante di questo fiume iconico.\" \/>\n<meta name=\"robots\" content=\"index, follow, max-snippet:-1, max-image-preview:large, max-video-preview:-1\" \/>\n<link rel=\"canonical\" href=\"https:\/\/timestreet.eu\/it\/passeggiate-guidate-a-parigi\/le-banchine-della-senna\/\" \/>\n<meta property=\"og:locale\" content=\"it_IT\" \/>\n<meta property=\"og:type\" content=\"article\" \/>\n<meta property=\"og:title\" content=\"Le banchine della Senna\" \/>\n<meta property=\"og:description\" content=\"Esplora la bellezza di Parigi con una passeggiata guidata lungo le banchine della Senna. Scopri la storia e la vita vibrante di questo fiume iconico.\" \/>\n<meta property=\"og:url\" content=\"https:\/\/timestreet.eu\/it\/passeggiate-guidate-a-parigi\/le-banchine-della-senna\/\" \/>\n<meta property=\"og:site_name\" content=\"TimeStreet\" \/>\n<meta property=\"article:modified_time\" content=\"2025-01-26T18:56:02+00:00\" \/>\n<meta name=\"twitter:card\" content=\"summary_large_image\" \/>\n<meta name=\"twitter:label1\" content=\"Tempo di lettura stimato\" \/>\n\t<meta name=\"twitter:data1\" content=\"1 minuto\" \/>\n<script type=\"application\/ld+json\" class=\"yoast-schema-graph\">{\"@context\":\"https:\\\/\\\/schema.org\",\"@graph\":[{\"@type\":\"WebPage\",\"@id\":\"https:\\\/\\\/timestreet.eu\\\/it\\\/passeggiate-guidate-a-parigi\\\/le-banchine-della-senna\\\/\",\"url\":\"https:\\\/\\\/timestreet.eu\\\/it\\\/passeggiate-guidate-a-parigi\\\/le-banchine-della-senna\\\/\",\"name\":\"TimeStreet | Vivi la vita parigina sulle banchine della Senna con una passeggiata guidata\",\"isPartOf\":{\"@id\":\"https:\\\/\\\/timestreet.eu\\\/it\\\/#website\"},\"datePublished\":\"2024-12-29T09:52:50+00:00\",\"dateModified\":\"2025-01-26T18:56:02+00:00\",\"description\":\"Esplora la bellezza di Parigi con una passeggiata guidata lungo le banchine della Senna. Scopri la storia e la vita vibrante di questo fiume iconico.\",\"breadcrumb\":{\"@id\":\"https:\\\/\\\/timestreet.eu\\\/it\\\/passeggiate-guidate-a-parigi\\\/le-banchine-della-senna\\\/#breadcrumb\"},\"inLanguage\":\"it-IT\",\"potentialAction\":[{\"@type\":\"ReadAction\",\"target\":[\"https:\\\/\\\/timestreet.eu\\\/it\\\/passeggiate-guidate-a-parigi\\\/le-banchine-della-senna\\\/\"]}]},{\"@type\":\"BreadcrumbList\",\"@id\":\"https:\\\/\\\/timestreet.eu\\\/it\\\/passeggiate-guidate-a-parigi\\\/le-banchine-della-senna\\\/#breadcrumb\",\"itemListElement\":[{\"@type\":\"ListItem\",\"position\":1,\"name\":\"Home\",\"item\":\"https:\\\/\\\/timestreet.eu\\\/it\\\/\"},{\"@type\":\"ListItem\",\"position\":2,\"name\":\"Passeggiate guidate a Parigi\",\"item\":\"https:\\\/\\\/timestreet.eu\\\/it\\\/passeggiate-guidate-a-parigi\\\/\"},{\"@type\":\"ListItem\",\"position\":3,\"name\":\"Le banchine della Senna\"}]},{\"@type\":\"WebSite\",\"@id\":\"https:\\\/\\\/timestreet.eu\\\/it\\\/#website\",\"url\":\"https:\\\/\\\/timestreet.eu\\\/it\\\/\",\"name\":\"TimeStreet App\",\"description\":\"Historical Travel Guide\",\"publisher\":{\"@id\":\"https:\\\/\\\/timestreet.eu\\\/it\\\/#organization\"},\"alternateName\":\"TimeStreet\",\"potentialAction\":[{\"@type\":\"SearchAction\",\"target\":{\"@type\":\"EntryPoint\",\"urlTemplate\":\"https:\\\/\\\/timestreet.eu\\\/it\\\/?s={search_term_string}\"},\"query-input\":{\"@type\":\"PropertyValueSpecification\",\"valueRequired\":true,\"valueName\":\"search_term_string\"}}],\"inLanguage\":\"it-IT\"},{\"@type\":\"Organization\",\"@id\":\"https:\\\/\\\/timestreet.eu\\\/it\\\/#organization\",\"name\":\"TimeStreet\",\"url\":\"https:\\\/\\\/timestreet.eu\\\/it\\\/\",\"logo\":{\"@type\":\"ImageObject\",\"inLanguage\":\"it-IT\",\"@id\":\"https:\\\/\\\/timestreet.eu\\\/it\\\/#\\\/schema\\\/logo\\\/image\\\/\",\"url\":\"https:\\\/\\\/timestreet.eu\\\/wp-content\\\/uploads\\\/2024\\\/08\\\/timestreet-logo-terracotta-512-x-512.png\",\"contentUrl\":\"https:\\\/\\\/timestreet.eu\\\/wp-content\\\/uploads\\\/2024\\\/08\\\/timestreet-logo-terracotta-512-x-512.png\",\"width\":2085,\"height\":2084,\"caption\":\"TimeStreet\"},\"image\":{\"@id\":\"https:\\\/\\\/timestreet.eu\\\/it\\\/#\\\/schema\\\/logo\\\/image\\\/\"},\"sameAs\":[\"https:\\\/\\\/www.instagram.com\\\/timestreet.eu\\\/\"]}]}<\/script>\n<!-- \/ Yoast SEO Premium plugin. -->","yoast_head_json":{"title":"TimeStreet | Vivi la vita parigina sulle banchine della Senna con una passeggiata guidata","description":"Esplora la bellezza di Parigi con una passeggiata guidata lungo le banchine della Senna. Scopri la storia e la vita vibrante di questo fiume iconico.","robots":{"index":"index","follow":"follow","max-snippet":"max-snippet:-1","max-image-preview":"max-image-preview:large","max-video-preview":"max-video-preview:-1"},"canonical":"https:\/\/timestreet.eu\/it\/passeggiate-guidate-a-parigi\/le-banchine-della-senna\/","og_locale":"it_IT","og_type":"article","og_title":"Le banchine della Senna","og_description":"Esplora la bellezza di Parigi con una passeggiata guidata lungo le banchine della Senna. Scopri la storia e la vita vibrante di questo fiume iconico.","og_url":"https:\/\/timestreet.eu\/it\/passeggiate-guidate-a-parigi\/le-banchine-della-senna\/","og_site_name":"TimeStreet","article_modified_time":"2025-01-26T18:56:02+00:00","twitter_card":"summary_large_image","twitter_misc":{"Tempo di lettura stimato":"1 minuto"},"schema":{"@context":"https:\/\/schema.org","@graph":[{"@type":"WebPage","@id":"https:\/\/timestreet.eu\/it\/passeggiate-guidate-a-parigi\/le-banchine-della-senna\/","url":"https:\/\/timestreet.eu\/it\/passeggiate-guidate-a-parigi\/le-banchine-della-senna\/","name":"TimeStreet | Vivi la vita parigina sulle banchine della Senna con una passeggiata guidata","isPartOf":{"@id":"https:\/\/timestreet.eu\/it\/#website"},"datePublished":"2024-12-29T09:52:50+00:00","dateModified":"2025-01-26T18:56:02+00:00","description":"Esplora la bellezza di Parigi con una passeggiata guidata lungo le banchine della Senna. Scopri la storia e la vita vibrante di questo fiume iconico.","breadcrumb":{"@id":"https:\/\/timestreet.eu\/it\/passeggiate-guidate-a-parigi\/le-banchine-della-senna\/#breadcrumb"},"inLanguage":"it-IT","potentialAction":[{"@type":"ReadAction","target":["https:\/\/timestreet.eu\/it\/passeggiate-guidate-a-parigi\/le-banchine-della-senna\/"]}]},{"@type":"BreadcrumbList","@id":"https:\/\/timestreet.eu\/it\/passeggiate-guidate-a-parigi\/le-banchine-della-senna\/#breadcrumb","itemListElement":[{"@type":"ListItem","position":1,"name":"Home","item":"https:\/\/timestreet.eu\/it\/"},{"@type":"ListItem","position":2,"name":"Passeggiate guidate a Parigi","item":"https:\/\/timestreet.eu\/it\/passeggiate-guidate-a-parigi\/"},{"@type":"ListItem","position":3,"name":"Le banchine della Senna"}]},{"@type":"WebSite","@id":"https:\/\/timestreet.eu\/it\/#website","url":"https:\/\/timestreet.eu\/it\/","name":"TimeStreet App","description":"Historical Travel Guide","publisher":{"@id":"https:\/\/timestreet.eu\/it\/#organization"},"alternateName":"TimeStreet","potentialAction":[{"@type":"SearchAction","target":{"@type":"EntryPoint","urlTemplate":"https:\/\/timestreet.eu\/it\/?s={search_term_string}"},"query-input":{"@type":"PropertyValueSpecification","valueRequired":true,"valueName":"search_term_string"}}],"inLanguage":"it-IT"},{"@type":"Organization","@id":"https:\/\/timestreet.eu\/it\/#organization","name":"TimeStreet","url":"https:\/\/timestreet.eu\/it\/","logo":{"@type":"ImageObject","inLanguage":"it-IT","@id":"https:\/\/timestreet.eu\/it\/#\/schema\/logo\/image\/","url":"https:\/\/timestreet.eu\/wp-content\/uploads\/2024\/08\/timestreet-logo-terracotta-512-x-512.png","contentUrl":"https:\/\/timestreet.eu\/wp-content\/uploads\/2024\/08\/timestreet-logo-terracotta-512-x-512.png","width":2085,"height":2084,"caption":"TimeStreet"},"image":{"@id":"https:\/\/timestreet.eu\/it\/#\/schema\/logo\/image\/"},"sameAs":["https:\/\/www.instagram.com\/timestreet.eu\/"]}]}},"_links":{"self":[{"href":"https:\/\/timestreet.eu\/it\/wp-json\/wp\/v2\/pages\/1274","targetHints":{"allow":["GET"]}}],"collection":[{"href":"https:\/\/timestreet.eu\/it\/wp-json\/wp\/v2\/pages"}],"about":[{"href":"https:\/\/timestreet.eu\/it\/wp-json\/wp\/v2\/types\/page"}],"author":[{"embeddable":true,"href":"https:\/\/timestreet.eu\/it\/wp-json\/wp\/v2\/users\/1"}],"replies":[{"embeddable":true,"href":"https:\/\/timestreet.eu\/it\/wp-json\/wp\/v2\/comments?post=1274"}],"version-history":[{"count":4,"href":"https:\/\/timestreet.eu\/it\/wp-json\/wp\/v2\/pages\/1274\/revisions"}],"predecessor-version":[{"id":2150,"href":"https:\/\/timestreet.eu\/it\/wp-json\/wp\/v2\/pages\/1274\/revisions\/2150"}],"up":[{"embeddable":true,"href":"https:\/\/timestreet.eu\/it\/wp-json\/wp\/v2\/pages\/1392"}],"wp:attachment":[{"href":"https:\/\/timestreet.eu\/it\/wp-json\/wp\/v2\/media?parent=1274"}],"curies":[{"name":"wp","href":"https:\/\/api.w.org\/{rel}","templated":true}]}}