{"id":1145,"date":"2025-01-02T11:00:22","date_gmt":"2025-01-02T11:00:22","guid":{"rendered":"https:\/\/timestreet.eu\/por-detras-da-aplicacao\/"},"modified":"2025-01-02T22:04:32","modified_gmt":"2025-01-02T22:04:32","slug":"por-detras-da-aplicacao","status":"publish","type":"page","link":"https:\/\/timestreet.eu\/pt-pt\/sobre-nos\/por-detras-da-aplicacao\/","title":{"rendered":"Por detr\u00e1s da aplica\u00e7\u00e3o"},"content":{"rendered":"<div class=\"wpb-content-wrapper\"><p>[vc_row][vc_column width=&#8221;1\/3&#8243;]\r\n\t\t  <div class=\"member-wrap member-157 \" data-delay=0>\r\n\t\t\t  <div class=\"member\" >\r\n\t\t\t  \t  <div class=\"img-mb\">\t\r\n\t\t\t\t\t  <div class=\"hover-image\"><img decoding=\"async\" src=\"https:\/\/timestreet.eu\/wp-content\/uploads\/2024\/08\/Dejan-Podhraski-e1724658874150.jpeg\" title=\"Dejan Podhra\u0161ki\" alt=\"Dejan Podhra\u0161ki\"  \/><\/div>\t  \r\n\t\t\t\t  <\/div>\r\n\t\t\t\t  <div class=\"member-info\">\r\n\t\t\t\t\t\t  <h2 class=\"member-name font-2\">Dejan Podhra\u0161ki<\/h2>\r\n\t\t\t\t\t\t  <p><\/p>\r\n\t\t\t\t\t\t  <div class=\"mb-content\">Sou advogado e economista de profiss\u00e3o e, embora goste da ambiguidade dos n\u00fameros, acredito que \u00e9 a arte e a cultura, no sentido mais lato da palavra, que alimentam a alma humana. Na TimeStreet, queremos trazer as hist\u00f3rias do passado para mais perto de ti e dar-te uma ideia de como os teus antepassados viveram.<\/div>\r\n\t\t\t\t\t\t  <div class=\"member-social\">\r\n\t\t\t\t\t\t\t  \r\n\t\t\t\t\t\t  <\/div>\r\n\t\t\t\t  <\/div>\r\n\t\t\t  <\/div>\r\n\t\t  <\/div>\r\n\t\t[\/vc_column][vc_column width=&#8221;1\/3&#8243;]\r\n\t\t  <div class=\"member-wrap member-8382 \" data-delay=0>\r\n\t\t\t  <div class=\"member\" >\r\n\t\t\t  \t  <div class=\"img-mb\">\t\r\n\t\t\t\t\t  <div class=\"hover-image\"><img decoding=\"async\" src=\"https:\/\/timestreet.eu\/wp-content\/uploads\/2024\/08\/Clarisse-Bremaud-e1724659894135.jpeg\" title=\"Clarisse Br\u00e9maud\" alt=\"Clarisse Br\u00e9maud\"  \/><\/div>\t  \r\n\t\t\t\t  <\/div>\r\n\t\t\t\t  <div class=\"member-info\">\r\n\t\t\t\t\t\t  <h2 class=\"member-name font-2\">Clarisse Br\u00e9maud<\/h2>\r\n\t\t\t\t\t\t  <p><\/p>\r\n\t\t\t\t\t\t  <div class=\"mb-content\">Ol\u00e1! O meu nome \u00e9 Clarisse e sou apaixonada por arte e hist\u00f3ria! Tornar a arte e o patrim\u00f3nio acess\u00edveis ao maior n\u00famero poss\u00edvel de pessoas \u00e9 essencial para mim, e isso \u00e9 algo que encontro novamente com o TimeStreet! Adoro descobrir a arte em todas as suas formas, e Paris tem uma oferta cultural rica que \u00e9 dif\u00edcil de aborrecer.   <\/div>\r\n\t\t\t\t\t\t  <div class=\"member-social\">\r\n\t\t\t\t\t\t\t  \r\n\t\t\t\t\t\t  <\/div>\r\n\t\t\t\t  <\/div>\r\n\t\t\t  <\/div>\r\n\t\t  <\/div>\r\n\t\t[\/vc_column][vc_column width=&#8221;1\/3&#8243;]\r\n\t\t  <div class=\"member-wrap member-1382 \" data-delay=0>\r\n\t\t\t  <div class=\"member\" >\r\n\t\t\t  \t  <div class=\"img-mb\">\t\r\n\t\t\t\t\t  <div class=\"hover-image\"><img decoding=\"async\" src=\"https:\/\/timestreet.eu\/wp-content\/uploads\/2024\/08\/Anja-Kajic-e1724661520467.jpeg\" title=\"Anja Kaji\u010d\" alt=\"Anja Kaji\u010d\"  \/><\/div>\t  \r\n\t\t\t\t  <\/div>\r\n\t\t\t\t  <div class=\"member-info\">\r\n\t\t\t\t\t\t  <h2 class=\"member-name font-2\">Anja Kaji\u010d<\/h2>\r\n\t\t\t\t\t\t  <p><\/p>\r\n\t\t\t\t\t\t  <div class=\"mb-content\">Ol\u00e1, chamo-me Anja e estou a estudar Hist\u00f3ria e Esloveno na Universidade de Liubliana. Quando n\u00e3o estou a conjugar verbos em esloveno ou a corrigir gram\u00e1tica, adoro explorar as hist\u00f3rias do passado de v\u00e1rias culturas e pa\u00edses, combinando a minha paix\u00e3o pela hist\u00f3ria com a arte.<\/div>\r\n\t\t\t\t\t\t  <div class=\"member-social\">\r\n\t\t\t\t\t\t\t  \r\n\t\t\t\t\t\t  <\/div>\r\n\t\t\t\t  <\/div>\r\n\t\t\t  <\/div>\r\n\t\t  <\/div>\r\n\t\t[\/vc_column][\/vc_row][vc_row][vc_column][vc_empty_space height=&#8221;8px&#8221;][\/vc_column][\/vc_row][vc_row][vc_column width=&#8221;1\/3&#8243;]\r\n\t\t  <div class=\"member-wrap member-7763 \" data-delay=0>\r\n\t\t\t  <div class=\"member\" >\r\n\t\t\t  \t  <div class=\"img-mb\">\t\r\n\t\t\t\t\t  <div class=\"hover-image\"><img decoding=\"async\" src=\"https:\/\/timestreet.eu\/wp-content\/uploads\/2024\/08\/Pavel-Lipovsek.jpeg\" title=\"Pavel Lipov\u0161ek\" alt=\"Pavel Lipov\u0161ek\"  \/><\/div>\t  \r\n\t\t\t\t  <\/div>\r\n\t\t\t\t  <div class=\"member-info\">\r\n\t\t\t\t\t\t  <h2 class=\"member-name font-2\">Pavel Lipov\u0161ek<\/h2>\r\n\t\t\t\t\t\t  <p><\/p>\r\n\t\t\t\t\t\t  <div class=\"mb-content\">Ol\u00e1, o meu nome \u00e9 Pavel e sou urbanista de profiss\u00e3o. O meu fasc\u00ednio pela geografia e pela hist\u00f3ria ao longo da vida deu-me um conhecimento profundo da minha cidade natal. Para al\u00e9m das minhas actividades profissionais, tenho uma paix\u00e3o pela m\u00fasica e apresento um programa mensal sobre planeamento urbano na Radio Student.  <\/div>\r\n\t\t\t\t\t\t  <div class=\"member-social\">\r\n\t\t\t\t\t\t\t  \r\n\t\t\t\t\t\t  <\/div>\r\n\t\t\t\t  <\/div>\r\n\t\t\t  <\/div>\r\n\t\t  <\/div>\r\n\t\t[\/vc_column][vc_column width=&#8221;1\/3&#8243;]\r\n\t\t  <div class=\"member-wrap member-9064 \" data-delay=0>\r\n\t\t\t  <div class=\"member\" >\r\n\t\t\t  \t  <div class=\"img-mb\">\t\r\n\t\t\t\t\t  <div class=\"hover-image\"><img decoding=\"async\" src=\"https:\/\/timestreet.eu\/wp-content\/uploads\/2024\/08\/Lucija-Lunder-e1724661579262.jpeg\" title=\"Lucija Lunder\" alt=\"Lucija Lunder\"  \/><\/div>\t  \r\n\t\t\t\t  <\/div>\r\n\t\t\t\t  <div class=\"member-info\">\r\n\t\t\t\t\t\t  <h2 class=\"member-name font-2\">Lucija Lunder<\/h2>\r\n\t\t\t\t\t\t  <p><\/p>\r\n\t\t\t\t\t\t  <div class=\"mb-content\">Sauda\u00e7\u00f5es, sou a Lucija, licenciada em hist\u00f3ria da arte e filosofia e estou agora a fazer um mestrado em hist\u00f3ria e hist\u00f3ria da arte, com especializa\u00e7\u00e3o em pedagogia. A minha passagem pelos museus de Liubliana e um semestre em Praga alargaram as minhas perspectivas sobre arte e hist\u00f3ria. Tenho prazer em viajar e explorar institui\u00e7\u00f5es culturais.  <\/div>\r\n\t\t\t\t\t\t  <div class=\"member-social\">\r\n\t\t\t\t\t\t\t  \r\n\t\t\t\t\t\t  <\/div>\r\n\t\t\t\t  <\/div>\r\n\t\t\t  <\/div>\r\n\t\t  <\/div>\r\n\t\t[\/vc_column][vc_column width=&#8221;1\/3&#8243;]\r\n\t\t  <div class=\"member-wrap member-9023 \" data-delay=0>\r\n\t\t\t  <div class=\"member\" >\r\n\t\t\t  \t  <div class=\"img-mb\">\t\r\n\t\t\t\t\t  <div class=\"hover-image\"><img decoding=\"async\" src=\"https:\/\/timestreet.eu\/wp-content\/uploads\/2024\/08\/Hanibal-e1724661618402.jpeg\" title=\"Hanibal\" alt=\"Hanibal\"  \/><\/div>\t  \r\n\t\t\t\t  <\/div>\r\n\t\t\t\t  <div class=\"member-info\">\r\n\t\t\t\t\t\t  <h2 class=\"member-name font-2\">Hanibal<\/h2>\r\n\t\t\t\t\t\t  <p><\/p>\r\n\t\t\t\t\t\t  <div class=\"mb-content\">Ol\u00e1, eu sou o Hanibal, o g\u00e9nio de quatro patas por detr\u00e1s da Rua do Tempo. Como membro honor\u00e1rio da equipa, estou aqui para farejar a hist\u00f3ria, uma pata de cada vez. Junta-te a mim nesta viagem pelo passado - onde cada pata tem uma hist\u00f3ria e cada latido ecoa nos anais do tempo!  <\/div>\r\n\t\t\t\t\t\t  <div class=\"member-social\">\r\n\t\t\t\t\t\t\t  \r\n\t\t\t\t\t\t  <\/div>\r\n\t\t\t\t  <\/div>\r\n\t\t\t  <\/div>\r\n\t\t  <\/div>\r\n\t\t[\/vc_column][\/vc_row]<\/p>\n<\/div>","protected":false},"excerpt":{"rendered":"<p>[vc_row][vc_column width=&#8221;1\/3&#8243;][\/vc_column][vc_column width=&#8221;1\/3&#8243;][\/vc_column][vc_column width=&#8221;1\/3&#8243;][\/vc_column][\/vc_row][vc_row][vc_column][vc_empty_space height=&#8221;8px&#8221;][\/vc_column][\/vc_row][vc_row][vc_column width=&#8221;1\/3&#8243;][\/vc_column][vc_column width=&#8221;1\/3&#8243;][\/vc_column][vc_column width=&#8221;1\/3&#8243;][\/vc_column][\/vc_row]<\/p>\n","protected":false},"author":1,"featured_media":0,"parent":1144,"menu_order":0,"comment_status":"closed","ping_status":"closed","template":"","meta":{"footnotes":""},"class_list":["post-1145","page","type-page","status-publish","hentry"],"yoast_head":"<!-- This site is optimized with the Yoast SEO Premium plugin v26.4 (Yoast SEO v27.5) - https:\/\/yoast.com\/product\/yoast-seo-premium-wordpress\/ -->\n<title>Por detr\u00e1s da aplica\u00e7\u00e3o | TimeStreet<\/title>\n<meta name=\"robots\" content=\"index, follow, max-snippet:-1, max-image-preview:large, max-video-preview:-1\" \/>\n<link rel=\"canonical\" href=\"https:\/\/timestreet.eu\/pt-pt\/sobre-nos\/por-detras-da-aplicacao\/\" \/>\n<meta property=\"og:locale\" content=\"pt_PT\" \/>\n<meta property=\"og:type\" content=\"article\" \/>\n<meta property=\"og:title\" content=\"Por detr\u00e1s da aplica\u00e7\u00e3o\" \/>\n<meta property=\"og:description\" content=\"[vc_row][vc_column width=&#8221;1\/3&#8243;][\/vc_column][vc_column width=&#8221;1\/3&#8243;][\/vc_column][vc_column width=&#8221;1\/3&#8243;][\/vc_column][\/vc_row][vc_row][vc_column][vc_empty_space height=&#8221;8px&#8221;][\/vc_column][\/vc_row][vc_row][vc_column width=&#8221;1\/3&#8243;][\/vc_column][vc_column width=&#8221;1\/3&#8243;][\/vc_column][vc_column width=&#8221;1\/3&#8243;][\/vc_column][\/vc_row]\" \/>\n<meta property=\"og:url\" content=\"https:\/\/timestreet.eu\/pt-pt\/sobre-nos\/por-detras-da-aplicacao\/\" \/>\n<meta property=\"og:site_name\" content=\"TimeStreet\" \/>\n<meta property=\"article:modified_time\" content=\"2025-01-02T22:04:32+00:00\" \/>\n<meta name=\"twitter:card\" content=\"summary_large_image\" \/>\n<script type=\"application\/ld+json\" class=\"yoast-schema-graph\">{\"@context\":\"https:\\\/\\\/schema.org\",\"@graph\":[{\"@type\":\"WebPage\",\"@id\":\"https:\\\/\\\/timestreet.eu\\\/pt-pt\\\/sobre-nos\\\/por-detras-da-aplicacao\\\/\",\"url\":\"https:\\\/\\\/timestreet.eu\\\/pt-pt\\\/sobre-nos\\\/por-detras-da-aplicacao\\\/\",\"name\":\"Por detr\u00e1s da aplica\u00e7\u00e3o | TimeStreet\",\"isPartOf\":{\"@id\":\"https:\\\/\\\/timestreet.eu\\\/pt-pt\\\/#website\"},\"datePublished\":\"2025-01-02T11:00:22+00:00\",\"dateModified\":\"2025-01-02T22:04:32+00:00\",\"breadcrumb\":{\"@id\":\"https:\\\/\\\/timestreet.eu\\\/pt-pt\\\/sobre-nos\\\/por-detras-da-aplicacao\\\/#breadcrumb\"},\"inLanguage\":\"pt-PT\",\"potentialAction\":[{\"@type\":\"ReadAction\",\"target\":[\"https:\\\/\\\/timestreet.eu\\\/pt-pt\\\/sobre-nos\\\/por-detras-da-aplicacao\\\/\"]}]},{\"@type\":\"BreadcrumbList\",\"@id\":\"https:\\\/\\\/timestreet.eu\\\/pt-pt\\\/sobre-nos\\\/por-detras-da-aplicacao\\\/#breadcrumb\",\"itemListElement\":[{\"@type\":\"ListItem\",\"position\":1,\"name\":\"Home\",\"item\":\"https:\\\/\\\/timestreet.eu\\\/pt-pt\\\/\"},{\"@type\":\"ListItem\",\"position\":2,\"name\":\"Sobre n\u00f3s\",\"item\":\"https:\\\/\\\/timestreet.eu\\\/pt-pt\\\/sobre-nos\\\/\"},{\"@type\":\"ListItem\",\"position\":3,\"name\":\"Por detr\u00e1s da aplica\u00e7\u00e3o\"}]},{\"@type\":\"WebSite\",\"@id\":\"https:\\\/\\\/timestreet.eu\\\/pt-pt\\\/#website\",\"url\":\"https:\\\/\\\/timestreet.eu\\\/pt-pt\\\/\",\"name\":\"TimeStreet App\",\"description\":\"Historical Travel Guide\",\"publisher\":{\"@id\":\"https:\\\/\\\/timestreet.eu\\\/pt-pt\\\/#organization\"},\"alternateName\":\"TimeStreet\",\"potentialAction\":[{\"@type\":\"SearchAction\",\"target\":{\"@type\":\"EntryPoint\",\"urlTemplate\":\"https:\\\/\\\/timestreet.eu\\\/pt-pt\\\/?s={search_term_string}\"},\"query-input\":{\"@type\":\"PropertyValueSpecification\",\"valueRequired\":true,\"valueName\":\"search_term_string\"}}],\"inLanguage\":\"pt-PT\"},{\"@type\":\"Organization\",\"@id\":\"https:\\\/\\\/timestreet.eu\\\/pt-pt\\\/#organization\",\"name\":\"TimeStreet\",\"url\":\"https:\\\/\\\/timestreet.eu\\\/pt-pt\\\/\",\"logo\":{\"@type\":\"ImageObject\",\"inLanguage\":\"pt-PT\",\"@id\":\"https:\\\/\\\/timestreet.eu\\\/pt-pt\\\/#\\\/schema\\\/logo\\\/image\\\/\",\"url\":\"https:\\\/\\\/timestreet.eu\\\/wp-content\\\/uploads\\\/2024\\\/08\\\/timestreet-logo-terracotta-512-x-512.png\",\"contentUrl\":\"https:\\\/\\\/timestreet.eu\\\/wp-content\\\/uploads\\\/2024\\\/08\\\/timestreet-logo-terracotta-512-x-512.png\",\"width\":2085,\"height\":2084,\"caption\":\"TimeStreet\"},\"image\":{\"@id\":\"https:\\\/\\\/timestreet.eu\\\/pt-pt\\\/#\\\/schema\\\/logo\\\/image\\\/\"},\"sameAs\":[\"https:\\\/\\\/www.instagram.com\\\/timestreet.eu\\\/\"]}]}<\/script>\n<!-- \/ Yoast SEO Premium plugin. -->","yoast_head_json":{"title":"Por detr\u00e1s da aplica\u00e7\u00e3o | TimeStreet","robots":{"index":"index","follow":"follow","max-snippet":"max-snippet:-1","max-image-preview":"max-image-preview:large","max-video-preview":"max-video-preview:-1"},"canonical":"https:\/\/timestreet.eu\/pt-pt\/sobre-nos\/por-detras-da-aplicacao\/","og_locale":"pt_PT","og_type":"article","og_title":"Por detr\u00e1s da aplica\u00e7\u00e3o","og_description":"[vc_row][vc_column width=&#8221;1\/3&#8243;][\/vc_column][vc_column width=&#8221;1\/3&#8243;][\/vc_column][vc_column width=&#8221;1\/3&#8243;][\/vc_column][\/vc_row][vc_row][vc_column][vc_empty_space height=&#8221;8px&#8221;][\/vc_column][\/vc_row][vc_row][vc_column width=&#8221;1\/3&#8243;][\/vc_column][vc_column width=&#8221;1\/3&#8243;][\/vc_column][vc_column width=&#8221;1\/3&#8243;][\/vc_column][\/vc_row]","og_url":"https:\/\/timestreet.eu\/pt-pt\/sobre-nos\/por-detras-da-aplicacao\/","og_site_name":"TimeStreet","article_modified_time":"2025-01-02T22:04:32+00:00","twitter_card":"summary_large_image","schema":{"@context":"https:\/\/schema.org","@graph":[{"@type":"WebPage","@id":"https:\/\/timestreet.eu\/pt-pt\/sobre-nos\/por-detras-da-aplicacao\/","url":"https:\/\/timestreet.eu\/pt-pt\/sobre-nos\/por-detras-da-aplicacao\/","name":"Por detr\u00e1s da aplica\u00e7\u00e3o | TimeStreet","isPartOf":{"@id":"https:\/\/timestreet.eu\/pt-pt\/#website"},"datePublished":"2025-01-02T11:00:22+00:00","dateModified":"2025-01-02T22:04:32+00:00","breadcrumb":{"@id":"https:\/\/timestreet.eu\/pt-pt\/sobre-nos\/por-detras-da-aplicacao\/#breadcrumb"},"inLanguage":"pt-PT","potentialAction":[{"@type":"ReadAction","target":["https:\/\/timestreet.eu\/pt-pt\/sobre-nos\/por-detras-da-aplicacao\/"]}]},{"@type":"BreadcrumbList","@id":"https:\/\/timestreet.eu\/pt-pt\/sobre-nos\/por-detras-da-aplicacao\/#breadcrumb","itemListElement":[{"@type":"ListItem","position":1,"name":"Home","item":"https:\/\/timestreet.eu\/pt-pt\/"},{"@type":"ListItem","position":2,"name":"Sobre n\u00f3s","item":"https:\/\/timestreet.eu\/pt-pt\/sobre-nos\/"},{"@type":"ListItem","position":3,"name":"Por detr\u00e1s da aplica\u00e7\u00e3o"}]},{"@type":"WebSite","@id":"https:\/\/timestreet.eu\/pt-pt\/#website","url":"https:\/\/timestreet.eu\/pt-pt\/","name":"TimeStreet App","description":"Historical Travel Guide","publisher":{"@id":"https:\/\/timestreet.eu\/pt-pt\/#organization"},"alternateName":"TimeStreet","potentialAction":[{"@type":"SearchAction","target":{"@type":"EntryPoint","urlTemplate":"https:\/\/timestreet.eu\/pt-pt\/?s={search_term_string}"},"query-input":{"@type":"PropertyValueSpecification","valueRequired":true,"valueName":"search_term_string"}}],"inLanguage":"pt-PT"},{"@type":"Organization","@id":"https:\/\/timestreet.eu\/pt-pt\/#organization","name":"TimeStreet","url":"https:\/\/timestreet.eu\/pt-pt\/","logo":{"@type":"ImageObject","inLanguage":"pt-PT","@id":"https:\/\/timestreet.eu\/pt-pt\/#\/schema\/logo\/image\/","url":"https:\/\/timestreet.eu\/wp-content\/uploads\/2024\/08\/timestreet-logo-terracotta-512-x-512.png","contentUrl":"https:\/\/timestreet.eu\/wp-content\/uploads\/2024\/08\/timestreet-logo-terracotta-512-x-512.png","width":2085,"height":2084,"caption":"TimeStreet"},"image":{"@id":"https:\/\/timestreet.eu\/pt-pt\/#\/schema\/logo\/image\/"},"sameAs":["https:\/\/www.instagram.com\/timestreet.eu\/"]}]}},"_links":{"self":[{"href":"https:\/\/timestreet.eu\/pt-pt\/wp-json\/wp\/v2\/pages\/1145","targetHints":{"allow":["GET"]}}],"collection":[{"href":"https:\/\/timestreet.eu\/pt-pt\/wp-json\/wp\/v2\/pages"}],"about":[{"href":"https:\/\/timestreet.eu\/pt-pt\/wp-json\/wp\/v2\/types\/page"}],"author":[{"embeddable":true,"href":"https:\/\/timestreet.eu\/pt-pt\/wp-json\/wp\/v2\/users\/1"}],"replies":[{"embeddable":true,"href":"https:\/\/timestreet.eu\/pt-pt\/wp-json\/wp\/v2\/comments?post=1145"}],"version-history":[{"count":1,"href":"https:\/\/timestreet.eu\/pt-pt\/wp-json\/wp\/v2\/pages\/1145\/revisions"}],"predecessor-version":[{"id":1146,"href":"https:\/\/timestreet.eu\/pt-pt\/wp-json\/wp\/v2\/pages\/1145\/revisions\/1146"}],"up":[{"embeddable":true,"href":"https:\/\/timestreet.eu\/pt-pt\/wp-json\/wp\/v2\/pages\/1144"}],"wp:attachment":[{"href":"https:\/\/timestreet.eu\/pt-pt\/wp-json\/wp\/v2\/media?parent=1145"}],"curies":[{"name":"wp","href":"https:\/\/api.w.org\/{rel}","templated":true}]}}