{"id":1260,"date":"2024-12-29T10:32:54","date_gmt":"2024-12-29T10:32:54","guid":{"rendered":"https:\/\/timestreet.eu\/o-bairro-latino\/"},"modified":"2025-01-26T18:55:42","modified_gmt":"2025-01-26T18:55:42","slug":"o-bairro-latino","status":"publish","type":"page","link":"https:\/\/timestreet.eu\/pt-pt\/passeios-guiados-em-paris\/o-bairro-latino\/","title":{"rendered":"O Bairro Latino"},"content":{"rendered":"<div class=\"wpb-content-wrapper\"><p>[vc_row][vc_column width=&#8221;1\/4&#8243;][vc_column_text css=&#8221;&#8221; el_class=&#8221;walks&#8221;]A hist\u00f3ria do bairro desenrolar-se-\u00e1 diante dos teus olhos enquanto passeias pelo Quartier Latin, uma zona imperd\u00edvel de Paris. Conhecido pela beleza dos seus monumentos e pela anima\u00e7\u00e3o das suas ruas, o bairro alberga tamb\u00e9m uma das mais antigas universidades da Europa, fundada no s\u00e9culo XII.[\/vc_column_text][\/vc_column][vc_column width=&#8221;1\/4&#8243;][vc_single_image image=&#8221;824&#8243; img_size=&#8221;large&#8221; alignment=&#8221;center&#8221; css=&#8221;&#8221;][\/vc_column][vc_column width=&#8221;1\/4&#8243;][vc_single_image image=&#8221;830&#8243; img_size=&#8221;large&#8221; alignment=&#8221;center&#8221; css=&#8221;&#8221;][\/vc_column][vc_column width=&#8221;1\/4&#8243;][vc_single_image image=&#8221;837&#8243; img_size=&#8221;large&#8221; alignment=&#8221;center&#8221; css=&#8221;&#8221;][\/vc_column][\/vc_row]<\/p>\n<\/div>","protected":false},"excerpt":{"rendered":"<p>[vc_row][vc_column width=&#8221;1\/4&#8243;][vc_column_text css=&#8221;&#8221; el_class=&#8221;walks&#8221;]A hist\u00f3ria do bairro desenrolar-se-\u00e1 diante dos teus olhos enquanto passeias pelo Quartier Latin, uma zona imperd\u00edvel de Paris. Conhecido pela beleza dos seus monumentos e pela anima\u00e7\u00e3o das suas ruas, o [&hellip;]<\/p>\n","protected":false},"author":1,"featured_media":0,"parent":1378,"menu_order":0,"comment_status":"closed","ping_status":"closed","template":"","meta":{"footnotes":""},"class_list":["post-1260","page","type-page","status-publish","hentry"],"yoast_head":"<!-- This site is optimized with the Yoast SEO Premium plugin v26.4 (Yoast SEO v27.5) - https:\/\/yoast.com\/product\/yoast-seo-premium-wordpress\/ -->\n<title>TimeStreet | Testemunhar a beleza do Quartier Latin de Paris<\/title>\n<meta name=\"description\" content=\"Explora a rica hist\u00f3ria e as ruas animadas do Quartier Latin em Paris e visita uma das universidades mais antigas da Europa, a Sorbonne.\" \/>\n<meta name=\"robots\" content=\"index, follow, max-snippet:-1, max-image-preview:large, max-video-preview:-1\" \/>\n<link rel=\"canonical\" href=\"https:\/\/timestreet.eu\/pt-pt\/passeios-guiados-em-paris\/o-bairro-latino\/\" \/>\n<meta property=\"og:locale\" content=\"pt_PT\" \/>\n<meta property=\"og:type\" content=\"article\" \/>\n<meta property=\"og:title\" content=\"O Bairro Latino\" \/>\n<meta property=\"og:description\" content=\"Explora a rica hist\u00f3ria e as ruas animadas do Quartier Latin em Paris e visita uma das universidades mais antigas da Europa, a Sorbonne.\" \/>\n<meta property=\"og:url\" content=\"https:\/\/timestreet.eu\/pt-pt\/passeios-guiados-em-paris\/o-bairro-latino\/\" \/>\n<meta property=\"og:site_name\" content=\"TimeStreet\" \/>\n<meta property=\"article:modified_time\" content=\"2025-01-26T18:55:42+00:00\" \/>\n<meta name=\"twitter:card\" content=\"summary_large_image\" \/>\n<meta name=\"twitter:label1\" content=\"Tempo estimado de leitura\" \/>\n\t<meta name=\"twitter:data1\" content=\"1 minuto\" \/>\n<script type=\"application\/ld+json\" class=\"yoast-schema-graph\">{\"@context\":\"https:\\\/\\\/schema.org\",\"@graph\":[{\"@type\":\"WebPage\",\"@id\":\"https:\\\/\\\/timestreet.eu\\\/pt-pt\\\/passeios-guiados-em-paris\\\/o-bairro-latino\\\/\",\"url\":\"https:\\\/\\\/timestreet.eu\\\/pt-pt\\\/passeios-guiados-em-paris\\\/o-bairro-latino\\\/\",\"name\":\"TimeStreet | Testemunhar a beleza do Quartier Latin de Paris\",\"isPartOf\":{\"@id\":\"https:\\\/\\\/timestreet.eu\\\/pt-pt\\\/#website\"},\"datePublished\":\"2024-12-29T10:32:54+00:00\",\"dateModified\":\"2025-01-26T18:55:42+00:00\",\"description\":\"Explora a rica hist\u00f3ria e as ruas animadas do Quartier Latin em Paris e visita uma das universidades mais antigas da Europa, a Sorbonne.\",\"breadcrumb\":{\"@id\":\"https:\\\/\\\/timestreet.eu\\\/pt-pt\\\/passeios-guiados-em-paris\\\/o-bairro-latino\\\/#breadcrumb\"},\"inLanguage\":\"pt-PT\",\"potentialAction\":[{\"@type\":\"ReadAction\",\"target\":[\"https:\\\/\\\/timestreet.eu\\\/pt-pt\\\/passeios-guiados-em-paris\\\/o-bairro-latino\\\/\"]}]},{\"@type\":\"BreadcrumbList\",\"@id\":\"https:\\\/\\\/timestreet.eu\\\/pt-pt\\\/passeios-guiados-em-paris\\\/o-bairro-latino\\\/#breadcrumb\",\"itemListElement\":[{\"@type\":\"ListItem\",\"position\":1,\"name\":\"Home\",\"item\":\"https:\\\/\\\/timestreet.eu\\\/pt-pt\\\/\"},{\"@type\":\"ListItem\",\"position\":2,\"name\":\"Passeios guiados em Paris\",\"item\":\"https:\\\/\\\/timestreet.eu\\\/pt-pt\\\/passeios-guiados-em-paris\\\/\"},{\"@type\":\"ListItem\",\"position\":3,\"name\":\"O Bairro Latino\"}]},{\"@type\":\"WebSite\",\"@id\":\"https:\\\/\\\/timestreet.eu\\\/pt-pt\\\/#website\",\"url\":\"https:\\\/\\\/timestreet.eu\\\/pt-pt\\\/\",\"name\":\"TimeStreet App\",\"description\":\"Historical Travel Guide\",\"publisher\":{\"@id\":\"https:\\\/\\\/timestreet.eu\\\/pt-pt\\\/#organization\"},\"alternateName\":\"TimeStreet\",\"potentialAction\":[{\"@type\":\"SearchAction\",\"target\":{\"@type\":\"EntryPoint\",\"urlTemplate\":\"https:\\\/\\\/timestreet.eu\\\/pt-pt\\\/?s={search_term_string}\"},\"query-input\":{\"@type\":\"PropertyValueSpecification\",\"valueRequired\":true,\"valueName\":\"search_term_string\"}}],\"inLanguage\":\"pt-PT\"},{\"@type\":\"Organization\",\"@id\":\"https:\\\/\\\/timestreet.eu\\\/pt-pt\\\/#organization\",\"name\":\"TimeStreet\",\"url\":\"https:\\\/\\\/timestreet.eu\\\/pt-pt\\\/\",\"logo\":{\"@type\":\"ImageObject\",\"inLanguage\":\"pt-PT\",\"@id\":\"https:\\\/\\\/timestreet.eu\\\/pt-pt\\\/#\\\/schema\\\/logo\\\/image\\\/\",\"url\":\"https:\\\/\\\/timestreet.eu\\\/wp-content\\\/uploads\\\/2024\\\/08\\\/timestreet-logo-terracotta-512-x-512.png\",\"contentUrl\":\"https:\\\/\\\/timestreet.eu\\\/wp-content\\\/uploads\\\/2024\\\/08\\\/timestreet-logo-terracotta-512-x-512.png\",\"width\":2085,\"height\":2084,\"caption\":\"TimeStreet\"},\"image\":{\"@id\":\"https:\\\/\\\/timestreet.eu\\\/pt-pt\\\/#\\\/schema\\\/logo\\\/image\\\/\"},\"sameAs\":[\"https:\\\/\\\/www.instagram.com\\\/timestreet.eu\\\/\"]}]}<\/script>\n<!-- \/ Yoast SEO Premium plugin. -->","yoast_head_json":{"title":"TimeStreet | Testemunhar a beleza do Quartier Latin de Paris","description":"Explora a rica hist\u00f3ria e as ruas animadas do Quartier Latin em Paris e visita uma das universidades mais antigas da Europa, a Sorbonne.","robots":{"index":"index","follow":"follow","max-snippet":"max-snippet:-1","max-image-preview":"max-image-preview:large","max-video-preview":"max-video-preview:-1"},"canonical":"https:\/\/timestreet.eu\/pt-pt\/passeios-guiados-em-paris\/o-bairro-latino\/","og_locale":"pt_PT","og_type":"article","og_title":"O Bairro Latino","og_description":"Explora a rica hist\u00f3ria e as ruas animadas do Quartier Latin em Paris e visita uma das universidades mais antigas da Europa, a Sorbonne.","og_url":"https:\/\/timestreet.eu\/pt-pt\/passeios-guiados-em-paris\/o-bairro-latino\/","og_site_name":"TimeStreet","article_modified_time":"2025-01-26T18:55:42+00:00","twitter_card":"summary_large_image","twitter_misc":{"Tempo estimado de leitura":"1 minuto"},"schema":{"@context":"https:\/\/schema.org","@graph":[{"@type":"WebPage","@id":"https:\/\/timestreet.eu\/pt-pt\/passeios-guiados-em-paris\/o-bairro-latino\/","url":"https:\/\/timestreet.eu\/pt-pt\/passeios-guiados-em-paris\/o-bairro-latino\/","name":"TimeStreet | Testemunhar a beleza do Quartier Latin de Paris","isPartOf":{"@id":"https:\/\/timestreet.eu\/pt-pt\/#website"},"datePublished":"2024-12-29T10:32:54+00:00","dateModified":"2025-01-26T18:55:42+00:00","description":"Explora a rica hist\u00f3ria e as ruas animadas do Quartier Latin em Paris e visita uma das universidades mais antigas da Europa, a Sorbonne.","breadcrumb":{"@id":"https:\/\/timestreet.eu\/pt-pt\/passeios-guiados-em-paris\/o-bairro-latino\/#breadcrumb"},"inLanguage":"pt-PT","potentialAction":[{"@type":"ReadAction","target":["https:\/\/timestreet.eu\/pt-pt\/passeios-guiados-em-paris\/o-bairro-latino\/"]}]},{"@type":"BreadcrumbList","@id":"https:\/\/timestreet.eu\/pt-pt\/passeios-guiados-em-paris\/o-bairro-latino\/#breadcrumb","itemListElement":[{"@type":"ListItem","position":1,"name":"Home","item":"https:\/\/timestreet.eu\/pt-pt\/"},{"@type":"ListItem","position":2,"name":"Passeios guiados em Paris","item":"https:\/\/timestreet.eu\/pt-pt\/passeios-guiados-em-paris\/"},{"@type":"ListItem","position":3,"name":"O Bairro Latino"}]},{"@type":"WebSite","@id":"https:\/\/timestreet.eu\/pt-pt\/#website","url":"https:\/\/timestreet.eu\/pt-pt\/","name":"TimeStreet App","description":"Historical Travel Guide","publisher":{"@id":"https:\/\/timestreet.eu\/pt-pt\/#organization"},"alternateName":"TimeStreet","potentialAction":[{"@type":"SearchAction","target":{"@type":"EntryPoint","urlTemplate":"https:\/\/timestreet.eu\/pt-pt\/?s={search_term_string}"},"query-input":{"@type":"PropertyValueSpecification","valueRequired":true,"valueName":"search_term_string"}}],"inLanguage":"pt-PT"},{"@type":"Organization","@id":"https:\/\/timestreet.eu\/pt-pt\/#organization","name":"TimeStreet","url":"https:\/\/timestreet.eu\/pt-pt\/","logo":{"@type":"ImageObject","inLanguage":"pt-PT","@id":"https:\/\/timestreet.eu\/pt-pt\/#\/schema\/logo\/image\/","url":"https:\/\/timestreet.eu\/wp-content\/uploads\/2024\/08\/timestreet-logo-terracotta-512-x-512.png","contentUrl":"https:\/\/timestreet.eu\/wp-content\/uploads\/2024\/08\/timestreet-logo-terracotta-512-x-512.png","width":2085,"height":2084,"caption":"TimeStreet"},"image":{"@id":"https:\/\/timestreet.eu\/pt-pt\/#\/schema\/logo\/image\/"},"sameAs":["https:\/\/www.instagram.com\/timestreet.eu\/"]}]}},"_links":{"self":[{"href":"https:\/\/timestreet.eu\/pt-pt\/wp-json\/wp\/v2\/pages\/1260","targetHints":{"allow":["GET"]}}],"collection":[{"href":"https:\/\/timestreet.eu\/pt-pt\/wp-json\/wp\/v2\/pages"}],"about":[{"href":"https:\/\/timestreet.eu\/pt-pt\/wp-json\/wp\/v2\/types\/page"}],"author":[{"embeddable":true,"href":"https:\/\/timestreet.eu\/pt-pt\/wp-json\/wp\/v2\/users\/1"}],"replies":[{"embeddable":true,"href":"https:\/\/timestreet.eu\/pt-pt\/wp-json\/wp\/v2\/comments?post=1260"}],"version-history":[{"count":4,"href":"https:\/\/timestreet.eu\/pt-pt\/wp-json\/wp\/v2\/pages\/1260\/revisions"}],"predecessor-version":[{"id":2141,"href":"https:\/\/timestreet.eu\/pt-pt\/wp-json\/wp\/v2\/pages\/1260\/revisions\/2141"}],"up":[{"embeddable":true,"href":"https:\/\/timestreet.eu\/pt-pt\/wp-json\/wp\/v2\/pages\/1378"}],"wp:attachment":[{"href":"https:\/\/timestreet.eu\/pt-pt\/wp-json\/wp\/v2\/media?parent=1260"}],"curies":[{"name":"wp","href":"https:\/\/api.w.org\/{rel}","templated":true}]}}