{"id":1263,"date":"2024-12-29T09:52:50","date_gmt":"2024-12-29T09:52:50","guid":{"rendered":"https:\/\/timestreet.eu\/os-cais-do-sena\/"},"modified":"2025-01-26T18:56:04","modified_gmt":"2025-01-26T18:56:04","slug":"os-cais-do-sena","status":"publish","type":"page","link":"https:\/\/timestreet.eu\/pt-pt\/passeios-guiados-em-paris\/os-cais-do-sena\/","title":{"rendered":"Os cais do Sena"},"content":{"rendered":"<div class=\"wpb-content-wrapper\"><p>[vc_row][vc_column width=&#8221;1\/4&#8243;][vc_column_text css=&#8221;&#8221; el_class=&#8221;walks&#8221;]O Sena \u00e9 desde h\u00e1 muito o cora\u00e7\u00e3o pulsante da cidade, com alguns dos mais belos monumentos da capital constru\u00eddos ao longo das suas margens. Escolhe esta rota e descobre Paris sob uma luz diferente: a sua hist\u00f3ria, mas tamb\u00e9m a vida vibrante dos cais, um local de encontro popular para os parisienses.[\/vc_column_text][\/vc_column][vc_column width=&#8221;1\/4&#8243;][vc_single_image image=&#8221;801&#8243; img_size=&#8221;large&#8221; alignment=&#8221;center&#8221; css=&#8221;&#8221;][\/vc_column][vc_column width=&#8221;1\/4&#8243;][vc_single_image image=&#8221;807&#8243; img_size=&#8221;large&#8221; alignment=&#8221;center&#8221; css=&#8221;&#8221;][\/vc_column][vc_column width=&#8221;1\/4&#8243;][vc_single_image image=&#8221;813&#8243; img_size=&#8221;large&#8221; alignment=&#8221;center&#8221; css=&#8221;&#8221;][\/vc_column][\/vc_row]<\/p>\n<\/div>","protected":false},"excerpt":{"rendered":"<p>[vc_row][vc_column width=&#8221;1\/4&#8243;][vc_column_text css=&#8221;&#8221; el_class=&#8221;walks&#8221;]O Sena \u00e9 desde h\u00e1 muito o cora\u00e7\u00e3o pulsante da cidade, com alguns dos mais belos monumentos da capital constru\u00eddos ao longo das suas margens. Escolhe esta rota e descobre Paris sob [&hellip;]<\/p>\n","protected":false},"author":1,"featured_media":0,"parent":1378,"menu_order":0,"comment_status":"closed","ping_status":"closed","template":"","meta":{"footnotes":""},"class_list":["post-1263","page","type-page","status-publish","hentry"],"yoast_head":"<!-- This site is optimized with the Yoast SEO Premium plugin v26.4 (Yoast SEO v27.5) - https:\/\/yoast.com\/product\/yoast-seo-premium-wordpress\/ -->\n<title>TimeStreet | Vive a vida parisiense nos cais do Sena com passeios guiados<\/title>\n<meta name=\"description\" content=\"Explora a beleza de Paris com um passeio guiado ao longo dos cais do Sena. Descobre a hist\u00f3ria e a vida vibrante deste rio emblem\u00e1tico.\" \/>\n<meta name=\"robots\" content=\"index, follow, max-snippet:-1, max-image-preview:large, max-video-preview:-1\" \/>\n<link rel=\"canonical\" href=\"https:\/\/timestreet.eu\/pt-pt\/passeios-guiados-em-paris\/os-cais-do-sena\/\" \/>\n<meta property=\"og:locale\" content=\"pt_PT\" \/>\n<meta property=\"og:type\" content=\"article\" \/>\n<meta property=\"og:title\" content=\"Os cais do Sena\" \/>\n<meta property=\"og:description\" content=\"Explora a beleza de Paris com um passeio guiado ao longo dos cais do Sena. Descobre a hist\u00f3ria e a vida vibrante deste rio emblem\u00e1tico.\" \/>\n<meta property=\"og:url\" content=\"https:\/\/timestreet.eu\/pt-pt\/passeios-guiados-em-paris\/os-cais-do-sena\/\" \/>\n<meta property=\"og:site_name\" content=\"TimeStreet\" \/>\n<meta property=\"article:modified_time\" content=\"2025-01-26T18:56:04+00:00\" \/>\n<meta name=\"twitter:card\" content=\"summary_large_image\" \/>\n<meta name=\"twitter:label1\" content=\"Tempo estimado de leitura\" \/>\n\t<meta name=\"twitter:data1\" content=\"1 minuto\" \/>\n<script type=\"application\/ld+json\" class=\"yoast-schema-graph\">{\"@context\":\"https:\\\/\\\/schema.org\",\"@graph\":[{\"@type\":\"WebPage\",\"@id\":\"https:\\\/\\\/timestreet.eu\\\/pt-pt\\\/passeios-guiados-em-paris\\\/os-cais-do-sena\\\/\",\"url\":\"https:\\\/\\\/timestreet.eu\\\/pt-pt\\\/passeios-guiados-em-paris\\\/os-cais-do-sena\\\/\",\"name\":\"TimeStreet | Vive a vida parisiense nos cais do Sena com passeios guiados\",\"isPartOf\":{\"@id\":\"https:\\\/\\\/timestreet.eu\\\/pt-pt\\\/#website\"},\"datePublished\":\"2024-12-29T09:52:50+00:00\",\"dateModified\":\"2025-01-26T18:56:04+00:00\",\"description\":\"Explora a beleza de Paris com um passeio guiado ao longo dos cais do Sena. Descobre a hist\u00f3ria e a vida vibrante deste rio emblem\u00e1tico.\",\"breadcrumb\":{\"@id\":\"https:\\\/\\\/timestreet.eu\\\/pt-pt\\\/passeios-guiados-em-paris\\\/os-cais-do-sena\\\/#breadcrumb\"},\"inLanguage\":\"pt-PT\",\"potentialAction\":[{\"@type\":\"ReadAction\",\"target\":[\"https:\\\/\\\/timestreet.eu\\\/pt-pt\\\/passeios-guiados-em-paris\\\/os-cais-do-sena\\\/\"]}]},{\"@type\":\"BreadcrumbList\",\"@id\":\"https:\\\/\\\/timestreet.eu\\\/pt-pt\\\/passeios-guiados-em-paris\\\/os-cais-do-sena\\\/#breadcrumb\",\"itemListElement\":[{\"@type\":\"ListItem\",\"position\":1,\"name\":\"Home\",\"item\":\"https:\\\/\\\/timestreet.eu\\\/pt-pt\\\/\"},{\"@type\":\"ListItem\",\"position\":2,\"name\":\"Passeios guiados em Paris\",\"item\":\"https:\\\/\\\/timestreet.eu\\\/pt-pt\\\/passeios-guiados-em-paris\\\/\"},{\"@type\":\"ListItem\",\"position\":3,\"name\":\"Os cais do Sena\"}]},{\"@type\":\"WebSite\",\"@id\":\"https:\\\/\\\/timestreet.eu\\\/pt-pt\\\/#website\",\"url\":\"https:\\\/\\\/timestreet.eu\\\/pt-pt\\\/\",\"name\":\"TimeStreet App\",\"description\":\"Historical Travel Guide\",\"publisher\":{\"@id\":\"https:\\\/\\\/timestreet.eu\\\/pt-pt\\\/#organization\"},\"alternateName\":\"TimeStreet\",\"potentialAction\":[{\"@type\":\"SearchAction\",\"target\":{\"@type\":\"EntryPoint\",\"urlTemplate\":\"https:\\\/\\\/timestreet.eu\\\/pt-pt\\\/?s={search_term_string}\"},\"query-input\":{\"@type\":\"PropertyValueSpecification\",\"valueRequired\":true,\"valueName\":\"search_term_string\"}}],\"inLanguage\":\"pt-PT\"},{\"@type\":\"Organization\",\"@id\":\"https:\\\/\\\/timestreet.eu\\\/pt-pt\\\/#organization\",\"name\":\"TimeStreet\",\"url\":\"https:\\\/\\\/timestreet.eu\\\/pt-pt\\\/\",\"logo\":{\"@type\":\"ImageObject\",\"inLanguage\":\"pt-PT\",\"@id\":\"https:\\\/\\\/timestreet.eu\\\/pt-pt\\\/#\\\/schema\\\/logo\\\/image\\\/\",\"url\":\"https:\\\/\\\/timestreet.eu\\\/wp-content\\\/uploads\\\/2024\\\/08\\\/timestreet-logo-terracotta-512-x-512.png\",\"contentUrl\":\"https:\\\/\\\/timestreet.eu\\\/wp-content\\\/uploads\\\/2024\\\/08\\\/timestreet-logo-terracotta-512-x-512.png\",\"width\":2085,\"height\":2084,\"caption\":\"TimeStreet\"},\"image\":{\"@id\":\"https:\\\/\\\/timestreet.eu\\\/pt-pt\\\/#\\\/schema\\\/logo\\\/image\\\/\"},\"sameAs\":[\"https:\\\/\\\/www.instagram.com\\\/timestreet.eu\\\/\"]}]}<\/script>\n<!-- \/ Yoast SEO Premium plugin. -->","yoast_head_json":{"title":"TimeStreet | Vive a vida parisiense nos cais do Sena com passeios guiados","description":"Explora a beleza de Paris com um passeio guiado ao longo dos cais do Sena. Descobre a hist\u00f3ria e a vida vibrante deste rio emblem\u00e1tico.","robots":{"index":"index","follow":"follow","max-snippet":"max-snippet:-1","max-image-preview":"max-image-preview:large","max-video-preview":"max-video-preview:-1"},"canonical":"https:\/\/timestreet.eu\/pt-pt\/passeios-guiados-em-paris\/os-cais-do-sena\/","og_locale":"pt_PT","og_type":"article","og_title":"Os cais do Sena","og_description":"Explora a beleza de Paris com um passeio guiado ao longo dos cais do Sena. Descobre a hist\u00f3ria e a vida vibrante deste rio emblem\u00e1tico.","og_url":"https:\/\/timestreet.eu\/pt-pt\/passeios-guiados-em-paris\/os-cais-do-sena\/","og_site_name":"TimeStreet","article_modified_time":"2025-01-26T18:56:04+00:00","twitter_card":"summary_large_image","twitter_misc":{"Tempo estimado de leitura":"1 minuto"},"schema":{"@context":"https:\/\/schema.org","@graph":[{"@type":"WebPage","@id":"https:\/\/timestreet.eu\/pt-pt\/passeios-guiados-em-paris\/os-cais-do-sena\/","url":"https:\/\/timestreet.eu\/pt-pt\/passeios-guiados-em-paris\/os-cais-do-sena\/","name":"TimeStreet | Vive a vida parisiense nos cais do Sena com passeios guiados","isPartOf":{"@id":"https:\/\/timestreet.eu\/pt-pt\/#website"},"datePublished":"2024-12-29T09:52:50+00:00","dateModified":"2025-01-26T18:56:04+00:00","description":"Explora a beleza de Paris com um passeio guiado ao longo dos cais do Sena. Descobre a hist\u00f3ria e a vida vibrante deste rio emblem\u00e1tico.","breadcrumb":{"@id":"https:\/\/timestreet.eu\/pt-pt\/passeios-guiados-em-paris\/os-cais-do-sena\/#breadcrumb"},"inLanguage":"pt-PT","potentialAction":[{"@type":"ReadAction","target":["https:\/\/timestreet.eu\/pt-pt\/passeios-guiados-em-paris\/os-cais-do-sena\/"]}]},{"@type":"BreadcrumbList","@id":"https:\/\/timestreet.eu\/pt-pt\/passeios-guiados-em-paris\/os-cais-do-sena\/#breadcrumb","itemListElement":[{"@type":"ListItem","position":1,"name":"Home","item":"https:\/\/timestreet.eu\/pt-pt\/"},{"@type":"ListItem","position":2,"name":"Passeios guiados em Paris","item":"https:\/\/timestreet.eu\/pt-pt\/passeios-guiados-em-paris\/"},{"@type":"ListItem","position":3,"name":"Os cais do Sena"}]},{"@type":"WebSite","@id":"https:\/\/timestreet.eu\/pt-pt\/#website","url":"https:\/\/timestreet.eu\/pt-pt\/","name":"TimeStreet App","description":"Historical Travel Guide","publisher":{"@id":"https:\/\/timestreet.eu\/pt-pt\/#organization"},"alternateName":"TimeStreet","potentialAction":[{"@type":"SearchAction","target":{"@type":"EntryPoint","urlTemplate":"https:\/\/timestreet.eu\/pt-pt\/?s={search_term_string}"},"query-input":{"@type":"PropertyValueSpecification","valueRequired":true,"valueName":"search_term_string"}}],"inLanguage":"pt-PT"},{"@type":"Organization","@id":"https:\/\/timestreet.eu\/pt-pt\/#organization","name":"TimeStreet","url":"https:\/\/timestreet.eu\/pt-pt\/","logo":{"@type":"ImageObject","inLanguage":"pt-PT","@id":"https:\/\/timestreet.eu\/pt-pt\/#\/schema\/logo\/image\/","url":"https:\/\/timestreet.eu\/wp-content\/uploads\/2024\/08\/timestreet-logo-terracotta-512-x-512.png","contentUrl":"https:\/\/timestreet.eu\/wp-content\/uploads\/2024\/08\/timestreet-logo-terracotta-512-x-512.png","width":2085,"height":2084,"caption":"TimeStreet"},"image":{"@id":"https:\/\/timestreet.eu\/pt-pt\/#\/schema\/logo\/image\/"},"sameAs":["https:\/\/www.instagram.com\/timestreet.eu\/"]}]}},"_links":{"self":[{"href":"https:\/\/timestreet.eu\/pt-pt\/wp-json\/wp\/v2\/pages\/1263","targetHints":{"allow":["GET"]}}],"collection":[{"href":"https:\/\/timestreet.eu\/pt-pt\/wp-json\/wp\/v2\/pages"}],"about":[{"href":"https:\/\/timestreet.eu\/pt-pt\/wp-json\/wp\/v2\/types\/page"}],"author":[{"embeddable":true,"href":"https:\/\/timestreet.eu\/pt-pt\/wp-json\/wp\/v2\/users\/1"}],"replies":[{"embeddable":true,"href":"https:\/\/timestreet.eu\/pt-pt\/wp-json\/wp\/v2\/comments?post=1263"}],"version-history":[{"count":4,"href":"https:\/\/timestreet.eu\/pt-pt\/wp-json\/wp\/v2\/pages\/1263\/revisions"}],"predecessor-version":[{"id":2151,"href":"https:\/\/timestreet.eu\/pt-pt\/wp-json\/wp\/v2\/pages\/1263\/revisions\/2151"}],"up":[{"embeddable":true,"href":"https:\/\/timestreet.eu\/pt-pt\/wp-json\/wp\/v2\/pages\/1378"}],"wp:attachment":[{"href":"https:\/\/timestreet.eu\/pt-pt\/wp-json\/wp\/v2\/media?parent=1263"}],"curies":[{"name":"wp","href":"https:\/\/api.w.org\/{rel}","templated":true}]}}