{"id":1378,"date":"2024-12-25T21:34:26","date_gmt":"2024-12-25T21:34:26","guid":{"rendered":"https:\/\/timestreet.eu\/passeios-guiados-em-paris\/"},"modified":"2025-01-26T18:55:12","modified_gmt":"2025-01-26T18:55:12","slug":"passeios-guiados-em-paris","status":"publish","type":"page","link":"https:\/\/timestreet.eu\/pt-pt\/passeios-guiados-em-paris\/","title":{"rendered":"Passeios guiados em Paris"},"content":{"rendered":"<div class=\"wpb-content-wrapper\"><p>[vc_row][vc_column width=&#8221;2\/3&#8243;][vc_column_text css=&#8221;&#8221; el_class=&#8221;general&#8221;]Descobre a hist\u00f3ria, a cultura e os destaques \u00fanicos de Paris com os passeios guiados do TimeStreet. Em cada viagem, n\u00e3o s\u00f3 visitar\u00e1s os marcos mais emblem\u00e1ticos da cidade, como tamb\u00e9m explorar\u00e1s os seus tesouros escondidos, descobrindo hist\u00f3rias fascinantes que ligam o seu passado ao seu presente. Quer estejas a visitar pela primeira vez ou a regressar para uma nova perspetiva, os nossos passeios guiados tornam f\u00e1cil e agrad\u00e1vel a experi\u00eancia do melhor de Paris.  <\/p>\n<h4>Explora estes passeios \u00fanicos:<\/h4>\n<ul>\n<li><strong>O cora\u00e7\u00e3o hist\u00f3rico de Paris<\/strong>: Mergulha nas origens de Paris, explorando as suas ra\u00edzes medievais e o seu encanto intemporal.<\/li>\n<li><strong>O espa\u00e7o do Louvre<\/strong>: Descobre as hist\u00f3rias que rodeiam um dos museus mais famosos do mundo e os seus magn\u00edficos arredores.<\/li>\n<li><strong>Os cais do Sena<\/strong>: Passeia ao longo do pitoresco rio Sena e admira a beleza de Paris a partir das suas ic\u00f3nicas margens.<\/li>\n<li><strong>O Bairro Latino<\/strong>: Experimenta a atmosfera animada deste bairro estudantil hist\u00f3rico, repleto de marcos culturais e de uma hist\u00f3ria vibrante.<\/li>\n<li><strong>O Rendez-vous dos Escritores<\/strong>: Segue os passos de grandes nomes da literatura que encontraram inspira\u00e7\u00e3o nas ruas e caf\u00e9s de Paris.<\/li>\n<li><strong>O Bairro do Marais<\/strong>: Descobre uma mistura \u00fanica de hist\u00f3ria e modernidade neste bairro encantador e na moda.<\/li>\n<li><strong>Paris Centre &#8211; Margem direita<\/strong>: Explora a eleg\u00e2ncia e a grandeza da agitada margem direita de Paris.<\/li>\n<li><strong>Paris Centre &#8211; Margem esquerda<\/strong>: Passeia pelo lado art\u00edstico e bo\u00e9mio de Paris na margem esquerda.<\/li>\n<\/ul>\n<p>Desbloqueia a experi\u00eancia completa de caminhar em Paris e tem acesso a todos estes passeios com a aplica\u00e7\u00e3o![\/vc_column_text][\/vc_column][vc_column width=&#8221;1\/3&#8243;][vc_single_image image=&#8221;758&#8243; img_size=&#8221;large&#8221; alignment=&#8221;center&#8221; css=&#8221;&#8221;][\/vc_column][\/vc_row]<\/p>\n<\/div>","protected":false},"excerpt":{"rendered":"<p>[vc_row][vc_column width=&#8221;2\/3&#8243;][vc_column_text css=&#8221;&#8221; el_class=&#8221;general&#8221;]Descobre a hist\u00f3ria, a cultura e os destaques \u00fanicos de Paris com os passeios guiados do TimeStreet. Em cada viagem, n\u00e3o s\u00f3 visitar\u00e1s os marcos mais emblem\u00e1ticos da cidade, como tamb\u00e9m explorar\u00e1s [&hellip;]<\/p>\n","protected":false},"author":1,"featured_media":0,"parent":0,"menu_order":0,"comment_status":"closed","ping_status":"closed","template":"","meta":{"footnotes":""},"class_list":["post-1378","page","type-page","status-publish","hentry"],"yoast_head":"<!-- This site is optimized with the Yoast SEO Premium plugin v26.4 (Yoast SEO v27.5) - https:\/\/yoast.com\/product\/yoast-seo-premium-wordpress\/ -->\n<title>TimeStreet | Descobre os pontos altos de Paris com passeios guiados<\/title>\n<meta name=\"description\" content=\"Experimenta a magia de Paris com os passeios guiados do TimeStreet. Descobre a hist\u00f3ria, a cultura e os marcos ic\u00f3nicos da cidade.\" \/>\n<meta name=\"robots\" content=\"index, follow, max-snippet:-1, max-image-preview:large, max-video-preview:-1\" \/>\n<link rel=\"canonical\" href=\"https:\/\/timestreet.eu\/pt-pt\/passeios-guiados-em-paris\/\" \/>\n<meta property=\"og:locale\" content=\"pt_PT\" \/>\n<meta property=\"og:type\" content=\"article\" \/>\n<meta property=\"og:title\" content=\"Passeios guiados em Paris\" \/>\n<meta property=\"og:description\" content=\"Experimenta a magia de Paris com os passeios guiados do TimeStreet. Descobre a hist\u00f3ria, a cultura e os marcos ic\u00f3nicos da cidade.\" \/>\n<meta property=\"og:url\" content=\"https:\/\/timestreet.eu\/pt-pt\/passeios-guiados-em-paris\/\" \/>\n<meta property=\"og:site_name\" content=\"TimeStreet\" \/>\n<meta property=\"article:modified_time\" content=\"2025-01-26T18:55:12+00:00\" \/>\n<meta name=\"twitter:card\" content=\"summary_large_image\" \/>\n<meta name=\"twitter:label1\" content=\"Tempo estimado de leitura\" \/>\n\t<meta name=\"twitter:data1\" content=\"2 minutos\" \/>\n<script type=\"application\/ld+json\" class=\"yoast-schema-graph\">{\"@context\":\"https:\\\/\\\/schema.org\",\"@graph\":[{\"@type\":\"WebPage\",\"@id\":\"https:\\\/\\\/timestreet.eu\\\/pt-pt\\\/passeios-guiados-em-paris\\\/\",\"url\":\"https:\\\/\\\/timestreet.eu\\\/pt-pt\\\/passeios-guiados-em-paris\\\/\",\"name\":\"TimeStreet | Descobre os pontos altos de Paris com passeios guiados\",\"isPartOf\":{\"@id\":\"https:\\\/\\\/timestreet.eu\\\/pt-pt\\\/#website\"},\"datePublished\":\"2024-12-25T21:34:26+00:00\",\"dateModified\":\"2025-01-26T18:55:12+00:00\",\"description\":\"Experimenta a magia de Paris com os passeios guiados do TimeStreet. Descobre a hist\u00f3ria, a cultura e os marcos ic\u00f3nicos da cidade.\",\"breadcrumb\":{\"@id\":\"https:\\\/\\\/timestreet.eu\\\/pt-pt\\\/passeios-guiados-em-paris\\\/#breadcrumb\"},\"inLanguage\":\"pt-PT\",\"potentialAction\":[{\"@type\":\"ReadAction\",\"target\":[\"https:\\\/\\\/timestreet.eu\\\/pt-pt\\\/passeios-guiados-em-paris\\\/\"]}]},{\"@type\":\"BreadcrumbList\",\"@id\":\"https:\\\/\\\/timestreet.eu\\\/pt-pt\\\/passeios-guiados-em-paris\\\/#breadcrumb\",\"itemListElement\":[{\"@type\":\"ListItem\",\"position\":1,\"name\":\"Home\",\"item\":\"https:\\\/\\\/timestreet.eu\\\/pt-pt\\\/\"},{\"@type\":\"ListItem\",\"position\":2,\"name\":\"Passeios guiados em Paris\"}]},{\"@type\":\"WebSite\",\"@id\":\"https:\\\/\\\/timestreet.eu\\\/pt-pt\\\/#website\",\"url\":\"https:\\\/\\\/timestreet.eu\\\/pt-pt\\\/\",\"name\":\"TimeStreet App\",\"description\":\"Historical Travel Guide\",\"publisher\":{\"@id\":\"https:\\\/\\\/timestreet.eu\\\/pt-pt\\\/#organization\"},\"alternateName\":\"TimeStreet\",\"potentialAction\":[{\"@type\":\"SearchAction\",\"target\":{\"@type\":\"EntryPoint\",\"urlTemplate\":\"https:\\\/\\\/timestreet.eu\\\/pt-pt\\\/?s={search_term_string}\"},\"query-input\":{\"@type\":\"PropertyValueSpecification\",\"valueRequired\":true,\"valueName\":\"search_term_string\"}}],\"inLanguage\":\"pt-PT\"},{\"@type\":\"Organization\",\"@id\":\"https:\\\/\\\/timestreet.eu\\\/pt-pt\\\/#organization\",\"name\":\"TimeStreet\",\"url\":\"https:\\\/\\\/timestreet.eu\\\/pt-pt\\\/\",\"logo\":{\"@type\":\"ImageObject\",\"inLanguage\":\"pt-PT\",\"@id\":\"https:\\\/\\\/timestreet.eu\\\/pt-pt\\\/#\\\/schema\\\/logo\\\/image\\\/\",\"url\":\"https:\\\/\\\/timestreet.eu\\\/wp-content\\\/uploads\\\/2024\\\/08\\\/timestreet-logo-terracotta-512-x-512.png\",\"contentUrl\":\"https:\\\/\\\/timestreet.eu\\\/wp-content\\\/uploads\\\/2024\\\/08\\\/timestreet-logo-terracotta-512-x-512.png\",\"width\":2085,\"height\":2084,\"caption\":\"TimeStreet\"},\"image\":{\"@id\":\"https:\\\/\\\/timestreet.eu\\\/pt-pt\\\/#\\\/schema\\\/logo\\\/image\\\/\"},\"sameAs\":[\"https:\\\/\\\/www.instagram.com\\\/timestreet.eu\\\/\"]}]}<\/script>\n<!-- \/ Yoast SEO Premium plugin. -->","yoast_head_json":{"title":"TimeStreet | Descobre os pontos altos de Paris com passeios guiados","description":"Experimenta a magia de Paris com os passeios guiados do TimeStreet. Descobre a hist\u00f3ria, a cultura e os marcos ic\u00f3nicos da cidade.","robots":{"index":"index","follow":"follow","max-snippet":"max-snippet:-1","max-image-preview":"max-image-preview:large","max-video-preview":"max-video-preview:-1"},"canonical":"https:\/\/timestreet.eu\/pt-pt\/passeios-guiados-em-paris\/","og_locale":"pt_PT","og_type":"article","og_title":"Passeios guiados em Paris","og_description":"Experimenta a magia de Paris com os passeios guiados do TimeStreet. Descobre a hist\u00f3ria, a cultura e os marcos ic\u00f3nicos da cidade.","og_url":"https:\/\/timestreet.eu\/pt-pt\/passeios-guiados-em-paris\/","og_site_name":"TimeStreet","article_modified_time":"2025-01-26T18:55:12+00:00","twitter_card":"summary_large_image","twitter_misc":{"Tempo estimado de leitura":"2 minutos"},"schema":{"@context":"https:\/\/schema.org","@graph":[{"@type":"WebPage","@id":"https:\/\/timestreet.eu\/pt-pt\/passeios-guiados-em-paris\/","url":"https:\/\/timestreet.eu\/pt-pt\/passeios-guiados-em-paris\/","name":"TimeStreet | Descobre os pontos altos de Paris com passeios guiados","isPartOf":{"@id":"https:\/\/timestreet.eu\/pt-pt\/#website"},"datePublished":"2024-12-25T21:34:26+00:00","dateModified":"2025-01-26T18:55:12+00:00","description":"Experimenta a magia de Paris com os passeios guiados do TimeStreet. Descobre a hist\u00f3ria, a cultura e os marcos ic\u00f3nicos da cidade.","breadcrumb":{"@id":"https:\/\/timestreet.eu\/pt-pt\/passeios-guiados-em-paris\/#breadcrumb"},"inLanguage":"pt-PT","potentialAction":[{"@type":"ReadAction","target":["https:\/\/timestreet.eu\/pt-pt\/passeios-guiados-em-paris\/"]}]},{"@type":"BreadcrumbList","@id":"https:\/\/timestreet.eu\/pt-pt\/passeios-guiados-em-paris\/#breadcrumb","itemListElement":[{"@type":"ListItem","position":1,"name":"Home","item":"https:\/\/timestreet.eu\/pt-pt\/"},{"@type":"ListItem","position":2,"name":"Passeios guiados em Paris"}]},{"@type":"WebSite","@id":"https:\/\/timestreet.eu\/pt-pt\/#website","url":"https:\/\/timestreet.eu\/pt-pt\/","name":"TimeStreet App","description":"Historical Travel Guide","publisher":{"@id":"https:\/\/timestreet.eu\/pt-pt\/#organization"},"alternateName":"TimeStreet","potentialAction":[{"@type":"SearchAction","target":{"@type":"EntryPoint","urlTemplate":"https:\/\/timestreet.eu\/pt-pt\/?s={search_term_string}"},"query-input":{"@type":"PropertyValueSpecification","valueRequired":true,"valueName":"search_term_string"}}],"inLanguage":"pt-PT"},{"@type":"Organization","@id":"https:\/\/timestreet.eu\/pt-pt\/#organization","name":"TimeStreet","url":"https:\/\/timestreet.eu\/pt-pt\/","logo":{"@type":"ImageObject","inLanguage":"pt-PT","@id":"https:\/\/timestreet.eu\/pt-pt\/#\/schema\/logo\/image\/","url":"https:\/\/timestreet.eu\/wp-content\/uploads\/2024\/08\/timestreet-logo-terracotta-512-x-512.png","contentUrl":"https:\/\/timestreet.eu\/wp-content\/uploads\/2024\/08\/timestreet-logo-terracotta-512-x-512.png","width":2085,"height":2084,"caption":"TimeStreet"},"image":{"@id":"https:\/\/timestreet.eu\/pt-pt\/#\/schema\/logo\/image\/"},"sameAs":["https:\/\/www.instagram.com\/timestreet.eu\/"]}]}},"_links":{"self":[{"href":"https:\/\/timestreet.eu\/pt-pt\/wp-json\/wp\/v2\/pages\/1378","targetHints":{"allow":["GET"]}}],"collection":[{"href":"https:\/\/timestreet.eu\/pt-pt\/wp-json\/wp\/v2\/pages"}],"about":[{"href":"https:\/\/timestreet.eu\/pt-pt\/wp-json\/wp\/v2\/types\/page"}],"author":[{"embeddable":true,"href":"https:\/\/timestreet.eu\/pt-pt\/wp-json\/wp\/v2\/users\/1"}],"replies":[{"embeddable":true,"href":"https:\/\/timestreet.eu\/pt-pt\/wp-json\/wp\/v2\/comments?post=1378"}],"version-history":[{"count":4,"href":"https:\/\/timestreet.eu\/pt-pt\/wp-json\/wp\/v2\/pages\/1378\/revisions"}],"predecessor-version":[{"id":2128,"href":"https:\/\/timestreet.eu\/pt-pt\/wp-json\/wp\/v2\/pages\/1378\/revisions\/2128"}],"wp:attachment":[{"href":"https:\/\/timestreet.eu\/pt-pt\/wp-json\/wp\/v2\/media?parent=1378"}],"curies":[{"name":"wp","href":"https:\/\/api.w.org\/{rel}","templated":true}]}}